{"id":866,"date":"2017-05-11T09:34:45","date_gmt":"2017-05-11T09:34:45","guid":{"rendered":"http:\/\/www.azurtraduction.com\/sample-page\/"},"modified":"2022-11-18T15:37:36","modified_gmt":"2022-11-18T14:37:36","slug":"empfangseite","status":"publish","type":"page","link":"https:\/\/www.azurtraduction.com\/de\/","title":{"rendered":"Empfangseite"},"content":{"rendered":"[vc_row visibility=&#8220;hidden-sm&#8220; css=&#8220;.vc_custom_1584972081708{margin-top: 50px !important;background-position: center !important;background-repeat: no-repeat !important;background-size: cover !important;}&#8220;][vc_column width=&#8220;1\/2&#8243;][vc_custom_heading text=&#8220;Ihre \u00dcbersetzungsagentur auf Augenh\u00f6he.&#8220; font_container=&#8220;tag:h1|font_size:40px|text_align:left|color:%2311c8f4&#8243; google_fonts=&#8220;font_family:Roboto%3A100%2C100italic%2C300%2C300italic%2Cregular%2Citalic%2C500%2C500italic%2C700%2C700italic%2C900%2C900italic|font_style:700%20bold%20regular%3A700%3Anormal&#8220;][vc_column_text]Die Agentur AZUR TRADUCTION hat ihren Sitz im Stadtzentrum von Nizza; sie bietet ihre Sprachdienstleistungen sowohl f\u00fcr Unternehmen als auch f\u00fcr Privatkunden an.\u2028Unsere Kompetenzen erstrecken sich \u00fcber zahlreiche Fachbereiche. Ein weltweites Netz von Mitarbeitern versetzt uns in die Lage, \u00dcbersetzungen f\u00fcr alle g\u00e4ngigen europ\u00e4ischen Sprachen zu liefern (Deutsch, Englisch, Spanisch, Franz\u00f6sisch, Griechisch, Italienisch, Portugiesisch, Schwedisch\u2026), und dar\u00fcber hinaus auch f\u00fcr \u201eexotischere\u201c Sprachen (Arabisch, Chinesisch, Japanisch, Russisch\u2026)[\/vc_column_text][\/vc_column][vc_column width=&#8220;1\/2&#8243;][vc_video link=&#8220;https:\/\/youtu.be\/diafyY_TvHE&#8220;][\/vc_column][\/vc_row][vc_row css=&#8220;.vc_custom_1512245540788{padding-top: 50px !important;}&#8220; id=&#8220;unsereservice&#8220;][vc_column][mk_ornamental_title font_family=&#8220;none&#8220; font_size=&#8220;20&#8243; font_weight=&#8220;bold&#8220; font_style=&#8220;normal&#8220; txt_transform=&#8220;capitalize&#8220; ornament_style=&#8220;norman-short-single&#8220; nss_align=&#8220;center&#8220; ornament_color=&#8220;#00a3d1&#8243; animation=&#8220;fade-in&#8220;]UNSERE SERVICE[\/mk_ornamental_title][vc_row_inner is_fullwidth_content=&#8220;false&#8220; column_padding=&#8220;3&#8243;][vc_column_inner width=&#8220;1\/3&#8243; css=&#8220;.vc_custom_1499718461120{margin-bottom: 20px !important;}&#8220;][vc_single_image image=&#8220;1782&#8243; img_size=&#8220;full&#8220; onclick=&#8220;custom_link&#8220; link=&#8220;https:\/\/www.azurtraduction.com\/de\/uebersetzen\/&#8220;][\/vc_column_inner][vc_column_inner width=&#8220;1\/3&#8243; css=&#8220;.vc_custom_1499718466644{margin-bottom: 20px !important;}&#8220;][vc_single_image image=&#8220;1772&#8243; img_size=&#8220;full&#8220; onclick=&#8220;custom_link&#8220; link=&#8220;https:\/\/www.azurtraduction.com\/de\/dolmetschen\/&#8220;][\/vc_column_inner][vc_column_inner width=&#8220;1\/3&#8243;][vc_single_image image=&#8220;1777&#8243; img_size=&#8220;full&#8220; onclick=&#8220;custom_link&#8220; link=&#8220;https:\/\/www.azurtraduction.com\/de\/sprachunterricht\/&#8220;][\/vc_column_inner][\/vc_row_inner][\/vc_column][\/vc_row][vc_row css=&#8220;.vc_custom_1512245555920{margin-top: 50px !important;margin-bottom: 30px !important;}&#8220; id=&#8220;unserewerte&#8220;][vc_column][mk_ornamental_title font_family=&#8220;none&#8220; font_size=&#8220;20&#8243; font_weight=&#8220;bold&#8220; font_style=&#8220;normal&#8220; txt_transform=&#8220;capitalize&#8220; ornament_style=&#8220;norman-short-single&#8220; nss_align=&#8220;center&#8220; ornament_color=&#8220;#00a3d1&#8243; animation=&#8220;fade-in&#8220;]UNSERE WERTE[\/mk_ornamental_title][vc_column_text align=&#8220;center&#8220;]\n<h4 style=\"text-align: center;\">AZUR TRADUCTION bietet seine Sprachdienstleistungen sowohl f\u00fcr Unternehmen als auch f\u00fcr Privatpersonen an.<\/h4>\n<p style=\"text-align: center;\">Unser Netz umfasst etwa einhundert Mitarbeiter \u00fcberall in der Welt; dies erm\u00f6glicht uns \u00dcbersetzungen in alle g\u00e4ngigen europ\u00e4ischen Sprachen (Deutsch, Englisch, Franz\u00f6sisch, Griechisch Italienisch, Spanisch, Portugiesisch, Schwedisch \u2026), aber auch in etwas \u201eexotischere\u201c Sprachen (Arabisch, Chinesisch, Japanisch , Russisch, \u2026).<\/p>\n[\/vc_column_text][\/vc_column][\/vc_row][vc_row css=&#8220;.vc_custom_1498484523960{margin-bottom: 60px !important;}&#8220;][vc_column width=&#8220;1\/3&#8243;][mk_ornamental_title font_family=&#8220;none&#8220; font_size=&#8220;20&#8243; font_weight=&#8220;bold&#8220; font_style=&#8220;normal&#8220; txt_transform=&#8220;uppercase&#8220; ornament_style=&#8220;lemo-single&#8220; nss_align=&#8220;right&#8220; ornament_color=&#8220;#00a3d1&#8243; margin_top=&#8220;10&#8243; margin_bottom=&#8220;10&#8243; animation=&#8220;fade-in&#8220;]Vertraulichkeit[\/mk_ornamental_title][vc_column_text align=&#8220;right&#8220; animation=&#8220;top-to-bottom&#8220; el_class=&#8220;p2&#8243;]\n<div style=\"float: right;\">AZUR TRADUCTION garantiert die Wahrung absoluter Vertraulichkeit im Umgang mit den Dokumenten, die der Kunde der Agentur anvertraut.<\/div>\n[\/vc_column_text][vc_empty_space height=&#8220;20px&#8220;][mk_ornamental_title font_family=&#8220;none&#8220; font_size=&#8220;20&#8243; font_weight=&#8220;bold&#8220; font_style=&#8220;normal&#8220; txt_transform=&#8220;uppercase&#8220; ornament_style=&#8220;lemo-single&#8220; nss_align=&#8220;right&#8220; ornament_color=&#8220;#00a3d1&#8243; margin_top=&#8220;10&#8243; margin_bottom=&#8220;10&#8243; animation=&#8220;fade-in&#8220;]Ein verantwortlicher Projektleiter[\/mk_ornamental_title][vc_column_text align=&#8220;right&#8220; animation=&#8220;top-to-bottom&#8220; el_class=&#8220;p2&#8243;]\n<div style=\"float: right;\">F\u00fcr jeden Auftrag wird ein Projektleiter benannt, der die Verantwortung f\u00fcr das betreffende Projekt tr\u00e4gt. Er ist auch der Ansprechpartner f\u00fcr den Kunden.<\/div>\n[\/vc_column_text][vc_empty_space height=&#8220;20px&#8220;][mk_ornamental_title font_family=&#8220;none&#8220; font_size=&#8220;20&#8243; font_weight=&#8220;bold&#8220; font_style=&#8220;normal&#8220; txt_transform=&#8220;uppercase&#8220; ornament_style=&#8220;lemo-single&#8220; nss_align=&#8220;right&#8220; ornament_color=&#8220;#00a3d1&#8243; margin_top=&#8220;10&#8243; margin_bottom=&#8220;10&#8243; animation=&#8220;fade-in&#8220;]Einhaltung der Termine[\/mk_ornamental_title][vc_column_text align=&#8220;right&#8220; animation=&#8220;top-to-bottom&#8220; el_class=&#8220;p2&#8243;]\n<div style=\"float: right;\">AZUR TRADUCTION verpflichtet sich, die in dem Ihnen \u00fcbermittelten Kostenvoranschlag angegebenen Termine einzuhalten.<br \/>\nAls gewerblich t\u00e4tige Agentur versteht AZUR TRADUCTION, dass gewisse Dokumente eine hohe Dringlichkeit haben k\u00f6nnen und bietet, unter bestimmten Bedingungen, besonders kurze Lieferfristen an.<\/div>\n[\/vc_column_text][\/vc_column][vc_column width=&#8220;1\/3&#8243; css=&#8220;.vc_custom_1495008774365{margin-top: 50px !important;}&#8220;][mk_image src=&#8220;https:\/\/www.azurtraduction.com\/wp-content\/uploads\/2017\/05\/nos-valeurs.png&#8220; image_size=&#8220;full&#8220; align=&#8220;center&#8220; margin_bottom=&#8220;50&#8243;][\/vc_column][vc_column width=&#8220;1\/3&#8243;][mk_ornamental_title font_family=&#8220;none&#8220; font_size=&#8220;20&#8243; font_weight=&#8220;bold&#8220; font_style=&#8220;normal&#8220; txt_transform=&#8220;uppercase&#8220; ornament_style=&#8220;lemo-single&#8220; ornament_color=&#8220;#00a3d1&#8243; margin_top=&#8220;10&#8243; margin_bottom=&#8220;10&#8243; animation=&#8220;fade-in&#8220;]Korrekturlesen[\/mk_ornamental_title][vc_column_text animation=&#8220;top-to-bottom&#8220;]\n<div style=\"float: left;\">Jede \u00dcbersetzung wird vom Projektleiter kontrolliert, bevor sie an den Kunden geliefert wird.<\/div>\n[\/vc_column_text][vc_empty_space height=&#8220;20px&#8220;][mk_ornamental_title font_family=&#8220;none&#8220; font_size=&#8220;20&#8243; font_weight=&#8220;bold&#8220; font_style=&#8220;normal&#8220; txt_transform=&#8220;uppercase&#8220; ornament_style=&#8220;lemo-single&#8220; ornament_color=&#8220;#00a3d1&#8243; margin_top=&#8220;10&#8243; margin_bottom=&#8220;10&#8243; animation=&#8220;fade-in&#8220;]Einhaltung der Terminologie[\/mk_ornamental_title][vc_column_text animation=&#8220;top-to-bottom&#8220;]\n<div style=\"float: left;\">Wenn Ihr Unternehmen eine spezifische interne Terminologie pflegt und Sie uns das entsprechende Glossar zur Verf\u00fcgung stellen, gew\u00e4hrleisten wir die Einhaltung dieser Terminologie f\u00fcr Ihre \u00dcbersetzung.<\/div>\n[\/vc_column_text][vc_empty_space height=&#8220;20px&#8220;][mk_ornamental_title font_family=&#8220;none&#8220; font_size=&#8220;20&#8243; font_weight=&#8220;bold&#8220; font_style=&#8220;normal&#8220; txt_transform=&#8220;uppercase&#8220; ornament_style=&#8220;lemo-single&#8220; ornament_color=&#8220;#00a3d1&#8243; margin_top=&#8220;10&#8243; margin_bottom=&#8220;10&#8243; animation=&#8220;fade-in&#8220;]Auswahl der Linguisten[\/mk_ornamental_title][vc_column_text animation=&#8220;top-to-bottom&#8220;]\n<div style=\"float: left;\">Alle unsere \u00dcbersetzer arbeiten ausschlie\u00dflich in der \u00dcbersetzungsrichtung von der Fremdsprache in die Muttersprache. Sie verf\u00fcgen \u00fcber Hochschulabschl\u00fcsse und \u00fcber Fachkompetenz in dem Bereich des jeweiligen Textinhalts. Die Dolmetscher werden ebenfalls streng nach ihrer Sprachbeherrschung (Sprachen A, B, C) und nach ihrer Kompetenz in bestimmten Fachbereichen (ihren Spezialf\u00e4chern) ausgew\u00e4hlt.<\/div>\n[\/vc_column_text][\/vc_column][\/vc_row][vc_row fullwidth=&#8220;true&#8220; fullwidth_content=&#8220;false&#8220; css=&#8220;.vc_custom_1516800966946{padding-top: 100px !important;background-image: url(https:\/\/www.azurtraduction.com\/wp-content\/uploads\/2017\/05\/testimonials-background-azu-traduction.jpg?id=1062) !important;background-position: center !important;background-repeat: no-repeat !important;background-size: cover !important;}&#8220;][vc_column][mk_ornamental_title font_family=&#8220;none&#8220; font_size=&#8220;20&#8243; font_weight=&#8220;bold&#8220; font_style=&#8220;normal&#8220; txt_transform=&#8220;capitalize&#8220; ornament_style=&#8220;norman-short-single&#8220; nss_align=&#8220;center&#8220; ornament_color=&#8220;#00a3d1&#8243; animation=&#8220;fade-in&#8220;]KUNDENBERICHTE[\/mk_ornamental_title][mk_testimonials text_color=&#8220;#444444&#8243; author_color=&#8220;#11c8f4&#8243; skill_color=&#8220;#444444&#8243; font_weight=&#8220;400&#8243; font_style=&#8220;normal&#8220;][\/vc_column][\/vc_row][vc_row fullwidth=&#8220;true&#8220; css=&#8220;.vc_custom_1516800979356{padding-top: 60px !important;padding-bottom: 100px !important;background-image: url(https:\/\/www.azurtraduction.com\/wp-content\/uploads\/2017\/05\/nice-baie-illustration.jpg?id=1304) !important;}&#8220;][vc_column width=&#8220;1\/3&#8243;][mk_chart percent=&#8220;87&#8243; bar_color=&#8220;#11c8f4&#8243; content_type=&#8220;custom_text&#8220; custom_text=&#8220;268&#8243; custom_text_size=&#8220;20&#8243; desc=&#8220;KUNDEN&#8220; desc_text_size=&#8220;20&#8243; desc_color=&#8220;#ffffff&#8220;][\/vc_column][vc_column width=&#8220;1\/3&#8243;][mk_chart percent=&#8220;68&#8243; bar_color=&#8220;#11c8f4&#8243; content_type=&#8220;custom_text&#8220; custom_text=&#8220;1875&#8243; custom_text_size=&#8220;20&#8243; desc=&#8220;PROJEKTE&#8220; desc_text_size=&#8220;20&#8243; desc_color=&#8220;#ffffff&#8220;][\/vc_column][vc_column width=&#8220;1\/3&#8243;][mk_chart percent=&#8220;88&#8243; bar_color=&#8220;#11c8f4&#8243; content_type=&#8220;custom_text&#8220; custom_text=&#8220;37592&#8243; custom_text_size=&#8220;20&#8243; desc=&#8220;E-MAIL&#8220; desc_text_size=&#8220;20&#8243; desc_color=&#8220;#ffffff&#8220;][\/vc_column][\/vc_row][vc_row id=&#8220;contatto&#8220; css=&#8220;.vc_custom_1512236341765{padding-top: 60px !important;}&#8220;][vc_column][mk_ornamental_title font_family=&#8220;none&#8220; font_size=&#8220;20&#8243; font_weight=&#8220;bold&#8220; font_style=&#8220;normal&#8220; txt_transform=&#8220;capitalize&#8220; ornament_style=&#8220;norman-short-single&#8220; nss_align=&#8220;center&#8220; ornament_color=&#8220;#00a3d1&#8243; margin_bottom=&#8220;40&#8243; animation=&#8220;fade-in&#8220;]KONTAKT[\/mk_ornamental_title]\n<div class=\"wpcf7 no-js\" id=\"wpcf7-f940-o1\" lang=\"en-US\" dir=\"ltr\">\n<div class=\"screen-reader-response\"><p role=\"status\" aria-live=\"polite\" aria-atomic=\"true\"><\/p> <ul><\/ul><\/div>\n<form action=\"\/de\/wp-json\/wp\/v2\/pages\/866#wpcf7-f940-o1\" method=\"post\" class=\"wpcf7-form init\" aria-label=\"Contact form\" novalidate=\"novalidate\" data-status=\"init\">\n<div style=\"display: none;\">\n<input type=\"hidden\" name=\"_wpcf7\" value=\"940\" \/>\n<input type=\"hidden\" name=\"_wpcf7_version\" value=\"5.8.6\" \/>\n<input type=\"hidden\" name=\"_wpcf7_locale\" value=\"en_US\" \/>\n<input type=\"hidden\" name=\"_wpcf7_unit_tag\" value=\"wpcf7-f940-o1\" \/>\n<input type=\"hidden\" name=\"_wpcf7_container_post\" value=\"0\" \/>\n<input type=\"hidden\" name=\"_wpcf7_posted_data_hash\" value=\"\" \/>\n<input type=\"hidden\" name=\"_wpcf7_recaptcha_response\" value=\"\" \/>\n<\/div>\n<p><span class=\"wpcf7-form-control-wrap\" data-name=\"your-name\"><input size=\"40\" class=\"wpcf7-form-control wpcf7-text wpcf7-validates-as-required\" id=\"name\" aria-required=\"true\" aria-invalid=\"false\" placeholder=\"Name*\" value=\"\" type=\"text\" name=\"your-name\" \/><\/span>\n<\/p>\n<p><span class=\"wpcf7-form-control-wrap\" data-name=\"forename\"><input size=\"40\" class=\"wpcf7-form-control wpcf7-text wpcf7-validates-as-required\" id=\"forename\" aria-required=\"true\" aria-invalid=\"false\" placeholder=\"Vorname*\" value=\"\" type=\"text\" name=\"forename\" \/><\/span>\n<\/p>\n<p><span class=\"wpcf7-form-control-wrap\" data-name=\"company\"><input size=\"40\" class=\"wpcf7-form-control wpcf7-text\" id=\"company\" aria-invalid=\"false\" placeholder=\"Firma\" value=\"\" type=\"text\" name=\"company\" \/><\/span>\n<\/p>\n<p><span class=\"wpcf7-form-control-wrap\" data-name=\"address\"><input size=\"40\" class=\"wpcf7-form-control wpcf7-text\" id=\"address\" aria-invalid=\"false\" placeholder=\"Address\" value=\"\" type=\"text\" name=\"address\" \/><\/span>\n<\/p>\n<p><span class=\"wpcf7-form-control-wrap\" data-name=\"country\"><input size=\"40\" class=\"wpcf7-form-control wpcf7-text\" id=\"country\" aria-invalid=\"false\" placeholder=\"Stadt\" value=\"\" type=\"text\" name=\"country\" \/><\/span>\n<\/p>\n<p><span class=\"wpcf7-form-control-wrap\" data-name=\"tel\"><input size=\"40\" class=\"wpcf7-form-control wpcf7-text wpcf7-validates-as-required\" id=\"tel\" aria-required=\"true\" aria-invalid=\"false\" placeholder=\"Telefonnummer*\" value=\"\" type=\"text\" name=\"tel\" \/><\/span>\n<\/p>\n<p><span class=\"wpcf7-form-control-wrap\" data-name=\"your-email\"><input size=\"40\" class=\"wpcf7-form-control wpcf7-email wpcf7-validates-as-required wpcf7-text wpcf7-validates-as-email\" id=\"email\" aria-required=\"true\" aria-invalid=\"false\" placeholder=\"E-mail*\" value=\"\" type=\"email\" name=\"your-email\" \/><\/span>\n<\/p>\n<p>ART DER ANFORDERUNG:* <span class=\"wpcf7-form-control-wrap\" data-name=\"services\"><span class=\"wpcf7-form-control wpcf7-checkbox\"><span class=\"wpcf7-list-item first\"><span class=\"wpcf7-list-item-label\">\u00dcbersetzen<\/span><input type=\"checkbox\" name=\"services[]\" value=\"\u00dcbersetzen\" \/><\/span><span class=\"wpcf7-list-item\"><span class=\"wpcf7-list-item-label\">Dolmetschen<\/span><input type=\"checkbox\" name=\"services[]\" value=\"Dolmetschen\" \/><\/span><span class=\"wpcf7-list-item last\"><span class=\"wpcf7-list-item-label\">Sprachunterricht<\/span><input type=\"checkbox\" name=\"services[]\" value=\"Sprachunterricht\" \/><\/span><\/span><\/span>\n<\/p>\n<p><span class=\"wpcf7-form-control-wrap\" data-name=\"your-message\"><textarea cols=\"40\" rows=\"10\" class=\"wpcf7-form-control wpcf7-textarea wpcf7-validates-as-required\" id=\"message\" aria-required=\"true\" aria-invalid=\"false\" placeholder=\"Mitteilung*\" name=\"your-message\"><\/textarea><\/span>\n<\/p>\n\n<p><input class=\"wpcf7-form-control wpcf7-submit has-spinner send_message\" id=\"send\" type=\"submit\" value=\"Senden\" \/>\n<\/p><div class=\"wpcf7-response-output\" aria-hidden=\"true\"><\/div>\n<\/form>\n<\/div>\n[\/vc_column][\/vc_row][vc_row fullwidth=&#8220;true&#8220; fullwidth_content=&#8220;false&#8220; css=&#8220;.vc_custom_1497032542618{padding-top: 40px !important;background-color: #f2f2f2 !important;}&#8220;][vc_column][mk_ornamental_title font_family=&#8220;none&#8220; font_size=&#8220;20&#8243; font_weight=&#8220;bold&#8220; font_style=&#8220;normal&#8220; txt_transform=&#8220;capitalize&#8220; ornament_style=&#8220;norman-short-single&#8220; nss_align=&#8220;center&#8220; ornament_color=&#8220;#00a3d1&#8243; animation=&#8220;fade-in&#8220;]UNSERE PARTNER[\/mk_ornamental_title][mk_clients style=&#8220;column&#8220; column=&#8220;6&#8243; gutter_space=&#8220;2&#8243; title=&#8220;OUR PARTNERS&#8220; count=&#8220;6&#8243; height=&#8220;170&#8243; target=&#8220;_blank&#8220; margin_bottom=&#8220;30&#8243;][\/vc_column][\/vc_row][vc_row fullwidth=&#8220;true&#8220; fullwidth_content=&#8220;false&#8220; css=&#8220;.vc_custom_1584971657269{padding-top: 120px !important;padding-bottom: 80px !important;background-image: url(https:\/\/www.azurtraduction.com\/wp-content\/uploads\/2020\/03\/ms2_0629-bas-de-page-gris.jpg?id=1703) !important;}&#8220; id=&#8220;aboutus&#8220;][vc_column][vc_row_inner][vc_column_inner][vc_cta h2=&#8220;LESEN SIE UNSERE BROSCH\u00dcRE :&#8220; txt_align=&#8220;center&#8220; shape=&#8220;square&#8220; color=&#8220;blue&#8220; add_button=&#8220;bottom&#8220; btn_title=&#8220;DOWNLOAD&#8220; btn_style=&#8220;classic&#8220; btn_shape=&#8220;square&#8220; btn_color=&#8220;turquoise&#8220; btn_align=&#8220;left&#8220; btn_i_icon_fontawesome=&#8220;fa fa-download&#8220; add_icon=&#8220;left&#8220; i_icon_fontawesome=&#8220;fa fa-files-o&#8220; i_color=&#8220;custom&#8220; i_size=&#8220;xl&#8220; btn_add_icon=&#8220;true&#8220; i_custom_color=&#8220;#444444&#8243;][\/vc_cta][\/vc_column_inner][\/vc_row_inner][\/vc_column][\/vc_row]\n","protected":false},"excerpt":{"rendered":"<p>[vc_row visibility=&#8220;hidden-sm&#8220; css=&#8220;.vc_custom_1584972081708{margin-top: 50px !important;background-position: center !important;background-repeat: no-repeat !important;background-size: cover !important;}&#8220;][vc_column width=&#8220;1\/2&#8243;][vc_custom_heading text=&#8220;Ihre \u00dcbersetzungsagentur auf Augenh\u00f6he.&#8220; font_container=&#8220;tag:h1|font_size:40px|text_align:left|color:%2311c8f4&#8243; google_fonts=&#8220;font_family:Roboto%3A100%2C100italic%2C300%2C300italic%2Cregular%2Citalic%2C500%2C500italic%2C700%2C700italic%2C900%2C900italic|font_style:700%20bold%20regular%3A700%3Anormal&#8220;][vc_column_text]Die Agentur AZUR TRADUCTION hat ihren Sitz im Stadtzentrum von Nizza; sie bietet ihre Sprachdienstleistungen sowohl f\u00fcr Unternehmen als auch f\u00fcr Privatkunden an.\u2028Unsere Kompetenzen erstrecken sich \u00fcber zahlreiche Fachbereiche. Ein weltweites Netz von Mitarbeitern versetzt uns in die [&hellip;]<\/p>\n","protected":false},"author":2,"featured_media":0,"parent":0,"menu_order":0,"comment_status":"closed","ping_status":"closed","template":"","meta":{"_monsterinsights_skip_tracking":false,"_monsterinsights_sitenote_active":false,"_monsterinsights_sitenote_note":"","_monsterinsights_sitenote_category":0,"footnotes":""},"yoast_head":"<!-- This site is optimized with the Yoast SEO plugin v21.9.1 - https:\/\/yoast.com\/wordpress\/plugins\/seo\/ -->\n<title>Azur Traduction - \u00dcbersetzerin in Nizza - \u00dcbersetzungsb\u00fcro<\/title>\n<meta name=\"description\" content=\"\u00dcbersetzungsb\u00fcro in Nizza - Azur Traduction bietet professionelle \u00dcbersetzungen und kurze Lieferzeiten - Zahlreiche Spezialgebiete - Gratis-Kostenvoranschlag\" \/>\n<meta name=\"robots\" content=\"index, follow, max-snippet:-1, max-image-preview:large, max-video-preview:-1\" \/>\n<link rel=\"canonical\" href=\"https:\/\/www.azurtraduction.com\/de\/\" \/>\n<meta property=\"og:locale\" content=\"de_DE\" \/>\n<meta property=\"og:type\" content=\"article\" \/>\n<meta property=\"og:title\" content=\"Azur Traduction - \u00dcbersetzerin in Nizza - \u00dcbersetzungsb\u00fcro\" \/>\n<meta property=\"og:description\" content=\"\u00dcbersetzungsb\u00fcro in Nizza - Azur Traduction bietet professionelle \u00dcbersetzungen und kurze Lieferzeiten - Zahlreiche Spezialgebiete - Gratis-Kostenvoranschlag\" \/>\n<meta property=\"og:url\" content=\"https:\/\/www.azurtraduction.com\/de\/\" \/>\n<meta property=\"og:site_name\" content=\"AZUR TRADUCTION, langues europ\u00e9ennes ou plus \u00ab exotiques \u00bb, domaines juridique, technique, immobilier, marketing, communication ou tourisme, interpr\u00e9tation ou cours de langues, votre satisfaction est notre r\u00e9compense.\" \/>\n<meta property=\"article:modified_time\" content=\"2022-11-18T14:37:36+00:00\" \/>\n<meta name=\"twitter:card\" content=\"summary_large_image\" \/>\n<meta name=\"twitter:label1\" content=\"Gesch\u00e4tzte Lesezeit\" \/>\n\t<meta name=\"twitter:data1\" content=\"3\u00a0Minuten\" \/>\n<script type=\"application\/ld+json\" class=\"yoast-schema-graph\">{\"@context\":\"https:\/\/schema.org\",\"@graph\":[{\"@type\":\"WebPage\",\"@id\":\"https:\/\/www.azurtraduction.com\/de\/\",\"url\":\"https:\/\/www.azurtraduction.com\/de\/\",\"name\":\"Azur Traduction - \u00dcbersetzerin in Nizza - \u00dcbersetzungsb\u00fcro\",\"isPartOf\":{\"@id\":\"https:\/\/www.azurtraduction.com\/#website\"},\"datePublished\":\"2017-05-11T09:34:45+00:00\",\"dateModified\":\"2022-11-18T14:37:36+00:00\",\"description\":\"\u00dcbersetzungsb\u00fcro in Nizza - Azur Traduction bietet professionelle \u00dcbersetzungen und kurze Lieferzeiten - Zahlreiche Spezialgebiete - Gratis-Kostenvoranschlag\",\"breadcrumb\":{\"@id\":\"https:\/\/www.azurtraduction.com\/de\/#breadcrumb\"},\"inLanguage\":\"de\",\"potentialAction\":[{\"@type\":\"ReadAction\",\"target\":[\"https:\/\/www.azurtraduction.com\/de\/\"]}]},{\"@type\":\"BreadcrumbList\",\"@id\":\"https:\/\/www.azurtraduction.com\/de\/#breadcrumb\",\"itemListElement\":[{\"@type\":\"ListItem\",\"position\":1,\"name\":\"Home\",\"item\":\"https:\/\/www.azurtraduction.com\/de\/\"},{\"@type\":\"ListItem\",\"position\":2,\"name\":\"Empfangseite\"}]},{\"@type\":\"WebSite\",\"@id\":\"https:\/\/www.azurtraduction.com\/#website\",\"url\":\"https:\/\/www.azurtraduction.com\/\",\"name\":\"AZUR TRADUCTION, langues europ\u00e9ennes ou plus \u00ab exotiques \u00bb, domaines juridique, technique, immobilier, marketing, communication ou tourisme, interpr\u00e9tation ou cours de langues, votre satisfaction est notre r\u00e9compense.\",\"description\":\"AZUR TRADUCTION, langues europ\u00e9ennes ou plus \u00ab exotiques \u00bb, domaines juridique, technique, immobilier, marketing, communication ou tourisme, interpr\u00e9tation ou cours de langues, votre satisfaction est notre r\u00e9compense.\",\"potentialAction\":[{\"@type\":\"SearchAction\",\"target\":{\"@type\":\"EntryPoint\",\"urlTemplate\":\"https:\/\/www.azurtraduction.com\/?s={search_term_string}\"},\"query-input\":\"required name=search_term_string\"}],\"inLanguage\":\"de\"}]}<\/script>\n<!-- \/ Yoast SEO plugin. -->","yoast_head_json":{"title":"Azur Traduction - \u00dcbersetzerin in Nizza - \u00dcbersetzungsb\u00fcro","description":"\u00dcbersetzungsb\u00fcro in Nizza - Azur Traduction bietet professionelle \u00dcbersetzungen und kurze Lieferzeiten - Zahlreiche Spezialgebiete - Gratis-Kostenvoranschlag","robots":{"index":"index","follow":"follow","max-snippet":"max-snippet:-1","max-image-preview":"max-image-preview:large","max-video-preview":"max-video-preview:-1"},"canonical":"https:\/\/www.azurtraduction.com\/de\/","og_locale":"de_DE","og_type":"article","og_title":"Azur Traduction - \u00dcbersetzerin in Nizza - \u00dcbersetzungsb\u00fcro","og_description":"\u00dcbersetzungsb\u00fcro in Nizza - Azur Traduction bietet professionelle \u00dcbersetzungen und kurze Lieferzeiten - Zahlreiche Spezialgebiete - Gratis-Kostenvoranschlag","og_url":"https:\/\/www.azurtraduction.com\/de\/","og_site_name":"AZUR TRADUCTION, langues europ\u00e9ennes ou plus \u00ab exotiques \u00bb, domaines juridique, technique, immobilier, marketing, communication ou tourisme, interpr\u00e9tation ou cours de langues, votre satisfaction est notre r\u00e9compense.","article_modified_time":"2022-11-18T14:37:36+00:00","twitter_card":"summary_large_image","twitter_misc":{"Gesch\u00e4tzte Lesezeit":"3\u00a0Minuten"},"schema":{"@context":"https:\/\/schema.org","@graph":[{"@type":"WebPage","@id":"https:\/\/www.azurtraduction.com\/de\/","url":"https:\/\/www.azurtraduction.com\/de\/","name":"Azur Traduction - \u00dcbersetzerin in Nizza - \u00dcbersetzungsb\u00fcro","isPartOf":{"@id":"https:\/\/www.azurtraduction.com\/#website"},"datePublished":"2017-05-11T09:34:45+00:00","dateModified":"2022-11-18T14:37:36+00:00","description":"\u00dcbersetzungsb\u00fcro in Nizza - Azur Traduction bietet professionelle \u00dcbersetzungen und kurze Lieferzeiten - Zahlreiche Spezialgebiete - Gratis-Kostenvoranschlag","breadcrumb":{"@id":"https:\/\/www.azurtraduction.com\/de\/#breadcrumb"},"inLanguage":"de","potentialAction":[{"@type":"ReadAction","target":["https:\/\/www.azurtraduction.com\/de\/"]}]},{"@type":"BreadcrumbList","@id":"https:\/\/www.azurtraduction.com\/de\/#breadcrumb","itemListElement":[{"@type":"ListItem","position":1,"name":"Home","item":"https:\/\/www.azurtraduction.com\/de\/"},{"@type":"ListItem","position":2,"name":"Empfangseite"}]},{"@type":"WebSite","@id":"https:\/\/www.azurtraduction.com\/#website","url":"https:\/\/www.azurtraduction.com\/","name":"AZUR TRADUCTION, langues europ\u00e9ennes ou plus \u00ab exotiques \u00bb, domaines juridique, technique, immobilier, marketing, communication ou tourisme, interpr\u00e9tation ou cours de langues, votre satisfaction est notre r\u00e9compense.","description":"AZUR TRADUCTION, langues europ\u00e9ennes ou plus \u00ab exotiques \u00bb, domaines juridique, technique, immobilier, marketing, communication ou tourisme, interpr\u00e9tation ou cours de langues, votre satisfaction est notre r\u00e9compense.","potentialAction":[{"@type":"SearchAction","target":{"@type":"EntryPoint","urlTemplate":"https:\/\/www.azurtraduction.com\/?s={search_term_string}"},"query-input":"required name=search_term_string"}],"inLanguage":"de"}]}},"_links":{"self":[{"href":"https:\/\/www.azurtraduction.com\/de\/wp-json\/wp\/v2\/pages\/866"}],"collection":[{"href":"https:\/\/www.azurtraduction.com\/de\/wp-json\/wp\/v2\/pages"}],"about":[{"href":"https:\/\/www.azurtraduction.com\/de\/wp-json\/wp\/v2\/types\/page"}],"author":[{"embeddable":true,"href":"https:\/\/www.azurtraduction.com\/de\/wp-json\/wp\/v2\/users\/2"}],"replies":[{"embeddable":true,"href":"https:\/\/www.azurtraduction.com\/de\/wp-json\/wp\/v2\/comments?post=866"}],"version-history":[{"count":22,"href":"https:\/\/www.azurtraduction.com\/de\/wp-json\/wp\/v2\/pages\/866\/revisions"}],"predecessor-version":[{"id":5764,"href":"https:\/\/www.azurtraduction.com\/de\/wp-json\/wp\/v2\/pages\/866\/revisions\/5764"}],"wp:attachment":[{"href":"https:\/\/www.azurtraduction.com\/de\/wp-json\/wp\/v2\/media?parent=866"}],"curies":[{"name":"wp","href":"https:\/\/api.w.org\/{rel}","templated":true}]}}