{"id":887,"date":"2017-07-10T20:42:46","date_gmt":"2017-07-10T20:42:46","guid":{"rendered":"http:\/\/www.azurtraduction.com\/interpreting\/"},"modified":"2020-03-23T13:36:48","modified_gmt":"2020-03-23T12:36:48","slug":"dolmetschen","status":"publish","type":"page","link":"https:\/\/www.azurtraduction.com\/de\/dolmetschen\/","title":{"rendered":"Dolmetschen"},"content":{"rendered":"[vc_row fullwidth=&#8220;true&#8220;][vc_column][mk_image src=&#8220;https:\/\/www.azurtraduction.com\/wp-content\/uploads\/2020\/02\/ms2_0469-interpretation-1.jpg&#8220; image_size=&#8220;full&#8220; align=&#8220;center&#8220; margin_bottom=&#8220;00&#8243;][\/vc_column][\/vc_row][vc_row css=&#8220;.vc_custom_1501157711608{padding-top: 50px !important;padding-bottom: 30px !important;}&#8220;][vc_column][mk_ornamental_title font_family=&#8220;none&#8220; font_size=&#8220;30&#8243; font_weight=&#8220;bold&#8220; font_style=&#8220;normal&#8220; txt_transform=&#8220;capitalize&#8220; ornament_style=&#8220;lemo-single&#8220; nss_align=&#8220;center&#8220; ornament_color=&#8220;#000000&#8243; animation=&#8220;fade-in&#8220;]DOLMETSCHEN[\/mk_ornamental_title][vc_column_text align=&#8220;center&#8220; animation=&#8220;top-to-bottom&#8220;]<strong>Bei AZUR TRADUCTION bieten wir ebenfalls mehrere Arten des Dolmetschens an,<br \/>\nund wir beraten unsere Kunden bei einer f\u00fcr ihren Bedarf sinnvollen Auswahl<\/strong><\/p>\n<p><em>Dolmetscher: eine Person, die Inhalte m\u00fcndlich aus einer Sprache in die andere \u00fcbertr\u00e4gt bzw. als Vermittler in einem Gespr\u00e4ch zwischen Personen dient, die unterschiedliche Sprachen sprechen. (Larousse)<\/em><strong><br \/>\n<\/strong>[\/vc_column_text][\/vc_column][\/vc_row][vc_row fullwidth=&#8220;true&#8220;][vc_column]<div class=\"cq-colorblock customized square \" data-titlesize=\"18px\" data-image=\"https:\/\/www.azurtraduction.com\/wp-content\/uploads\/2017\/07\/interpretation-conference.jpg\" data-contentcolor=\"#000000\" data-textblockbg=\"customized\" data-custombgcolor=\"#e8e8e8\"><div class=\"cq-colorblock-imagecontainer\"><img decoding=\"async\" src=\"https:\/\/www.azurtraduction.com\/wp-content\/uploads\/2017\/07\/interpretation-conference.jpg\" class=\"cq-coverslider-image\" alt=\"Interpretation Conference\"><\/a> <\/div><div class=\"cq-colorblock-textcontainer\"><div class=\"cq-colorblock-content\"><h4 class=\"cq-colorblock-title\">KONFERENZDOLMETSCHEN \/ SIMULTANDOLMETSCHEN<\/h4><div class=\"cq-colorblock-caption\">\n<p style=\"text-align: justify;\">Der Dolmetscher sitzt in einer Kabine und \u00fcbersetzt \u201egleichzeitig\u201c, mit sehr geringer zeitlicher Verschiebung von weniger als einer Satzl\u00e4nge, w\u00e4hrend der Vortragende spricht. Das Simultandolmetschen erfordert neben sehr hoher sprachliche Meisterschaft und Beherrschung des Fachgebietes auch besonders starke Konzentration. In der Regel wechseln sich Simultandolmetscher nach 30 Minuten ab. Es sind also je Sprachkombination 2 Dolmetscher einzuplanen.<\/p>\n<\/div><\/div><\/div><\/div><div class=\"cq-colorblock customized square \" data-titlesize=\"18px\" data-image=\"https:\/\/www.azurtraduction.com\/wp-content\/uploads\/2017\/07\/interpretation-consecutive.jpg\" data-contentcolor=\"#000000\" data-textblockbg=\"customized\" data-custombgcolor=\"#e8e8e8\"><div class=\"cq-colorblock-textcontainer\"><div class=\"cq-colorblock-content\"><h4 class=\"cq-colorblock-title\">KONSEKUTIVDOLMETSCHEN<\/h4><div class=\"cq-colorblock-caption\">\n<p style=\"text-align: justify;\">Der Dolmetscher \u00fcbersetzt nach dem Sprecher. Bei diesem Verfahren wird f\u00fcr einen Vortrag und die sich meist abschnittsweise anschlie\u00dfende \u00dcbersetzung das Doppelte an Zeit im Vergleich zum Vortrag ohne \u00dcbersetzung oder zum simultan gedolmetschten Vortrag ben\u00f6tigt.<\/p>\n<\/div><\/div><\/div><div class=\"cq-colorblock-imagecontainer\"><img decoding=\"async\" src=\"https:\/\/www.azurtraduction.com\/wp-content\/uploads\/2017\/07\/interpretation-consecutive.jpg\" class=\"cq-coverslider-image\" alt=\"Interpretation Consecutive\"><\/a> <\/div><\/div><div class=\"cq-colorblock customized square \" data-titlesize=\"18px\" data-image=\"https:\/\/www.azurtraduction.com\/wp-content\/uploads\/2017\/07\/interpretation-de-liaison.jpg\" data-contentcolor=\"#000000\" data-textblockbg=\"customized\" data-custombgcolor=\"#e8e8e8\"><div class=\"cq-colorblock-imagecontainer\"><img decoding=\"async\" src=\"https:\/\/www.azurtraduction.com\/wp-content\/uploads\/2017\/07\/interpretation-de-liaison.jpg\" class=\"cq-coverslider-image\" alt=\"Interpretation de Liaison\"><\/a> <\/div><div class=\"cq-colorblock-textcontainer\"><div class=\"cq-colorblock-content\"><h4 class=\"cq-colorblock-title\">BILATERALES DOLMETSCHEN (VERHANDLUNGSDOLMETSCHEN)<\/h4><div class=\"cq-colorblock-caption\">\n<p style=\"text-align: justify;\">Diese Art des Dolmetschens sichert die zweisprachige Kommunikation zwischen zwei Personen oder kleinen Gruppen. Der Dolmetscher \u00fcbertr\u00e4gt in beide Richtungen.<\/p>\n<\/div><\/div><\/div><\/div><div class=\"cq-colorblock customized square \" data-titlesize=\"18px\" data-image=\"https:\/\/www.azurtraduction.com\/wp-content\/uploads\/2017\/07\/interpretation-chuchotee.jpg\" data-contentcolor=\"#000000\" data-textblockbg=\"customized\" data-custombgcolor=\"#e8e8e8\"><div class=\"cq-colorblock-textcontainer\"><div class=\"cq-colorblock-content\"><h4 class=\"cq-colorblock-title\">FL\u00dcSTERDOLMETSCHEN<\/h4><div class=\"cq-colorblock-caption\">\n<p style=\"text-align: justify;\">Der Dolmetscher sitzt hinter dem Kunden, f\u00fcr den er dolmetscht, und fl\u00fcstert ihm die \u00dcbersetzung ins Ohr.<\/p>\n<\/div><\/div><\/div><div class=\"cq-colorblock-imagecontainer\"><img decoding=\"async\" src=\"https:\/\/www.azurtraduction.com\/wp-content\/uploads\/2017\/07\/interpretation-chuchotee.jpg\" class=\"cq-coverslider-image\" alt=\"Interpretation Chuchotee\"><\/a> <\/div><\/div><div class=\"cq-colorblock customized square \" data-titlesize=\"18px\" data-image=\"https:\/\/www.azurtraduction.com\/wp-content\/uploads\/2017\/07\/interpretation-assermentee.jpg\" data-contentcolor=\"#000000\" data-textblockbg=\"customized\" data-custombgcolor=\"#e8e8e8\"><div class=\"cq-colorblock-imagecontainer\"><img decoding=\"async\" src=\"https:\/\/www.azurtraduction.com\/wp-content\/uploads\/2017\/07\/interpretation-assermentee.jpg\" class=\"cq-coverslider-image\" alt=\"Interpretation Assermentee\"><\/a> <\/div><div class=\"cq-colorblock-textcontainer\"><div class=\"cq-colorblock-content\"><h4 class=\"cq-colorblock-title\">DOLMETSCHEN DURCH EINEN BEEIDIGTEN DOLMETSCHER<\/h4><div class=\"cq-colorblock-caption\">\n<p style=\"text-align: justify;\">Ebenso wie beeidigte \u00dcbersetzer, gibt es auch beeidigte Dolmetscher. Au\u00dfer bei Gericht sind ihre Dienste vor allem in Notariaten oder bei Rechtsanw\u00e4lten gefragt. Kommunikationstechnisch handelt es sich um bilaterales Dolmetschen.<\/p>\n<\/div><\/div><\/div><\/div><div class=\"cq-colorblock customized square \" data-titlesize=\"18px\" data-image=\"https:\/\/www.azurtraduction.com\/wp-content\/uploads\/2017\/07\/location-de-materiel.jpg\" data-contentcolor=\"#000000\" data-textblockbg=\"customized\" data-custombgcolor=\"#e8e8e8\"><div class=\"cq-colorblock-textcontainer\"><div class=\"cq-colorblock-content\"><h4 class=\"cq-colorblock-title\">ANMIETEN VON KONFERENZTECHNIK<\/h4><div class=\"cq-colorblock-caption\">\n<p style=\"text-align: justify;\">Azur Traduction besorgt auch die Bereitstellung der erforderlichen technischen Dolmetsch-Ausr\u00fcstung und mietet diese an (Kabinen, Tontechnik, Mikrofon, Steuerpult, Konferenzkoffer mit Mikrofon und Kopfh\u00f6rern\u2026)<\/p>\n<\/div><\/div><\/div><div class=\"cq-colorblock-imagecontainer\"><img decoding=\"async\" src=\"https:\/\/www.azurtraduction.com\/wp-content\/uploads\/2017\/07\/location-de-materiel.jpg\" class=\"cq-coverslider-image\" alt=\"Location de Materiel\"><\/a> <\/div><\/div>[\/vc_column][\/vc_row][vc_row css=&#8220;.vc_custom_1495022855960{padding-top: 50px !important;}&#8220; id=&#8220;services&#8220;][vc_column][mk_ornamental_title font_family=&#8220;none&#8220; font_size=&#8220;20&#8243; font_weight=&#8220;bold&#8220; font_style=&#8220;normal&#8220; txt_transform=&#8220;capitalize&#8220; ornament_style=&#8220;norman-short-single&#8220; nss_align=&#8220;center&#8220; ornament_color=&#8220;#00a3d1&#8243; animation=&#8220;fade-in&#8220;]WEITERE DIENSTE[\/mk_ornamental_title][\/vc_column][\/vc_row][vc_row fullwidth=&#8220;true&#8220;][vc_column width=&#8220;1\/2&#8243;]<div class=\"cq-imageoverlay2-container  \" data-elementheight=\"\" data-overlaycolor=\"rgba(0,163,209,0.8)\"  data-image=\"1\" data-titlesize=\"\" data-contentsize=\"\" data-contentcolor=\"#ffffff\" data-overlaystyle=\"customized\" data-elementmargin=\"\"><a href=\"https:\/\/www.azurtraduction.com\/de\/uebersetzen\/\" title=\"\" target=\"\" class=\"cq-imageoverlay2-link\"><div class=\"cq-imageoverlay2\"><img decoding=\"async\" src=\"https:\/\/www.azurtraduction.com\/wp-content\/uploads\/2017\/05\/traduction-azur-traduction.jpg\" class=\"cq-imageoverlay2-img\" \/><div class=\"text-container\"><h3 class=\"cq-imageoverlay2-title\">\u00dcBERSETZEN<\/h3><\/div><div class=\"cq-imageoverlay2-background\"><\/div><\/div><\/a><\/div>[\/vc_column][vc_column width=&#8220;1\/2&#8243;]<div class=\"cq-imageoverlay2-container  \" data-elementheight=\"\" data-overlaycolor=\"rgba(0,163,209,0.8)\"  data-image=\"1\" data-titlesize=\"\" data-contentsize=\"\" data-contentcolor=\"#ffffff\" data-overlaystyle=\"customized\" data-elementmargin=\"\"><a href=\"https:\/\/www.azurtraduction.com\/de\/dolmetschen\/\" title=\"\" target=\"\" class=\"cq-imageoverlay2-link\"><div class=\"cq-imageoverlay2\"><img decoding=\"async\" src=\"https:\/\/www.azurtraduction.com\/wp-content\/uploads\/2017\/05\/traduction-azur-traduction-thumb.jpg\" class=\"cq-imageoverlay2-img\" \/><div class=\"text-container\"><h3 class=\"cq-imageoverlay2-title\">DOLMETSCHEN<\/h3><\/div><div class=\"cq-imageoverlay2-background\"><\/div><\/div><\/a><\/div>[\/vc_column][\/vc_row][vc_row css=&#8220;.vc_custom_1497360409246{margin-top: 40px !important;margin-bottom: 50px !important;}&#8220;][vc_column width=&#8220;1\/4&#8243;][\/vc_column][vc_column width=&#8220;1\/2&#8243;][mk_button size=&#8220;large&#8220; letter_spacing=&#8220;2&#8243; icon=&#8220;mk-icon-info&#8220; url=&#8220;https:\/\/www.azurtraduction.com\/#kontakt&#8220; align=&#8220;center&#8220; fullwidth=&#8220;true&#8220; bg_color=&#8220;#11c8f4&#8243;]ANFRAGE KOSTENVORANSCHLAG \/ KONTAKT[\/mk_button][\/vc_column][vc_column width=&#8220;1\/4&#8243;][\/vc_column][\/vc_row]\n","protected":false},"excerpt":{"rendered":"<p>[vc_row fullwidth=&#8220;true&#8220;][vc_column][mk_image src=&#8220;https:\/\/www.azurtraduction.com\/wp-content\/uploads\/2020\/02\/ms2_0469-interpretation-1.jpg&#8220; image_size=&#8220;full&#8220; align=&#8220;center&#8220; margin_bottom=&#8220;00&#8243;][\/vc_column][\/vc_row][vc_row css=&#8220;.vc_custom_1501157711608{padding-top: 50px !important;padding-bottom: 30px !important;}&#8220;][vc_column][mk_ornamental_title font_family=&#8220;none&#8220; font_size=&#8220;30&#8243; font_weight=&#8220;bold&#8220; font_style=&#8220;normal&#8220; txt_transform=&#8220;capitalize&#8220; ornament_style=&#8220;lemo-single&#8220; nss_align=&#8220;center&#8220; ornament_color=&#8220;#000000&#8243; animation=&#8220;fade-in&#8220;]DOLMETSCHEN[\/mk_ornamental_title][vc_column_text align=&#8220;center&#8220; animation=&#8220;top-to-bottom&#8220;]Bei AZUR TRADUCTION bieten wir ebenfalls mehrere Arten des Dolmetschens an, und wir beraten unsere Kunden bei einer f\u00fcr ihren Bedarf sinnvollen Auswahl Dolmetscher: eine Person, die Inhalte m\u00fcndlich aus einer Sprache in die [&hellip;]<\/p>\n","protected":false},"author":2,"featured_media":0,"parent":0,"menu_order":0,"comment_status":"closed","ping_status":"closed","template":"","meta":{"_monsterinsights_skip_tracking":false,"_monsterinsights_sitenote_active":false,"_monsterinsights_sitenote_note":"","_monsterinsights_sitenote_category":0,"footnotes":""},"yoast_head":"<!-- This site is optimized with the Yoast SEO plugin v21.9.1 - https:\/\/yoast.com\/wordpress\/plugins\/seo\/ -->\n<title>Dolmetschen in Nizza - Spezialisierte &amp; erfahrene Dolmetscher<\/title>\n<meta name=\"description\" content=\"Dolmetschen in Nizza - Simultandolmetschen - Konsekutivdolmetschen - Konferenzdolmetschen - Verhandlungsdolmetschen - Fl\u00fcsterdolmetschen - Erfahrene Dolmetscher - Gratis-Kostenvoranschlag\" \/>\n<meta name=\"robots\" content=\"index, follow, max-snippet:-1, max-image-preview:large, max-video-preview:-1\" \/>\n<link rel=\"canonical\" href=\"https:\/\/www.azurtraduction.com\/de\/dolmetschen\/\" \/>\n<meta property=\"og:locale\" content=\"de_DE\" \/>\n<meta property=\"og:type\" content=\"article\" \/>\n<meta property=\"og:title\" content=\"Dolmetschen in Nizza - Spezialisierte &amp; erfahrene Dolmetscher\" \/>\n<meta property=\"og:description\" content=\"Dolmetschen in Nizza - Simultandolmetschen - Konsekutivdolmetschen - Konferenzdolmetschen - Verhandlungsdolmetschen - Fl\u00fcsterdolmetschen - Erfahrene Dolmetscher - Gratis-Kostenvoranschlag\" \/>\n<meta property=\"og:url\" content=\"https:\/\/www.azurtraduction.com\/de\/dolmetschen\/\" \/>\n<meta property=\"og:site_name\" content=\"AZUR TRADUCTION, langues europ\u00e9ennes ou plus \u00ab exotiques \u00bb, domaines juridique, technique, immobilier, marketing, communication ou tourisme, interpr\u00e9tation ou cours de langues, votre satisfaction est notre r\u00e9compense.\" \/>\n<meta property=\"article:modified_time\" content=\"2020-03-23T12:36:48+00:00\" \/>\n<meta name=\"twitter:card\" content=\"summary_large_image\" \/>\n<meta name=\"twitter:label1\" content=\"Gesch\u00e4tzte Lesezeit\" \/>\n\t<meta name=\"twitter:data1\" content=\"3\u00a0Minuten\" \/>\n<script type=\"application\/ld+json\" class=\"yoast-schema-graph\">{\"@context\":\"https:\/\/schema.org\",\"@graph\":[{\"@type\":\"WebPage\",\"@id\":\"https:\/\/www.azurtraduction.com\/de\/dolmetschen\/\",\"url\":\"https:\/\/www.azurtraduction.com\/de\/dolmetschen\/\",\"name\":\"Dolmetschen in Nizza - Spezialisierte & erfahrene Dolmetscher\",\"isPartOf\":{\"@id\":\"https:\/\/www.azurtraduction.com\/#website\"},\"datePublished\":\"2017-07-10T20:42:46+00:00\",\"dateModified\":\"2020-03-23T12:36:48+00:00\",\"description\":\"Dolmetschen in Nizza - Simultandolmetschen - Konsekutivdolmetschen - Konferenzdolmetschen - Verhandlungsdolmetschen - Fl\u00fcsterdolmetschen - Erfahrene Dolmetscher - Gratis-Kostenvoranschlag\",\"breadcrumb\":{\"@id\":\"https:\/\/www.azurtraduction.com\/de\/dolmetschen\/#breadcrumb\"},\"inLanguage\":\"de\",\"potentialAction\":[{\"@type\":\"ReadAction\",\"target\":[\"https:\/\/www.azurtraduction.com\/de\/dolmetschen\/\"]}]},{\"@type\":\"BreadcrumbList\",\"@id\":\"https:\/\/www.azurtraduction.com\/de\/dolmetschen\/#breadcrumb\",\"itemListElement\":[{\"@type\":\"ListItem\",\"position\":1,\"name\":\"Home\",\"item\":\"https:\/\/www.azurtraduction.com\/de\/\"},{\"@type\":\"ListItem\",\"position\":2,\"name\":\"Dolmetschen\"}]},{\"@type\":\"WebSite\",\"@id\":\"https:\/\/www.azurtraduction.com\/#website\",\"url\":\"https:\/\/www.azurtraduction.com\/\",\"name\":\"AZUR TRADUCTION, langues europ\u00e9ennes ou plus \u00ab exotiques \u00bb, domaines juridique, technique, immobilier, marketing, communication ou tourisme, interpr\u00e9tation ou cours de langues, votre satisfaction est notre r\u00e9compense.\",\"description\":\"AZUR TRADUCTION, langues europ\u00e9ennes ou plus \u00ab exotiques \u00bb, domaines juridique, technique, immobilier, marketing, communication ou tourisme, interpr\u00e9tation ou cours de langues, votre satisfaction est notre r\u00e9compense.\",\"potentialAction\":[{\"@type\":\"SearchAction\",\"target\":{\"@type\":\"EntryPoint\",\"urlTemplate\":\"https:\/\/www.azurtraduction.com\/?s={search_term_string}\"},\"query-input\":\"required name=search_term_string\"}],\"inLanguage\":\"de\"}]}<\/script>\n<!-- \/ Yoast SEO plugin. -->","yoast_head_json":{"title":"Dolmetschen in Nizza - Spezialisierte & erfahrene Dolmetscher","description":"Dolmetschen in Nizza - Simultandolmetschen - Konsekutivdolmetschen - Konferenzdolmetschen - Verhandlungsdolmetschen - Fl\u00fcsterdolmetschen - Erfahrene Dolmetscher - Gratis-Kostenvoranschlag","robots":{"index":"index","follow":"follow","max-snippet":"max-snippet:-1","max-image-preview":"max-image-preview:large","max-video-preview":"max-video-preview:-1"},"canonical":"https:\/\/www.azurtraduction.com\/de\/dolmetschen\/","og_locale":"de_DE","og_type":"article","og_title":"Dolmetschen in Nizza - Spezialisierte & erfahrene Dolmetscher","og_description":"Dolmetschen in Nizza - Simultandolmetschen - Konsekutivdolmetschen - Konferenzdolmetschen - Verhandlungsdolmetschen - Fl\u00fcsterdolmetschen - Erfahrene Dolmetscher - Gratis-Kostenvoranschlag","og_url":"https:\/\/www.azurtraduction.com\/de\/dolmetschen\/","og_site_name":"AZUR TRADUCTION, langues europ\u00e9ennes ou plus \u00ab exotiques \u00bb, domaines juridique, technique, immobilier, marketing, communication ou tourisme, interpr\u00e9tation ou cours de langues, votre satisfaction est notre r\u00e9compense.","article_modified_time":"2020-03-23T12:36:48+00:00","twitter_card":"summary_large_image","twitter_misc":{"Gesch\u00e4tzte Lesezeit":"3\u00a0Minuten"},"schema":{"@context":"https:\/\/schema.org","@graph":[{"@type":"WebPage","@id":"https:\/\/www.azurtraduction.com\/de\/dolmetschen\/","url":"https:\/\/www.azurtraduction.com\/de\/dolmetschen\/","name":"Dolmetschen in Nizza - Spezialisierte & erfahrene Dolmetscher","isPartOf":{"@id":"https:\/\/www.azurtraduction.com\/#website"},"datePublished":"2017-07-10T20:42:46+00:00","dateModified":"2020-03-23T12:36:48+00:00","description":"Dolmetschen in Nizza - Simultandolmetschen - Konsekutivdolmetschen - Konferenzdolmetschen - Verhandlungsdolmetschen - Fl\u00fcsterdolmetschen - Erfahrene Dolmetscher - Gratis-Kostenvoranschlag","breadcrumb":{"@id":"https:\/\/www.azurtraduction.com\/de\/dolmetschen\/#breadcrumb"},"inLanguage":"de","potentialAction":[{"@type":"ReadAction","target":["https:\/\/www.azurtraduction.com\/de\/dolmetschen\/"]}]},{"@type":"BreadcrumbList","@id":"https:\/\/www.azurtraduction.com\/de\/dolmetschen\/#breadcrumb","itemListElement":[{"@type":"ListItem","position":1,"name":"Home","item":"https:\/\/www.azurtraduction.com\/de\/"},{"@type":"ListItem","position":2,"name":"Dolmetschen"}]},{"@type":"WebSite","@id":"https:\/\/www.azurtraduction.com\/#website","url":"https:\/\/www.azurtraduction.com\/","name":"AZUR TRADUCTION, langues europ\u00e9ennes ou plus \u00ab exotiques \u00bb, domaines juridique, technique, immobilier, marketing, communication ou tourisme, interpr\u00e9tation ou cours de langues, votre satisfaction est notre r\u00e9compense.","description":"AZUR TRADUCTION, langues europ\u00e9ennes ou plus \u00ab exotiques \u00bb, domaines juridique, technique, immobilier, marketing, communication ou tourisme, interpr\u00e9tation ou cours de langues, votre satisfaction est notre r\u00e9compense.","potentialAction":[{"@type":"SearchAction","target":{"@type":"EntryPoint","urlTemplate":"https:\/\/www.azurtraduction.com\/?s={search_term_string}"},"query-input":"required name=search_term_string"}],"inLanguage":"de"}]}},"_links":{"self":[{"href":"https:\/\/www.azurtraduction.com\/de\/wp-json\/wp\/v2\/pages\/887"}],"collection":[{"href":"https:\/\/www.azurtraduction.com\/de\/wp-json\/wp\/v2\/pages"}],"about":[{"href":"https:\/\/www.azurtraduction.com\/de\/wp-json\/wp\/v2\/types\/page"}],"author":[{"embeddable":true,"href":"https:\/\/www.azurtraduction.com\/de\/wp-json\/wp\/v2\/users\/2"}],"replies":[{"embeddable":true,"href":"https:\/\/www.azurtraduction.com\/de\/wp-json\/wp\/v2\/comments?post=887"}],"version-history":[{"count":11,"href":"https:\/\/www.azurtraduction.com\/de\/wp-json\/wp\/v2\/pages\/887\/revisions"}],"predecessor-version":[{"id":1670,"href":"https:\/\/www.azurtraduction.com\/de\/wp-json\/wp\/v2\/pages\/887\/revisions\/1670"}],"wp:attachment":[{"href":"https:\/\/www.azurtraduction.com\/de\/wp-json\/wp\/v2\/media?parent=887"}],"curies":[{"name":"wp","href":"https:\/\/api.w.org\/{rel}","templated":true}]}}