{"id":890,"date":"2017-06-11T15:31:11","date_gmt":"2017-06-11T15:31:11","guid":{"rendered":"http:\/\/www.azurtraduction.com\/language-training\/"},"modified":"2020-03-23T13:45:17","modified_gmt":"2020-03-23T12:45:17","slug":"sprachunterricht","status":"publish","type":"page","link":"https:\/\/www.azurtraduction.com\/de\/sprachunterricht\/","title":{"rendered":"Unterricht"},"content":{"rendered":"[vc_row fullwidth=&#8220;true&#8220;][vc_column][mk_image src=&#8220;https:\/\/www.azurtraduction.com\/wp-content\/uploads\/2020\/02\/ms2_0541-formation.jpg&#8220; image_size=&#8220;full&#8220; align=&#8220;center&#8220; margin_bottom=&#8220;0&#8243;][\/vc_column][\/vc_row][vc_row css=&#8220;.vc_custom_1501157937872{padding-top: 50px !important;padding-bottom: 30px !important;}&#8220;][vc_column][mk_ornamental_title font_family=&#8220;none&#8220; font_size=&#8220;30&#8243; font_weight=&#8220;bold&#8220; font_style=&#8220;normal&#8220; txt_transform=&#8220;capitalize&#8220; ornament_style=&#8220;lemo-single&#8220; nss_align=&#8220;center&#8220; ornament_color=&#8220;#000000&#8243; animation=&#8220;fade-in&#8220;]SPRACHUNTERRICHT[\/mk_ornamental_title][vc_column_text align=&#8220;center&#8220; animation=&#8220;top-to-bottom&#8220;]<strong><span style=\"color: #444;\">Azur Traduction bietet auch individuell gestaltete Weiterbildungen zur Auffrischung der franz\u00f6sischen Sprachkenntnisse (Rechtschreibung, Grammatik, Konjugation, Verfassung von Texten, Stil) f\u00fcr den privaten oder beruflichen Bereich.<\/span><\/strong>[\/vc_column_text][vc_column_text]\n<table id=\"tablepress-3\" class=\"tablepress tablepress-id-3\">\n<thead>\n<tr class=\"row-1 odd\">\n\t<th class=\"column-1\">Thema der Weiterbildung<\/th><th class=\"column-2\">Dauer<\/th>\n<\/tr>\n<\/thead>\n<tbody class=\"row-hover\">\n<tr class=\"row-2 even\">\n\t<td class=\"column-1\"><center><strong>GESCHRIEBENES FRANZ\u00d6SISCH<\/strong><\/center><\/td><td class=\"column-2\"><\/td>\n<\/tr>\n<tr class=\"row-3 odd\">\n\t<td class=\"column-1\">Wieder korrektes Franz\u00f6sisch schreiben - Niveau 1: Rechtschreibung, Grammatik, Konjugation und Verfassung von Texten<\/td><td class=\"column-2\">2 Tage (14 Stunden)<\/td>\n<\/tr>\n<tr class=\"row-4 even\">\n\t<td class=\"column-1\">Wieder korrektes Franz\u00f6sisch schreiben - Niveau 2: Rechtschreibung, Grammatik, Konjugation und Stil<\/td><td class=\"column-2\">2 Tage (14 Stunden)<\/td>\n<\/tr>\n<tr class=\"row-5 odd\">\n\t<td class=\"column-1\">Professionelles Schreiben<br \/>\n<\/td><td class=\"column-2\">2 Tage (14 Stunden)<\/td>\n<\/tr>\n<\/tbody>\n<\/table>\n<!-- #tablepress-3 from cache -->[\/vc_column_text][\/vc_column][\/vc_row][vc_row fullwidth=&#8220;true&#8220; column_padding=&#8220;4&#8243; css=&#8220;.vc_custom_1501068724250{margin-bottom: 50px !important;}&#8220; id=&#8220;services&#8220;][vc_column][mk_ornamental_title font_family=&#8220;none&#8220; font_size=&#8220;20&#8243; font_weight=&#8220;bold&#8220; font_style=&#8220;normal&#8220; txt_transform=&#8220;capitalize&#8220; ornament_style=&#8220;norman-short-single&#8220; nss_align=&#8220;center&#8220; ornament_color=&#8220;#00a3d1&#8243; animation=&#8220;fade-in&#8220;]WEITERE DIENSTE[\/mk_ornamental_title][\/vc_column][\/vc_row][vc_row fullwidth=&#8220;true&#8220;][vc_column width=&#8220;1\/2&#8243;]<div class=\"cq-imageoverlay2-container  \" data-elementheight=\"\" data-overlaycolor=\"rgba(0,163,209,0.8)\"  data-image=\"1\" data-titlesize=\"\" data-contentsize=\"\" data-contentcolor=\"#ffffff\" data-overlaystyle=\"customized\" data-elementmargin=\"\"><a href=\"https:\/\/www.azurtraduction.com\/de\/uebersetzen\/\" title=\"\" target=\"\" class=\"cq-imageoverlay2-link\"><div class=\"cq-imageoverlay2\"><img decoding=\"async\" src=\"https:\/\/www.azurtraduction.com\/wp-content\/uploads\/2017\/05\/traduction-azur-traduction.jpg\" class=\"cq-imageoverlay2-img\" \/><div class=\"text-container\"><h3 class=\"cq-imageoverlay2-title\">\u00dcBERSETZEN<\/h3><\/div><div class=\"cq-imageoverlay2-background\"><\/div><\/div><\/a><\/div>[\/vc_column][vc_column width=&#8220;1\/2&#8243;]<div class=\"cq-imageoverlay2-container  \" data-elementheight=\"\" data-overlaycolor=\"rgba(0,163,209,0.8)\"  data-image=\"1\" data-titlesize=\"\" data-contentsize=\"\" data-contentcolor=\"#ffffff\" data-overlaystyle=\"customized\" data-elementmargin=\"\"><a href=\"https:\/\/www.azurtraduction.com\/de\/dolmetschen\/\" title=\"\" target=\"\" class=\"cq-imageoverlay2-link\"><div class=\"cq-imageoverlay2\"><img decoding=\"async\" src=\"https:\/\/www.azurtraduction.com\/wp-content\/uploads\/2017\/05\/interpretation-azur-traduction.jpg\" class=\"cq-imageoverlay2-img\" \/><div class=\"text-container\"><h3 class=\"cq-imageoverlay2-title\">DOLMETSCHEN<\/h3><\/div><div class=\"cq-imageoverlay2-background\"><\/div><\/div><\/a><\/div>[\/vc_column][\/vc_row][vc_row css=&#8220;.vc_custom_1497360409246{margin-top: 40px !important;margin-bottom: 50px !important;}&#8220;][vc_column width=&#8220;1\/4&#8243;][\/vc_column][vc_column width=&#8220;1\/2&#8243;][mk_button size=&#8220;large&#8220; letter_spacing=&#8220;2&#8243; icon=&#8220;mk-icon-info&#8220; url=&#8220;https:\/\/www.azurtraduction.com\/#kontakt&#8220; align=&#8220;center&#8220; fullwidth=&#8220;true&#8220; bg_color=&#8220;#11c8f4&#8243;]ANFRAGE KOSTENVORANSCHLAG \/ KONTAKT[\/mk_button][\/vc_column][vc_column width=&#8220;1\/4&#8243;][\/vc_column][\/vc_row]\n","protected":false},"excerpt":{"rendered":"<p>[vc_row fullwidth=&#8220;true&#8220;][vc_column][mk_image src=&#8220;https:\/\/www.azurtraduction.com\/wp-content\/uploads\/2020\/02\/ms2_0541-formation.jpg&#8220; image_size=&#8220;full&#8220; align=&#8220;center&#8220; margin_bottom=&#8220;0&#8243;][\/vc_column][\/vc_row][vc_row css=&#8220;.vc_custom_1501157937872{padding-top: 50px !important;padding-bottom: 30px !important;}&#8220;][vc_column][mk_ornamental_title font_family=&#8220;none&#8220; font_size=&#8220;30&#8243; font_weight=&#8220;bold&#8220; font_style=&#8220;normal&#8220; txt_transform=&#8220;capitalize&#8220; ornament_style=&#8220;lemo-single&#8220; nss_align=&#8220;center&#8220; ornament_color=&#8220;#000000&#8243; animation=&#8220;fade-in&#8220;]SPRACHUNTERRICHT[\/mk_ornamental_title][vc_column_text align=&#8220;center&#8220; animation=&#8220;top-to-bottom&#8220;]Azur Traduction bietet auch individuell gestaltete Weiterbildungen zur Auffrischung der franz\u00f6sischen Sprachkenntnisse (Rechtschreibung, Grammatik, Konjugation, Verfassung von Texten, Stil) f\u00fcr den privaten oder beruflichen Bereich.[\/vc_column_text][vc_column_text][\/vc_column_text][\/vc_column][\/vc_row][vc_row fullwidth=&#8220;true&#8220; column_padding=&#8220;4&#8243; css=&#8220;.vc_custom_1501068724250{margin-bottom: 50px !important;}&#8220; id=&#8220;services&#8220;][vc_column][mk_ornamental_title font_family=&#8220;none&#8220; font_size=&#8220;20&#8243; font_weight=&#8220;bold&#8220; [&hellip;]<\/p>\n","protected":false},"author":2,"featured_media":0,"parent":0,"menu_order":0,"comment_status":"closed","ping_status":"closed","template":"","meta":{"_monsterinsights_skip_tracking":false,"_monsterinsights_sitenote_active":false,"_monsterinsights_sitenote_note":"","_monsterinsights_sitenote_category":0,"footnotes":""},"yoast_head":"<!-- This site is optimized with the Yoast SEO plugin v21.9.1 - https:\/\/yoast.com\/wordpress\/plugins\/seo\/ -->\n<title>Auffrischungskurse in Franz\u00f6sisch - Nach individuellem Bedarf<\/title>\n<meta name=\"description\" content=\"Auffrischungs- und Weiterbildungskurse in Franz\u00f6sisch - Bedarfsgerechte Lehrprogramme - Grammatik - Rechtschreibung - Konjugation - Verfassen von Texten und Stil\" \/>\n<meta name=\"robots\" content=\"index, follow, max-snippet:-1, max-image-preview:large, max-video-preview:-1\" \/>\n<link rel=\"canonical\" href=\"https:\/\/www.azurtraduction.com\/de\/sprachunterricht\/\" \/>\n<meta property=\"og:locale\" content=\"de_DE\" \/>\n<meta property=\"og:type\" content=\"article\" \/>\n<meta property=\"og:title\" content=\"Auffrischungskurse in Franz\u00f6sisch - Nach individuellem Bedarf\" \/>\n<meta property=\"og:description\" content=\"Auffrischungs- und Weiterbildungskurse in Franz\u00f6sisch - Bedarfsgerechte Lehrprogramme - Grammatik - Rechtschreibung - Konjugation - Verfassen von Texten und Stil\" \/>\n<meta property=\"og:url\" content=\"https:\/\/www.azurtraduction.com\/de\/sprachunterricht\/\" \/>\n<meta property=\"og:site_name\" content=\"AZUR TRADUCTION, langues europ\u00e9ennes ou plus \u00ab exotiques \u00bb, domaines juridique, technique, immobilier, marketing, communication ou tourisme, interpr\u00e9tation ou cours de langues, votre satisfaction est notre r\u00e9compense.\" \/>\n<meta property=\"article:modified_time\" content=\"2020-03-23T12:45:17+00:00\" \/>\n<meta name=\"twitter:card\" content=\"summary_large_image\" \/>\n<meta name=\"twitter:label1\" content=\"Gesch\u00e4tzte Lesezeit\" \/>\n\t<meta name=\"twitter:data1\" content=\"2\u00a0Minuten\" \/>\n<script type=\"application\/ld+json\" class=\"yoast-schema-graph\">{\"@context\":\"https:\/\/schema.org\",\"@graph\":[{\"@type\":\"WebPage\",\"@id\":\"https:\/\/www.azurtraduction.com\/de\/sprachunterricht\/\",\"url\":\"https:\/\/www.azurtraduction.com\/de\/sprachunterricht\/\",\"name\":\"Auffrischungskurse in Franz\u00f6sisch - Nach individuellem Bedarf\",\"isPartOf\":{\"@id\":\"https:\/\/www.azurtraduction.com\/#website\"},\"datePublished\":\"2017-06-11T15:31:11+00:00\",\"dateModified\":\"2020-03-23T12:45:17+00:00\",\"description\":\"Auffrischungs- und Weiterbildungskurse in Franz\u00f6sisch - Bedarfsgerechte Lehrprogramme - Grammatik - Rechtschreibung - Konjugation - Verfassen von Texten und Stil\",\"breadcrumb\":{\"@id\":\"https:\/\/www.azurtraduction.com\/de\/sprachunterricht\/#breadcrumb\"},\"inLanguage\":\"de\",\"potentialAction\":[{\"@type\":\"ReadAction\",\"target\":[\"https:\/\/www.azurtraduction.com\/de\/sprachunterricht\/\"]}]},{\"@type\":\"BreadcrumbList\",\"@id\":\"https:\/\/www.azurtraduction.com\/de\/sprachunterricht\/#breadcrumb\",\"itemListElement\":[{\"@type\":\"ListItem\",\"position\":1,\"name\":\"Home\",\"item\":\"https:\/\/www.azurtraduction.com\/de\/\"},{\"@type\":\"ListItem\",\"position\":2,\"name\":\"Unterricht\"}]},{\"@type\":\"WebSite\",\"@id\":\"https:\/\/www.azurtraduction.com\/#website\",\"url\":\"https:\/\/www.azurtraduction.com\/\",\"name\":\"AZUR TRADUCTION, langues europ\u00e9ennes ou plus \u00ab exotiques \u00bb, domaines juridique, technique, immobilier, marketing, communication ou tourisme, interpr\u00e9tation ou cours de langues, votre satisfaction est notre r\u00e9compense.\",\"description\":\"AZUR TRADUCTION, langues europ\u00e9ennes ou plus \u00ab exotiques \u00bb, domaines juridique, technique, immobilier, marketing, communication ou tourisme, interpr\u00e9tation ou cours de langues, votre satisfaction est notre r\u00e9compense.\",\"potentialAction\":[{\"@type\":\"SearchAction\",\"target\":{\"@type\":\"EntryPoint\",\"urlTemplate\":\"https:\/\/www.azurtraduction.com\/?s={search_term_string}\"},\"query-input\":\"required name=search_term_string\"}],\"inLanguage\":\"de\"}]}<\/script>\n<!-- \/ Yoast SEO plugin. -->","yoast_head_json":{"title":"Auffrischungskurse in Franz\u00f6sisch - Nach individuellem Bedarf","description":"Auffrischungs- und Weiterbildungskurse in Franz\u00f6sisch - Bedarfsgerechte Lehrprogramme - Grammatik - Rechtschreibung - Konjugation - Verfassen von Texten und Stil","robots":{"index":"index","follow":"follow","max-snippet":"max-snippet:-1","max-image-preview":"max-image-preview:large","max-video-preview":"max-video-preview:-1"},"canonical":"https:\/\/www.azurtraduction.com\/de\/sprachunterricht\/","og_locale":"de_DE","og_type":"article","og_title":"Auffrischungskurse in Franz\u00f6sisch - Nach individuellem Bedarf","og_description":"Auffrischungs- und Weiterbildungskurse in Franz\u00f6sisch - Bedarfsgerechte Lehrprogramme - Grammatik - Rechtschreibung - Konjugation - Verfassen von Texten und Stil","og_url":"https:\/\/www.azurtraduction.com\/de\/sprachunterricht\/","og_site_name":"AZUR TRADUCTION, langues europ\u00e9ennes ou plus \u00ab exotiques \u00bb, domaines juridique, technique, immobilier, marketing, communication ou tourisme, interpr\u00e9tation ou cours de langues, votre satisfaction est notre r\u00e9compense.","article_modified_time":"2020-03-23T12:45:17+00:00","twitter_card":"summary_large_image","twitter_misc":{"Gesch\u00e4tzte Lesezeit":"2\u00a0Minuten"},"schema":{"@context":"https:\/\/schema.org","@graph":[{"@type":"WebPage","@id":"https:\/\/www.azurtraduction.com\/de\/sprachunterricht\/","url":"https:\/\/www.azurtraduction.com\/de\/sprachunterricht\/","name":"Auffrischungskurse in Franz\u00f6sisch - Nach individuellem Bedarf","isPartOf":{"@id":"https:\/\/www.azurtraduction.com\/#website"},"datePublished":"2017-06-11T15:31:11+00:00","dateModified":"2020-03-23T12:45:17+00:00","description":"Auffrischungs- und Weiterbildungskurse in Franz\u00f6sisch - Bedarfsgerechte Lehrprogramme - Grammatik - Rechtschreibung - Konjugation - Verfassen von Texten und Stil","breadcrumb":{"@id":"https:\/\/www.azurtraduction.com\/de\/sprachunterricht\/#breadcrumb"},"inLanguage":"de","potentialAction":[{"@type":"ReadAction","target":["https:\/\/www.azurtraduction.com\/de\/sprachunterricht\/"]}]},{"@type":"BreadcrumbList","@id":"https:\/\/www.azurtraduction.com\/de\/sprachunterricht\/#breadcrumb","itemListElement":[{"@type":"ListItem","position":1,"name":"Home","item":"https:\/\/www.azurtraduction.com\/de\/"},{"@type":"ListItem","position":2,"name":"Unterricht"}]},{"@type":"WebSite","@id":"https:\/\/www.azurtraduction.com\/#website","url":"https:\/\/www.azurtraduction.com\/","name":"AZUR TRADUCTION, langues europ\u00e9ennes ou plus \u00ab exotiques \u00bb, domaines juridique, technique, immobilier, marketing, communication ou tourisme, interpr\u00e9tation ou cours de langues, votre satisfaction est notre r\u00e9compense.","description":"AZUR TRADUCTION, langues europ\u00e9ennes ou plus \u00ab exotiques \u00bb, domaines juridique, technique, immobilier, marketing, communication ou tourisme, interpr\u00e9tation ou cours de langues, votre satisfaction est notre r\u00e9compense.","potentialAction":[{"@type":"SearchAction","target":{"@type":"EntryPoint","urlTemplate":"https:\/\/www.azurtraduction.com\/?s={search_term_string}"},"query-input":"required name=search_term_string"}],"inLanguage":"de"}]}},"_links":{"self":[{"href":"https:\/\/www.azurtraduction.com\/de\/wp-json\/wp\/v2\/pages\/890"}],"collection":[{"href":"https:\/\/www.azurtraduction.com\/de\/wp-json\/wp\/v2\/pages"}],"about":[{"href":"https:\/\/www.azurtraduction.com\/de\/wp-json\/wp\/v2\/types\/page"}],"author":[{"embeddable":true,"href":"https:\/\/www.azurtraduction.com\/de\/wp-json\/wp\/v2\/users\/2"}],"replies":[{"embeddable":true,"href":"https:\/\/www.azurtraduction.com\/de\/wp-json\/wp\/v2\/comments?post=890"}],"version-history":[{"count":7,"href":"https:\/\/www.azurtraduction.com\/de\/wp-json\/wp\/v2\/pages\/890\/revisions"}],"predecessor-version":[{"id":1674,"href":"https:\/\/www.azurtraduction.com\/de\/wp-json\/wp\/v2\/pages\/890\/revisions\/1674"}],"wp:attachment":[{"href":"https:\/\/www.azurtraduction.com\/de\/wp-json\/wp\/v2\/media?parent=890"}],"curies":[{"name":"wp","href":"https:\/\/api.w.org\/{rel}","templated":true}]}}