{"id":803,"date":"2017-07-25T13:32:19","date_gmt":"2017-07-25T13:32:19","guid":{"rendered":"http:\/\/www.azurtraduction.com\/translation\/"},"modified":"2022-11-18T16:03:24","modified_gmt":"2022-11-18T15:03:24","slug":"traduction","status":"publish","type":"page","link":"https:\/\/www.azurtraduction.com\/fr\/traduction\/","title":{"rendered":"Traduction"},"content":{"rendered":"[vc_row fullwidth=\u00a0\u00bbtrue\u00a0\u00bb][vc_column][mk_image src=\u00a0\u00bbhttps:\/\/www.azurtraduction.com\/wp-content\/uploads\/2020\/02\/ms2_0612-traduction.jpg\u00a0\u00bb image_width=\u00a0\u00bb1920&Prime; image_height=\u00a0\u00bb768&Prime; margin_bottom=\u00a0\u00bb00&Prime;][\/vc_column][\/vc_row][vc_row css=\u00a0\u00bb.vc_custom_1501157675443{padding-top: 50px !important;padding-bottom: 30px !important;}\u00a0\u00bb][vc_column][mk_ornamental_title tag_name=\u00a0\u00bbh1&Prime; font_family=\u00a0\u00bbnone\u00a0\u00bb font_size=\u00a0\u00bb30&Prime; font_weight=\u00a0\u00bbbold\u00a0\u00bb font_style=\u00a0\u00bbnormal\u00a0\u00bb txt_transform=\u00a0\u00bbcapitalize\u00a0\u00bb ornament_style=\u00a0\u00bblemo-single\u00a0\u00bb nss_align=\u00a0\u00bbcenter\u00a0\u00bb ornament_color=\u00a0\u00bb#000000&Prime; animation=\u00a0\u00bbfade-in\u00a0\u00bb]TRADUCTION[\/mk_ornamental_title][vc_column_text align=\u00a0\u00bbcenter\u00a0\u00bb animation=\u00a0\u00bbtop-to-bottom\u00a0\u00bb]<span style=\"color: #11c8f4;\"><strong>Notre expertise ? Faire appel \u00e0 un r\u00e9seau de traducteurs natifs et sp\u00e9cialis\u00e9s afin de transposer au plus pr\u00e8s le document dans la langue choisie. Nous traduisons dans les principales langues europ\u00e9ennes et dans d\u2019autres plus \u00ab exotiques \u00bb et ce, pour de nombreux domaines.<\/strong><\/span>[\/vc_column_text][\/vc_column][\/vc_row][vc_row fullwidth=\u00a0\u00bbtrue\u00a0\u00bb][vc_column]<div class=\"cq-colorblock customized square \" data-titlesize=\"18px\" data-image=\"https:\/\/www.azurtraduction.com\/wp-content\/uploads\/2017\/07\/traduction-jurifique.jpg\" data-contentcolor=\"#000000\" data-textblockbg=\"customized\" data-custombgcolor=\"#e8e8e8\"><div class=\"cq-colorblock-imagecontainer\"><img decoding=\"async\" src=\"https:\/\/www.azurtraduction.com\/wp-content\/uploads\/2017\/07\/traduction-jurifique.jpg\" class=\"cq-coverslider-image\" alt=\"Traduction Juridique\"><\/a> <\/div><div class=\"cq-colorblock-textcontainer\"><div class=\"cq-colorblock-content\"><div class=\"cq-colorblock-caption\">\n<h2>TRADUCTIONS JURIDIQUES<\/h2>\n<p>&nbsp;<\/p>\n<p style=\"text-align: justify;\">D\u00e9licate parce que pr\u00e9cise, la <a href=\"https:\/\/www.azurtraduction.com\/fr\/enjeux-traduction-juridique\/\">traduction juridique<\/a> implique l\u2019intervention d\u2019un sp\u00e9cialiste qui saura traduire contrats, statuts de soci\u00e9t\u00e9s, assignations, jugements, actes notari\u00e9s et d\u2019\u00e9tat civil, conditions g\u00e9n\u00e9rales de ventes, accords de confidentialit\u00e9, procurations et documents administratifs (cartes d\u2019identit\u00e9, permis de conduire, passeports).<\/p>\n<\/div><\/div><\/div><\/div><div class=\"cq-colorblock customized square \" data-titlesize=\"18px\" data-image=\"https:\/\/www.azurtraduction.com\/wp-content\/uploads\/2017\/07\/traduction-assermentee.jpg\" data-contentcolor=\"#000000\" data-textblockbg=\"customized\" data-custombgcolor=\"#e8e8e8\"><div class=\"cq-colorblock-textcontainer\"><div class=\"cq-colorblock-content\"><div class=\"cq-colorblock-caption\">\n<h2>TRADUCTIONS ASSERMENT\u00c9ES<\/h2>\n<p>&nbsp;<\/p>\n<p style=\"text-align: justify;\">Une traduction asserment\u00e9e porte le tampon et la signature d\u2019un expert-traducteur d\u00e9sign\u00e9 par un magistrat. C\u2019est une certification prouvant que la traduction est bien conforme au texte original. Ces traductions officielles font foi devant les tribunaux et les administrations et peuvent servir par exemple aux particuliers pour des actes d\u2019\u00e9tat civil, aux avocats pour verser des pi\u00e8ces \u00e0 un dossier ou encore aux notaires lors des successions.<br \/>\nL\u2019assermentation est une proc\u00e9dure l\u00e9gale fran\u00e7aise. Les traducteurs \u00e9tant asserment\u00e9s pr\u00e8s une Cour d\u2019appel fran\u00e7aise, la combinaison linguistique de la traduction devra obligatoirement comporter la langue fran\u00e7aise. Les <a href=\"https:\/\/www.azurtraduction.com\/fr\/traducteur-assermente-allemand-nice\/\">traductions asserment\u00e9es<\/a> sont toujours envoy\u00e9es par courrier postal au client.<\/p>\n<\/div><\/div><\/div><div class=\"cq-colorblock-imagecontainer\"><img decoding=\"async\" src=\"https:\/\/www.azurtraduction.com\/wp-content\/uploads\/2017\/07\/traduction-assermentee.jpg\" class=\"cq-coverslider-image\" alt=\"Traduction Assermentee\"><\/a> <\/div><\/div><div class=\"cq-colorblock customized square \" data-titlesize=\"18px\" data-image=\"https:\/\/www.azurtraduction.com\/wp-content\/uploads\/2017\/07\/legalisation.jpg\" data-contentcolor=\"#000000\" data-textblockbg=\"customized\" data-custombgcolor=\"#e8e8e8\"><div class=\"cq-colorblock-imagecontainer\"><img decoding=\"async\" src=\"https:\/\/www.azurtraduction.com\/wp-content\/uploads\/2017\/07\/legalisation.jpg\" class=\"cq-coverslider-image\" alt=\"Legalisation\"><\/a> <\/div><div class=\"cq-colorblock-textcontainer\"><div class=\"cq-colorblock-content\"><div class=\"cq-colorblock-caption\">\n<h2>L\u00c9GALISATION DES TRADUCTIONS POUR L\u2019\u00c9TRANGER<\/h2>\n<p>&nbsp;<\/p>\n<p style=\"text-align: justify;\">Les traductions r\u00e9alis\u00e9es en France mais produites \u00e0 l\u2019\u00e9tranger peuvent \u00eatre l\u00e9galis\u00e9es aupr\u00e8s de la Chambre de Commerce et d\u2019Industrie de Paris, du minist\u00e8re des Affaires \u00c9trang\u00e8res ou encore des Consulats. Il s\u2019agit l\u00e0 de certifier officiellement l\u2019authenticit\u00e9 des signatures appos\u00e9es sur celles-ci.<\/p>\n<\/div><\/div><\/div><\/div><div class=\"cq-colorblock customized square \" data-titlesize=\"18px\" data-image=\"https:\/\/www.azurtraduction.com\/wp-content\/uploads\/2017\/07\/traduction-economique-et-financiere.jpg\" data-contentcolor=\"#000000\" data-textblockbg=\"customized\" data-custombgcolor=\"#e8e8e8\"><div class=\"cq-colorblock-textcontainer\"><div class=\"cq-colorblock-content\"><div class=\"cq-colorblock-caption\">\n<h2>TRADUCTION \u00c9CONOMIQUE ET FINANCI\u00c8RE<\/h2>\n<p>&nbsp;<\/p>\n<p style=\"text-align: justify;\">Bilans, comptes consolid\u00e9s, pr\u00e9sentation d\u2019instruments financiers, documents comptables (factures, devis\u2026), contrat de pr\u00eat, convention d\u2019indemnisation, les documents relevant du domaine de la finance peuvent \u00eatre parfois critiques. Conscients de ces enjeux, notre r\u00e9seau de traducteurs s\u2019assure de fournir un travail de haute qualit\u00e9.<\/p>\n<\/div><\/div><\/div><div class=\"cq-colorblock-imagecontainer\"><img decoding=\"async\" src=\"https:\/\/www.azurtraduction.com\/wp-content\/uploads\/2017\/07\/traduction-economique-et-financiere.jpg\" class=\"cq-coverslider-image\" alt=\"Traduction Economique Et Financiere\"><\/a> <\/div><\/div><div class=\"cq-colorblock customized square \" data-titlesize=\"18px\" data-image=\"https:\/\/www.azurtraduction.com\/wp-content\/uploads\/2017\/07\/marketing-tourisme-communication.jpg\" data-contentcolor=\"#000000\" data-textblockbg=\"customized\" data-custombgcolor=\"#e8e8e8\"><div class=\"cq-colorblock-imagecontainer\"><img decoding=\"async\" src=\"https:\/\/www.azurtraduction.com\/wp-content\/uploads\/2017\/07\/marketing-tourisme-communication.jpg\" class=\"cq-coverslider-image\" alt=\"Marketing Tourisme Communication\"><\/a> <\/div><div class=\"cq-colorblock-textcontainer\"><div class=\"cq-colorblock-content\"><div class=\"cq-colorblock-caption\">\n<h2>TRADUCTION DOMAINE MARKETING \/ COMMUNICATION \/ TOURISME<\/h2>\n<p>&nbsp;<\/p>\n<p style=\"text-align: justify;\">Afin d\u2019\u00e9viter les traductions hasardeuses qui peuvent ruiner une communication souvent on\u00e9reuse, nos traducteurs prennent en compte les r\u00e9f\u00e9rences culturelles propres \u00e0 chaque pays afin de proposer un message clair et ce, pour diff\u00e9rents supports : sites Internet, plaquettes, brochures, communiqu\u00e9s de presse, articles, newsletter ou biographies.<\/p>\n<\/div><\/div><\/div><\/div><div class=\"cq-colorblock customized square \" data-titlesize=\"18px\" data-image=\"https:\/\/www.azurtraduction.com\/wp-content\/uploads\/2017\/07\/traduction-immobilier.jpg\" data-contentcolor=\"#000000\" data-textblockbg=\"customized\" data-custombgcolor=\"#e8e8e8\"><div class=\"cq-colorblock-textcontainer\"><div class=\"cq-colorblock-content\"><div class=\"cq-colorblock-caption\">\n<h2>TRADUCTION DOMAINE IMMOBILIER<\/h2>\n<p>&nbsp;<\/p>\n<p style=\"text-align: justify;\">Pour les traductions de PV et de convocations d\u2019AG, de promesses et de compromis de vente, de contrats de location et de baux, nos traducteurs sauront vous fournir des documents clairs et pr\u00e9cis, condition sine qua non de toute transaction r\u00e9ussie.<\/p>\n<\/div><\/div><\/div><div class=\"cq-colorblock-imagecontainer\"><img decoding=\"async\" src=\"https:\/\/www.azurtraduction.com\/wp-content\/uploads\/2017\/07\/traduction-immobilier.jpg\" class=\"cq-coverslider-image\" alt=\"Traduction Immobilier\"><\/a> <\/div><\/div><div class=\"cq-colorblock customized square \" data-titlesize=\"18px\" data-image=\"https:\/\/www.azurtraduction.com\/wp-content\/uploads\/2017\/07\/traduction-technique.jpg\" data-contentcolor=\"#000000\" data-textblockbg=\"customized\" data-custombgcolor=\"#e8e8e8\"><div class=\"cq-colorblock-imagecontainer\"><img decoding=\"async\" src=\"https:\/\/www.azurtraduction.com\/wp-content\/uploads\/2017\/07\/traduction-technique.jpg\" class=\"cq-coverslider-image\" alt=\"Traduction Technique\"><\/a> <\/div><div class=\"cq-colorblock-textcontainer\"><div class=\"cq-colorblock-content\"><div class=\"cq-colorblock-caption\">\n<h2>TRADUCTION TECHNIQUE<\/h2>\n<p>&nbsp;<\/p>\n<p style=\"text-align: justify;\">Qu\u2019il s\u2019agisse de manuels d\u2019utilisation, de modes d\u2019emploi, de <a href=\"https:\/\/www.azurtraduction.com\/fr\/traduction-de-brevet-service-experts\/\">brevets<\/a> ou de jeux vid\u00e9o, nous garantissons des traductions rigoureuses r\u00e9alis\u00e9es par des experts aguerris aux termes techniques.<\/p>\n<\/div><\/div><\/div><\/div><div class=\"cq-colorblock customized square \" data-titlesize=\"18px\" data-image=\"https:\/\/www.azurtraduction.com\/wp-content\/uploads\/2017\/07\/traduction-medicale.jpg\" data-contentcolor=\"#000000\" data-textblockbg=\"customized\" data-custombgcolor=\"#e8e8e8\"><div class=\"cq-colorblock-textcontainer\"><div class=\"cq-colorblock-content\"><div class=\"cq-colorblock-caption\">\n<h2>TRADUCTION M\u00c9DICALE<\/h2>\n<p>&nbsp;<\/p>\n<p style=\"text-align: justify;\">Notre travail porte aussi bien sur les certificats m\u00e9dicaux et les comptes-rendus de protocole que sur les notices de m\u00e9dicaments.<\/p>\n<\/div><\/div><\/div><div class=\"cq-colorblock-imagecontainer\"><img decoding=\"async\" src=\"https:\/\/www.azurtraduction.com\/wp-content\/uploads\/2017\/07\/traduction-medicale.jpg\" class=\"cq-coverslider-image\" alt=\"Traduction Medicale\"><\/a> <\/div><\/div>[\/vc_column][\/vc_row][vc_row fullwidth=\u00a0\u00bbtrue\u00a0\u00bb column_padding=\u00a0\u00bb4&Prime; css=\u00a0\u00bb.vc_custom_1500990305228{padding-top: 50px !important;}\u00a0\u00bb id=\u00a0\u00bbservices\u00a0\u00bb][vc_column][mk_ornamental_title font_family=\u00a0\u00bbnone\u00a0\u00bb font_size=\u00a0\u00bb20&Prime; font_weight=\u00a0\u00bbbold\u00a0\u00bb font_style=\u00a0\u00bbnormal\u00a0\u00bb txt_transform=\u00a0\u00bbcapitalize\u00a0\u00bb ornament_style=\u00a0\u00bbnorman-short-single\u00a0\u00bb nss_align=\u00a0\u00bbcenter\u00a0\u00bb ornament_color=\u00a0\u00bb#00a3d1&Prime; animation=\u00a0\u00bbfade-in\u00a0\u00bb]AUTRES SERVICES[\/mk_ornamental_title][\/vc_column][\/vc_row][vc_row fullwidth=\u00a0\u00bbtrue\u00a0\u00bb][vc_column width=\u00a0\u00bb1\/2&Prime;]<div class=\"cq-imageoverlay2-container  \" data-elementheight=\"\" data-overlaycolor=\"rgba(0,163,209,0.8)\"  data-image=\"4\" data-titlesize=\"\" data-contentsize=\"\" data-contentcolor=\"#ffffff\" data-overlaystyle=\"customized\" data-elementmargin=\"\"><a href=\"https:\/\/www.azurtraduction.com\/fr\/interpretation\/\" title=\"\" target=\"\" class=\"cq-imageoverlay2-link\"><div class=\"cq-imageoverlay2\"><img decoding=\"async\" src=\"https:\/\/www.azurtraduction.com\/wp-content\/uploads\/2017\/05\/interpretation-azur-traduction.jpg\" class=\"cq-imageoverlay2-img\" \/><div class=\"text-container\"><h3 class=\"cq-imageoverlay2-title\">INTERPR\u00c9TATION<\/h3><\/div><div class=\"cq-imageoverlay2-background\"><\/div><\/div><\/a><\/div>[\/vc_column][vc_column width=\u00a0\u00bb1\/2&Prime;]<div class=\"cq-imageoverlay2-container  \" data-elementheight=\"\" data-overlaycolor=\"rgba(0,163,209,0.8)\"  data-image=\"4\" data-titlesize=\"\" data-contentsize=\"\" data-contentcolor=\"#ffffff\" data-overlaystyle=\"customized\" data-elementmargin=\"\"><a href=\"https:\/\/www.azurtraduction.com\/fr\/formations-en-langue\/\" title=\"\" target=\"\" class=\"cq-imageoverlay2-link\"><div class=\"cq-imageoverlay2\"><img decoding=\"async\" src=\"https:\/\/www.azurtraduction.com\/wp-content\/uploads\/2017\/05\/language-training-600x374.jpg\" class=\"cq-imageoverlay2-img\" \/><div class=\"text-container\"><h3 class=\"cq-imageoverlay2-title\">FORMATION<\/h3><\/div><div class=\"cq-imageoverlay2-background\"><\/div><\/div><\/a><\/div>[\/vc_column][\/vc_row][vc_row css=\u00a0\u00bb.vc_custom_1497360409246{margin-top: 40px !important;margin-bottom: 50px !important;}\u00a0\u00bb][vc_column width=\u00a0\u00bb1\/3&Prime;][\/vc_column][vc_column width=\u00a0\u00bb1\/3&Prime;][mk_button size=\u00a0\u00bblarge\u00a0\u00bb letter_spacing=\u00a0\u00bb2&Prime; icon=\u00a0\u00bbmk-icon-info\u00a0\u00bb url=\u00a0\u00bbhttps:\/\/www.azurtraduction.com\/#contact\u00a0\u00bb align=\u00a0\u00bbcenter\u00a0\u00bb fullwidth=\u00a0\u00bbtrue\u00a0\u00bb bg_color=\u00a0\u00bb#11c8f4&Prime;]DEVIS \/ CONTACT[\/mk_button][\/vc_column][vc_column width=\u00a0\u00bb1\/3&Prime;][\/vc_column][\/vc_row]\n","protected":false},"excerpt":{"rendered":"<p>[vc_row fullwidth=\u00a0\u00bbtrue\u00a0\u00bb][vc_column][mk_image src=\u00a0\u00bbhttps:\/\/www.azurtraduction.com\/wp-content\/uploads\/2020\/02\/ms2_0612-traduction.jpg\u00a0\u00bb image_width=\u00a0\u00bb1920&Prime; image_height=\u00a0\u00bb768&Prime; margin_bottom=\u00a0\u00bb00&Prime;][\/vc_column][\/vc_row][vc_row css=\u00a0\u00bb.vc_custom_1501157675443{padding-top: 50px !important;padding-bottom: 30px !important;}\u00a0\u00bb][vc_column][mk_ornamental_title tag_name=\u00a0\u00bbh1&Prime; font_family=\u00a0\u00bbnone\u00a0\u00bb font_size=\u00a0\u00bb30&Prime; font_weight=\u00a0\u00bbbold\u00a0\u00bb font_style=\u00a0\u00bbnormal\u00a0\u00bb txt_transform=\u00a0\u00bbcapitalize\u00a0\u00bb ornament_style=\u00a0\u00bblemo-single\u00a0\u00bb nss_align=\u00a0\u00bbcenter\u00a0\u00bb ornament_color=\u00a0\u00bb#000000&Prime; animation=\u00a0\u00bbfade-in\u00a0\u00bb]TRADUCTION[\/mk_ornamental_title][vc_column_text align=\u00a0\u00bbcenter\u00a0\u00bb animation=\u00a0\u00bbtop-to-bottom\u00a0\u00bb]Notre expertise ? Faire appel \u00e0 un r\u00e9seau de traducteurs natifs et sp\u00e9cialis\u00e9s afin de transposer au plus pr\u00e8s le document dans la langue choisie. Nous traduisons dans les principales langues europ\u00e9ennes et [&hellip;]<\/p>\n","protected":false},"author":2,"featured_media":0,"parent":0,"menu_order":0,"comment_status":"closed","ping_status":"closed","template":"","meta":{"_monsterinsights_skip_tracking":false,"_monsterinsights_sitenote_active":false,"_monsterinsights_sitenote_note":"","_monsterinsights_sitenote_category":0,"footnotes":""},"yoast_head":"<!-- This site is optimized with the Yoast SEO plugin v21.9.1 - https:\/\/yoast.com\/wordpress\/plugins\/seo\/ -->\n<title>Traduction \u00e0 Nice - Traducteurs Asserment\u00e9s &amp; Sp\u00e9cialis\u00e9s<\/title>\n<meta name=\"description\" content=\"Traductions de Qualit\u00e9 \u00e0 Nice - D\u00e9lais Rapides - Traducteurs Asserment\u00e9s - Nombreuses Combinaisons Linguistiques &amp; Domaines de Sp\u00e9cialit\u00e9 - Devis Gratuit\" \/>\n<meta name=\"robots\" content=\"index, follow, max-snippet:-1, max-image-preview:large, max-video-preview:-1\" \/>\n<link rel=\"canonical\" href=\"https:\/\/www.azurtraduction.com\/fr\/traduction\/\" \/>\n<meta property=\"og:locale\" content=\"fr_FR\" \/>\n<meta property=\"og:type\" content=\"article\" \/>\n<meta property=\"og:title\" content=\"Traduction \u00e0 Nice - Traducteurs Asserment\u00e9s &amp; Sp\u00e9cialis\u00e9s\" \/>\n<meta property=\"og:description\" content=\"Traductions de Qualit\u00e9 \u00e0 Nice - D\u00e9lais Rapides - Traducteurs Asserment\u00e9s - Nombreuses Combinaisons Linguistiques &amp; Domaines de Sp\u00e9cialit\u00e9 - Devis Gratuit\" \/>\n<meta property=\"og:url\" content=\"https:\/\/www.azurtraduction.com\/fr\/traduction\/\" \/>\n<meta property=\"og:site_name\" content=\"AZUR TRADUCTION, langues europ\u00e9ennes ou plus \u00ab exotiques \u00bb, domaines juridique, technique, immobilier, marketing, communication ou tourisme, interpr\u00e9tation ou cours de langues, votre satisfaction est notre r\u00e9compense.\" \/>\n<meta property=\"article:modified_time\" content=\"2022-11-18T15:03:24+00:00\" \/>\n<meta name=\"twitter:card\" content=\"summary_large_image\" \/>\n<meta name=\"twitter:label1\" content=\"Dur\u00e9e de lecture estim\u00e9e\" \/>\n\t<meta name=\"twitter:data1\" content=\"3 minutes\" \/>\n<script type=\"application\/ld+json\" class=\"yoast-schema-graph\">{\"@context\":\"https:\/\/schema.org\",\"@graph\":[{\"@type\":\"WebPage\",\"@id\":\"https:\/\/www.azurtraduction.com\/fr\/traduction\/\",\"url\":\"https:\/\/www.azurtraduction.com\/fr\/traduction\/\",\"name\":\"Traduction \u00e0 Nice - Traducteurs Asserment\u00e9s & Sp\u00e9cialis\u00e9s\",\"isPartOf\":{\"@id\":\"https:\/\/www.azurtraduction.com\/#website\"},\"datePublished\":\"2017-07-25T13:32:19+00:00\",\"dateModified\":\"2022-11-18T15:03:24+00:00\",\"description\":\"Traductions de Qualit\u00e9 \u00e0 Nice - D\u00e9lais Rapides - Traducteurs Asserment\u00e9s - Nombreuses Combinaisons Linguistiques & Domaines de Sp\u00e9cialit\u00e9 - Devis Gratuit\",\"breadcrumb\":{\"@id\":\"https:\/\/www.azurtraduction.com\/fr\/traduction\/#breadcrumb\"},\"inLanguage\":\"fr-FR\",\"potentialAction\":[{\"@type\":\"ReadAction\",\"target\":[\"https:\/\/www.azurtraduction.com\/fr\/traduction\/\"]}]},{\"@type\":\"BreadcrumbList\",\"@id\":\"https:\/\/www.azurtraduction.com\/fr\/traduction\/#breadcrumb\",\"itemListElement\":[{\"@type\":\"ListItem\",\"position\":1,\"name\":\"Home\",\"item\":\"https:\/\/www.azurtraduction.com\/fr\/\"},{\"@type\":\"ListItem\",\"position\":2,\"name\":\"Traduction\"}]},{\"@type\":\"WebSite\",\"@id\":\"https:\/\/www.azurtraduction.com\/#website\",\"url\":\"https:\/\/www.azurtraduction.com\/\",\"name\":\"AZUR TRADUCTION, langues europ\u00e9ennes ou plus \u00ab exotiques \u00bb, domaines juridique, technique, immobilier, marketing, communication ou tourisme, interpr\u00e9tation ou cours de langues, votre satisfaction est notre r\u00e9compense.\",\"description\":\"AZUR TRADUCTION, langues europ\u00e9ennes ou plus \u00ab exotiques \u00bb, domaines juridique, technique, immobilier, marketing, communication ou tourisme, interpr\u00e9tation ou cours de langues, votre satisfaction est notre r\u00e9compense.\",\"potentialAction\":[{\"@type\":\"SearchAction\",\"target\":{\"@type\":\"EntryPoint\",\"urlTemplate\":\"https:\/\/www.azurtraduction.com\/?s={search_term_string}\"},\"query-input\":\"required name=search_term_string\"}],\"inLanguage\":\"fr-FR\"}]}<\/script>\n<!-- \/ Yoast SEO plugin. -->","yoast_head_json":{"title":"Traduction \u00e0 Nice - Traducteurs Asserment\u00e9s & Sp\u00e9cialis\u00e9s","description":"Traductions de Qualit\u00e9 \u00e0 Nice - D\u00e9lais Rapides - Traducteurs Asserment\u00e9s - Nombreuses Combinaisons Linguistiques & Domaines de Sp\u00e9cialit\u00e9 - Devis Gratuit","robots":{"index":"index","follow":"follow","max-snippet":"max-snippet:-1","max-image-preview":"max-image-preview:large","max-video-preview":"max-video-preview:-1"},"canonical":"https:\/\/www.azurtraduction.com\/fr\/traduction\/","og_locale":"fr_FR","og_type":"article","og_title":"Traduction \u00e0 Nice - Traducteurs Asserment\u00e9s & Sp\u00e9cialis\u00e9s","og_description":"Traductions de Qualit\u00e9 \u00e0 Nice - D\u00e9lais Rapides - Traducteurs Asserment\u00e9s - Nombreuses Combinaisons Linguistiques & Domaines de Sp\u00e9cialit\u00e9 - Devis Gratuit","og_url":"https:\/\/www.azurtraduction.com\/fr\/traduction\/","og_site_name":"AZUR TRADUCTION, langues europ\u00e9ennes ou plus \u00ab exotiques \u00bb, domaines juridique, technique, immobilier, marketing, communication ou tourisme, interpr\u00e9tation ou cours de langues, votre satisfaction est notre r\u00e9compense.","article_modified_time":"2022-11-18T15:03:24+00:00","twitter_card":"summary_large_image","twitter_misc":{"Dur\u00e9e de lecture estim\u00e9e":"3 minutes"},"schema":{"@context":"https:\/\/schema.org","@graph":[{"@type":"WebPage","@id":"https:\/\/www.azurtraduction.com\/fr\/traduction\/","url":"https:\/\/www.azurtraduction.com\/fr\/traduction\/","name":"Traduction \u00e0 Nice - Traducteurs Asserment\u00e9s & Sp\u00e9cialis\u00e9s","isPartOf":{"@id":"https:\/\/www.azurtraduction.com\/#website"},"datePublished":"2017-07-25T13:32:19+00:00","dateModified":"2022-11-18T15:03:24+00:00","description":"Traductions de Qualit\u00e9 \u00e0 Nice - D\u00e9lais Rapides - Traducteurs Asserment\u00e9s - Nombreuses Combinaisons Linguistiques & Domaines de Sp\u00e9cialit\u00e9 - Devis Gratuit","breadcrumb":{"@id":"https:\/\/www.azurtraduction.com\/fr\/traduction\/#breadcrumb"},"inLanguage":"fr-FR","potentialAction":[{"@type":"ReadAction","target":["https:\/\/www.azurtraduction.com\/fr\/traduction\/"]}]},{"@type":"BreadcrumbList","@id":"https:\/\/www.azurtraduction.com\/fr\/traduction\/#breadcrumb","itemListElement":[{"@type":"ListItem","position":1,"name":"Home","item":"https:\/\/www.azurtraduction.com\/fr\/"},{"@type":"ListItem","position":2,"name":"Traduction"}]},{"@type":"WebSite","@id":"https:\/\/www.azurtraduction.com\/#website","url":"https:\/\/www.azurtraduction.com\/","name":"AZUR TRADUCTION, langues europ\u00e9ennes ou plus \u00ab exotiques \u00bb, domaines juridique, technique, immobilier, marketing, communication ou tourisme, interpr\u00e9tation ou cours de langues, votre satisfaction est notre r\u00e9compense.","description":"AZUR TRADUCTION, langues europ\u00e9ennes ou plus \u00ab exotiques \u00bb, domaines juridique, technique, immobilier, marketing, communication ou tourisme, interpr\u00e9tation ou cours de langues, votre satisfaction est notre r\u00e9compense.","potentialAction":[{"@type":"SearchAction","target":{"@type":"EntryPoint","urlTemplate":"https:\/\/www.azurtraduction.com\/?s={search_term_string}"},"query-input":"required name=search_term_string"}],"inLanguage":"fr-FR"}]}},"_links":{"self":[{"href":"https:\/\/www.azurtraduction.com\/fr\/wp-json\/wp\/v2\/pages\/803"}],"collection":[{"href":"https:\/\/www.azurtraduction.com\/fr\/wp-json\/wp\/v2\/pages"}],"about":[{"href":"https:\/\/www.azurtraduction.com\/fr\/wp-json\/wp\/v2\/types\/page"}],"author":[{"embeddable":true,"href":"https:\/\/www.azurtraduction.com\/fr\/wp-json\/wp\/v2\/users\/2"}],"replies":[{"embeddable":true,"href":"https:\/\/www.azurtraduction.com\/fr\/wp-json\/wp\/v2\/comments?post=803"}],"version-history":[{"count":20,"href":"https:\/\/www.azurtraduction.com\/fr\/wp-json\/wp\/v2\/pages\/803\/revisions"}],"predecessor-version":[{"id":1265,"href":"https:\/\/www.azurtraduction.com\/fr\/wp-json\/wp\/v2\/pages\/803\/revisions\/1265"}],"wp:attachment":[{"href":"https:\/\/www.azurtraduction.com\/fr\/wp-json\/wp\/v2\/media?parent=803"}],"curies":[{"name":"wp","href":"https:\/\/api.w.org\/{rel}","templated":true}]}}