{"id":2387,"date":"2021-06-18T11:14:07","date_gmt":"2021-06-18T09:14:07","guid":{"rendered":"https:\/\/www.azurtraduction.com\/?page_id=2387"},"modified":"2021-06-22T17:05:28","modified_gmt":"2021-06-22T15:05:28","slug":"traduttore-giurato-inglese-a-nizza","status":"publish","type":"page","link":"https:\/\/www.azurtraduction.com\/it\/traduttore-giurato-inglese-a-nizza\/","title":{"rendered":"Traduttore giurato in inglese a Nizza"},"content":{"rendered":"[vc_row css=&#8221;.vc_custom_1501157711608{padding-top: 50px !important;padding-bottom: 30px !important;}&#8221;][vc_column width=&#8221;2\/3&#8243;][mk_ornamental_title tag_name=&#8221;h1&#8243; font_family=&#8221;none&#8221; font_size=&#8221;26&#8243; font_weight=&#8221;bold&#8221; font_style=&#8221;normal&#8221; txt_transform=&#8221;uppercase&#8221; ornament_style=&#8221;lemo-single&#8221; ornament_color=&#8221;#000000&#8243;]TRADUTTORE GIURATO IN IGLESE A NIZZA[\/mk_ornamental_title][vc_column_text]\u00c9lodie Defosse, fondatrice dell\u2019agenzia Azur Traduction, ha di recente prestato giuramento ed \u00e8 attualmente traduttrice giurata presso la Corte d\u2019Appello di Aix en Provence.<\/p>\n<p>Contribuisce dunque ad ampliare l\u2019elenco dei traduttori <strong><span style=\"color: #4ad3f6;\">esperti giudiziari in lingua inglese<\/span>\u00a0<\/strong>a Nizza.[\/vc_column_text][vc_column_text]Azur Traduction, che propone servizi linguistici ad aziende e privati, rientra fra le agenzie in grado di offrire <strong><span style=\"color: #4ad3f6;\">traduzioni certificate<\/span><\/strong> ai propri clienti.<\/p>\n<p>Ecco alcuni esempi di documenti per i quali pu\u00f2 essere necessaria una certificazione:<\/p>\n<p>\u2013 Per i privati: atti di stato civile (atto di nascita, di morte e di matrimonio), certificati di costume e di celibato (in vista di un matrimonio), patenti di guida, diplomi, valutazioni di profitto (per essere ammessi a un\u2019universit\u00e0 in Francia);<br \/>\n\u2013 Per le aziende: statuti aziendali, contratti commerciali e visure camerali.<br \/>\n\u2013 Per i professionisti nel campo del diritto: compromessi e atti di vendita, o ancora procure, per quanto riguarda i notai. Per gli avvocati, si tratta di vari documenti da registrare tra le prove nel contesto di un procedimento giuridico. Gli ufficiali giudiziari, invece, hanno maggiormente bisogno di far tradurre ordini di comparizione, notifiche o ancora ingiunzioni di pagamento.[\/vc_column_text][\/vc_column][vc_column width=&#8221;1\/3&#8243;][vc_single_image image=&#8221;1830&#8243; img_size=&#8221;full&#8221;][\/vc_column][\/vc_row][vc_row css=&#8221;.vc_custom_1501157711608{padding-top: 50px !important;padding-bottom: 30px !important;}&#8221;][vc_column][vc_cta h2=&#8221;Vi serve una traduzione certificata in un&#8217;altra lingua?&#8221; add_button=&#8221;right&#8221; btn_title=&#8221;Contatti e Preventivo&#8221; btn_style=&#8221;custom&#8221; btn_custom_background=&#8221;#46c1ed&#8221; btn_custom_text=&#8221;#ffffff&#8221; btn_size=&#8221;lg&#8221; btn_link=&#8221;url:https%3A%2F%2Fwww.azurtraduction.com%2Ffr%2F%23contact|||&#8221;]Nessun problema! Azur Traduction propone questo servizio di traduzione in diverse combinazioni linguistiche.<br \/>\nElodie Defosse \u00e8 inoltre <a href=\"https:\/\/www.azurtraduction.com\/it\/traduttore-giurato-in-tedesco-a-nizza\/\"><span style=\"color: #4ad3f6;\">traduttrice perito giudiziario in lingua tedesca.<\/span><\/a>[\/vc_cta][\/vc_column][\/vc_row][vc_row css=&#8221;.vc_custom_1501157711608{padding-top: 50px !important;padding-bottom: 30px !important;}&#8221;][vc_column width=&#8221;1\/2&#8243; css=&#8221;.vc_custom_1585497490715{padding-top: 30px !important;padding-bottom: 30px !important;}&#8221;][vc_column_text]\n<h2>UN\u2019AGENZIA DI ESPERTI A DIMENSIONI UMANE<\/h2>\n<p>Oltre alla sua certificazione di traduttrice giurata in inglese, Elodie capitalizza sui valori che costituiscono parte integrante del DNA di Azur Traduction:<\/p>\n<p>\u2013 competenze,<br \/>\n\u2013 esperienza,<br \/>\n\u2013 professionalit\u00e0,<br \/>\n\u2013 reattivit\u00e0,<br \/>\n\u2013 rispetto delle tempistiche,<br \/>\n\u2013 riservatezza.[\/vc_column_text][\/vc_column][vc_column width=&#8221;1\/2&#8243; css=&#8221;.vc_custom_1585497497938{padding-top: 30px !important;padding-bottom: 30px !important;background-color: #f7f7f7 !important;}&#8221;][vc_column_text]\n<h2>UNA DOMANDA SOSTENUTA<\/h2>\n<p>Dato il carattere decisamente internazionale e dinamico della Costa Azzurra, molte sono le nazionalit\u00e0 che si trovano a interagire, per motivi di carattere personale o professionale, e le richieste di traduzioni certificate sono numerose.<\/p>\n<p>Una traduzione certificata in inglese pu\u00f2 riguardare non solo i privati (nel contesto dei loro studi, per un nuovo lavoro o per accompagnarli nella loro vita familiare) ma anche i professionisti. Nella gestione corrente di un\u2019azienda, i documenti giuridici si moltiplicano, ecco perch\u00e9 un professionista deve sapere di poter contare su un traduttore fidato.<\/p>\n<p>\u2013 A titolo di promemoria, ricordiamo che le traduzioni giurate sono le uniche a far fede davanti ai giudici\u00a0e alle amministrazioni, proprio per il loro carattere ufficiale. Sono \u201ccertificate conformi all\u2019originale\u201d.[\/vc_column_text][\/vc_column][\/vc_row][vc_row css=&#8221;.vc_custom_1501157711608{padding-top: 50px !important;padding-bottom: 30px !important;}&#8221;][vc_column css=&#8221;.vc_custom_1585497490715{padding-top: 30px !important;padding-bottom: 30px !important;}&#8221;][vc_column_text margin_bottom=&#8221;30&#8243;]\n<h2>I TRADUTTORI GIURATI SONO TROPPO RARI<\/h2>\n<p>Nel campo dei servizi di traduzione, la concorrenza \u00e8 forte quando si parla di traduzioni \u201cclassiche\u201d. In compenso, quando si parla di traduzioni giurate, l\u2019offerta \u00e8 pi\u00f9 limitata, dato che i traduttori giurati sono numericamente meno.[\/vc_column_text][vc_column_text margin_bottom=&#8221;30&#8243;]\n<h2>ALLA SCOPERTA DEL PROCESSO DI ASSEVERAZIONE<\/h2>\n<p>Per essere traduttori giurati \u00e8 consigliabile avere un diploma di traduttore professionale (laurea di secondo livello).<br \/>\nPrima di prestare giuramento davanti alla Corte d\u2019Appello della propria regione di esercizio, il traduttore giurato presenta la propria candidatura presso il Tribunale (TJ) della propria circoscrizione. L\u2019esame di questa candidatura richiede indicativamente 1 anno.<br \/>\nDa ultimo, dato che potr\u00e0 essere sottoposto a una verifica dei requisiti di moralit\u00e0, il traduttore giurato deve avere una fedina penale pulita.[\/vc_column_text][vc_column_text]\n<h2>TRADUTTORE GIURATO O ESPERTO GIUDIZIARIO?<\/h2>\n<p>In ultima analisi il traduttore giurato \u00e8 assimilato a un esperto giudiziario.<br \/>\nDate le sue qualit\u00e0 di perito-traduttore, nominato da un magistrato, emerge che \u00e8 l\u2019unico abilitato a certificare una traduzione come \u201cconforme all\u2019originale\u201d.<br \/>\nTuttavia, diversamente dagli altri esperti giudiziari, il traduttore giurato non consegna una perizia ma una traduzione.[\/vc_column_text][\/vc_column][\/vc_row]\n","protected":false},"excerpt":{"rendered":"<p>[vc_row css=&#8221;.vc_custom_1501157711608{padding-top: 50px !important;padding-bottom: 30px !important;}&#8221;][vc_column width=&#8221;2\/3&#8243;][mk_ornamental_title tag_name=&#8221;h1&#8243; font_family=&#8221;none&#8221; font_size=&#8221;26&#8243; font_weight=&#8221;bold&#8221; font_style=&#8221;normal&#8221; txt_transform=&#8221;uppercase&#8221; ornament_style=&#8221;lemo-single&#8221; ornament_color=&#8221;#000000&#8243;]TRADUTTORE GIURATO IN IGLESE A NIZZA[\/mk_ornamental_title][vc_column_text]\u00c9lodie Defosse, fondatrice dell\u2019agenzia Azur Traduction, ha di recente prestato giuramento ed \u00e8 attualmente traduttrice giurata presso la Corte d\u2019Appello di Aix en Provence. Contribuisce dunque ad ampliare l\u2019elenco dei traduttori esperti giudiziari in lingua inglese\u00a0a [&hellip;]<\/p>\n","protected":false},"author":2,"featured_media":0,"parent":0,"menu_order":0,"comment_status":"closed","ping_status":"closed","template":"","meta":{"_monsterinsights_skip_tracking":false,"_monsterinsights_sitenote_active":false,"_monsterinsights_sitenote_note":"","_monsterinsights_sitenote_category":0,"footnotes":""},"yoast_head":"<!-- This site is optimized with the Yoast SEO plugin v21.9.1 - https:\/\/yoast.com\/wordpress\/plugins\/seo\/ -->\n<title>Traduttore giurato in inglese a Nizza - AZUR TRADUCTION, langues europ\u00e9ennes ou plus \u00ab exotiques \u00bb, domaines juridique, technique, immobilier, marketing, communication ou tourisme, interpr\u00e9tation ou cours de langues, votre satisfaction est notre r\u00e9compense.<\/title>\n<meta name=\"description\" content=\"Traduttore giurato in inglese a Nizza - AZUR TRADUCTION, langues europ\u00e9ennes ou plus \u00ab exotiques \u00bb, domaines juridique, technique, immobilier, marketing, communication ou tourisme, interpr\u00e9tation ou cours de langues, votre satisfaction est notre r\u00e9compense.\" \/>\n<meta name=\"robots\" content=\"index, follow, max-snippet:-1, max-image-preview:large, max-video-preview:-1\" \/>\n<link rel=\"canonical\" href=\"https:\/\/www.azurtraduction.com\/it\/traduttore-giurato-inglese-a-nizza\/\" \/>\n<meta property=\"og:locale\" content=\"it_IT\" \/>\n<meta property=\"og:type\" content=\"article\" \/>\n<meta property=\"og:title\" content=\"Traduttore giurato in inglese a Nizza - AZUR TRADUCTION, langues europ\u00e9ennes ou plus \u00ab exotiques \u00bb, domaines juridique, technique, immobilier, marketing, communication ou tourisme, interpr\u00e9tation ou cours de langues, votre satisfaction est notre r\u00e9compense.\" \/>\n<meta property=\"og:description\" content=\"Traduttore giurato in inglese a Nizza - AZUR TRADUCTION, langues europ\u00e9ennes ou plus \u00ab exotiques \u00bb, domaines juridique, technique, immobilier, marketing, communication ou tourisme, interpr\u00e9tation ou cours de langues, votre satisfaction est notre r\u00e9compense.\" \/>\n<meta property=\"og:url\" content=\"https:\/\/www.azurtraduction.com\/it\/traduttore-giurato-inglese-a-nizza\/\" \/>\n<meta property=\"og:site_name\" content=\"AZUR TRADUCTION, langues europ\u00e9ennes ou plus \u00ab exotiques \u00bb, domaines juridique, technique, immobilier, marketing, communication ou tourisme, interpr\u00e9tation ou cours de langues, votre satisfaction est notre r\u00e9compense.\" \/>\n<meta property=\"article:modified_time\" content=\"2021-06-22T15:05:28+00:00\" \/>\n<meta name=\"twitter:card\" content=\"summary_large_image\" \/>\n<meta name=\"twitter:label1\" content=\"Tempo di lettura stimato\" \/>\n\t<meta name=\"twitter:data1\" content=\"3 minuti\" \/>\n<script type=\"application\/ld+json\" class=\"yoast-schema-graph\">{\"@context\":\"https:\/\/schema.org\",\"@graph\":[{\"@type\":\"WebPage\",\"@id\":\"https:\/\/www.azurtraduction.com\/it\/traduttore-giurato-inglese-a-nizza\/\",\"url\":\"https:\/\/www.azurtraduction.com\/it\/traduttore-giurato-inglese-a-nizza\/\",\"name\":\"Traduttore giurato in inglese a Nizza - AZUR TRADUCTION, langues europ\u00e9ennes ou plus \u00ab exotiques \u00bb, domaines juridique, technique, immobilier, marketing, communication ou tourisme, interpr\u00e9tation ou cours de langues, votre satisfaction est notre r\u00e9compense.\",\"isPartOf\":{\"@id\":\"https:\/\/www.azurtraduction.com\/#website\"},\"datePublished\":\"2021-06-18T09:14:07+00:00\",\"dateModified\":\"2021-06-22T15:05:28+00:00\",\"description\":\"Traduttore giurato in inglese a Nizza - AZUR TRADUCTION, langues europ\u00e9ennes ou plus \u00ab exotiques \u00bb, domaines juridique, technique, immobilier, marketing, communication ou tourisme, interpr\u00e9tation ou cours de langues, votre satisfaction est notre r\u00e9compense.\",\"breadcrumb\":{\"@id\":\"https:\/\/www.azurtraduction.com\/it\/traduttore-giurato-inglese-a-nizza\/#breadcrumb\"},\"inLanguage\":\"it-IT\",\"potentialAction\":[{\"@type\":\"ReadAction\",\"target\":[\"https:\/\/www.azurtraduction.com\/it\/traduttore-giurato-inglese-a-nizza\/\"]}]},{\"@type\":\"BreadcrumbList\",\"@id\":\"https:\/\/www.azurtraduction.com\/it\/traduttore-giurato-inglese-a-nizza\/#breadcrumb\",\"itemListElement\":[{\"@type\":\"ListItem\",\"position\":1,\"name\":\"Home\",\"item\":\"https:\/\/www.azurtraduction.com\/it\/\"},{\"@type\":\"ListItem\",\"position\":2,\"name\":\"Traduttore giurato in inglese a Nizza\"}]},{\"@type\":\"WebSite\",\"@id\":\"https:\/\/www.azurtraduction.com\/#website\",\"url\":\"https:\/\/www.azurtraduction.com\/\",\"name\":\"AZUR TRADUCTION, langues europ\u00e9ennes ou plus \u00ab exotiques \u00bb, domaines juridique, technique, immobilier, marketing, communication ou tourisme, interpr\u00e9tation ou cours de langues, votre satisfaction est notre r\u00e9compense.\",\"description\":\"AZUR TRADUCTION, langues europ\u00e9ennes ou plus \u00ab exotiques \u00bb, domaines juridique, technique, immobilier, marketing, communication ou tourisme, interpr\u00e9tation ou cours de langues, votre satisfaction est notre r\u00e9compense.\",\"potentialAction\":[{\"@type\":\"SearchAction\",\"target\":{\"@type\":\"EntryPoint\",\"urlTemplate\":\"https:\/\/www.azurtraduction.com\/?s={search_term_string}\"},\"query-input\":\"required name=search_term_string\"}],\"inLanguage\":\"it-IT\"}]}<\/script>\n<!-- \/ Yoast SEO plugin. -->","yoast_head_json":{"title":"Traduttore giurato in inglese a Nizza - AZUR TRADUCTION, langues europ\u00e9ennes ou plus \u00ab exotiques \u00bb, domaines juridique, technique, immobilier, marketing, communication ou tourisme, interpr\u00e9tation ou cours de langues, votre satisfaction est notre r\u00e9compense.","description":"Traduttore giurato in inglese a Nizza - AZUR TRADUCTION, langues europ\u00e9ennes ou plus \u00ab exotiques \u00bb, domaines juridique, technique, immobilier, marketing, communication ou tourisme, interpr\u00e9tation ou cours de langues, votre satisfaction est notre r\u00e9compense.","robots":{"index":"index","follow":"follow","max-snippet":"max-snippet:-1","max-image-preview":"max-image-preview:large","max-video-preview":"max-video-preview:-1"},"canonical":"https:\/\/www.azurtraduction.com\/it\/traduttore-giurato-inglese-a-nizza\/","og_locale":"it_IT","og_type":"article","og_title":"Traduttore giurato in inglese a Nizza - AZUR TRADUCTION, langues europ\u00e9ennes ou plus \u00ab exotiques \u00bb, domaines juridique, technique, immobilier, marketing, communication ou tourisme, interpr\u00e9tation ou cours de langues, votre satisfaction est notre r\u00e9compense.","og_description":"Traduttore giurato in inglese a Nizza - AZUR TRADUCTION, langues europ\u00e9ennes ou plus \u00ab exotiques \u00bb, domaines juridique, technique, immobilier, marketing, communication ou tourisme, interpr\u00e9tation ou cours de langues, votre satisfaction est notre r\u00e9compense.","og_url":"https:\/\/www.azurtraduction.com\/it\/traduttore-giurato-inglese-a-nizza\/","og_site_name":"AZUR TRADUCTION, langues europ\u00e9ennes ou plus \u00ab exotiques \u00bb, domaines juridique, technique, immobilier, marketing, communication ou tourisme, interpr\u00e9tation ou cours de langues, votre satisfaction est notre r\u00e9compense.","article_modified_time":"2021-06-22T15:05:28+00:00","twitter_card":"summary_large_image","twitter_misc":{"Tempo di lettura stimato":"3 minuti"},"schema":{"@context":"https:\/\/schema.org","@graph":[{"@type":"WebPage","@id":"https:\/\/www.azurtraduction.com\/it\/traduttore-giurato-inglese-a-nizza\/","url":"https:\/\/www.azurtraduction.com\/it\/traduttore-giurato-inglese-a-nizza\/","name":"Traduttore giurato in inglese a Nizza - AZUR TRADUCTION, langues europ\u00e9ennes ou plus \u00ab exotiques \u00bb, domaines juridique, technique, immobilier, marketing, communication ou tourisme, interpr\u00e9tation ou cours de langues, votre satisfaction est notre r\u00e9compense.","isPartOf":{"@id":"https:\/\/www.azurtraduction.com\/#website"},"datePublished":"2021-06-18T09:14:07+00:00","dateModified":"2021-06-22T15:05:28+00:00","description":"Traduttore giurato in inglese a Nizza - AZUR TRADUCTION, langues europ\u00e9ennes ou plus \u00ab exotiques \u00bb, domaines juridique, technique, immobilier, marketing, communication ou tourisme, interpr\u00e9tation ou cours de langues, votre satisfaction est notre r\u00e9compense.","breadcrumb":{"@id":"https:\/\/www.azurtraduction.com\/it\/traduttore-giurato-inglese-a-nizza\/#breadcrumb"},"inLanguage":"it-IT","potentialAction":[{"@type":"ReadAction","target":["https:\/\/www.azurtraduction.com\/it\/traduttore-giurato-inglese-a-nizza\/"]}]},{"@type":"BreadcrumbList","@id":"https:\/\/www.azurtraduction.com\/it\/traduttore-giurato-inglese-a-nizza\/#breadcrumb","itemListElement":[{"@type":"ListItem","position":1,"name":"Home","item":"https:\/\/www.azurtraduction.com\/it\/"},{"@type":"ListItem","position":2,"name":"Traduttore giurato in inglese a Nizza"}]},{"@type":"WebSite","@id":"https:\/\/www.azurtraduction.com\/#website","url":"https:\/\/www.azurtraduction.com\/","name":"AZUR TRADUCTION, langues europ\u00e9ennes ou plus \u00ab exotiques \u00bb, domaines juridique, technique, immobilier, marketing, communication ou tourisme, interpr\u00e9tation ou cours de langues, votre satisfaction est notre r\u00e9compense.","description":"AZUR TRADUCTION, langues europ\u00e9ennes ou plus \u00ab exotiques \u00bb, domaines juridique, technique, immobilier, marketing, communication ou tourisme, interpr\u00e9tation ou cours de langues, votre satisfaction est notre r\u00e9compense.","potentialAction":[{"@type":"SearchAction","target":{"@type":"EntryPoint","urlTemplate":"https:\/\/www.azurtraduction.com\/?s={search_term_string}"},"query-input":"required name=search_term_string"}],"inLanguage":"it-IT"}]}},"_links":{"self":[{"href":"https:\/\/www.azurtraduction.com\/it\/wp-json\/wp\/v2\/pages\/2387"}],"collection":[{"href":"https:\/\/www.azurtraduction.com\/it\/wp-json\/wp\/v2\/pages"}],"about":[{"href":"https:\/\/www.azurtraduction.com\/it\/wp-json\/wp\/v2\/types\/page"}],"author":[{"embeddable":true,"href":"https:\/\/www.azurtraduction.com\/it\/wp-json\/wp\/v2\/users\/2"}],"replies":[{"embeddable":true,"href":"https:\/\/www.azurtraduction.com\/it\/wp-json\/wp\/v2\/comments?post=2387"}],"version-history":[{"count":7,"href":"https:\/\/www.azurtraduction.com\/it\/wp-json\/wp\/v2\/pages\/2387\/revisions"}],"predecessor-version":[{"id":2422,"href":"https:\/\/www.azurtraduction.com\/it\/wp-json\/wp\/v2\/pages\/2387\/revisions\/2422"}],"wp:attachment":[{"href":"https:\/\/www.azurtraduction.com\/it\/wp-json\/wp\/v2\/media?parent=2387"}],"curies":[{"name":"wp","href":"https:\/\/api.w.org\/{rel}","templated":true}]}}