{"id":840,"date":"2017-05-11T09:34:45","date_gmt":"2017-05-11T09:34:45","guid":{"rendered":"http:\/\/www.azurtraduction.com\/sample-page\/"},"modified":"2022-11-18T15:41:51","modified_gmt":"2022-11-18T14:41:51","slug":"home","status":"publish","type":"page","link":"https:\/\/www.azurtraduction.com\/it\/","title":{"rendered":"Home"},"content":{"rendered":"[vc_row visibility=&#8221;hidden-sm&#8221; css=&#8221;.vc_custom_1584972141254{margin-top: 50px !important;background-position: center !important;background-repeat: no-repeat !important;background-size: cover !important;}&#8221;][vc_column width=&#8221;1\/2&#8243;][vc_custom_heading text=&#8221;L\u2019agenzia di traduzioni a misura d\u2019uomo&#8221; font_container=&#8221;tag:h1|font_size:40px|text_align:left|color:%2311c8f4&#8243; google_fonts=&#8221;font_family:Roboto%3A100%2C100italic%2C300%2C300italic%2Cregular%2Citalic%2C500%2C500italic%2C700%2C700italic%2C900%2C900italic|font_style:700%20bold%20regular%3A700%3Anormal&#8221;][vc_column_text]L\u2019agenzia AZUR TRADUCTION ha sede a Nizza, nei pressi del centro citt\u00e0. Offre servizi linguistici alle imprese e ai privati. \u2028Le nostre competenze spaziano in numerosi settori d\u2019attivit\u00e0. La nostra rete di collaboratori, situati dappertutto nel mondo, ci permette di tradurre le maggiori lingue europee (francese, greco, inglese, italiano, portoghese, spagnolo, svedese, tedesco\u2026) e anche alcune lingue pi\u00f9 \u2018esotiche\u2019 (arabo, cinese, giapponese, russo\u2026).[\/vc_column_text][\/vc_column][vc_column width=&#8221;1\/2&#8243;][vc_video link=&#8221;https:\/\/youtu.be\/diafyY_TvHE&#8221;][\/vc_column][\/vc_row][vc_row css=&#8221;.vc_custom_1512236295019{padding-top: 50px !important;}&#8221; id=&#8221;inostriservizi&#8221;][vc_column][mk_ornamental_title font_family=&#8221;none&#8221; font_size=&#8221;20&#8243; font_weight=&#8221;bold&#8221; font_style=&#8221;normal&#8221; txt_transform=&#8221;capitalize&#8221; ornament_style=&#8221;norman-short-single&#8221; nss_align=&#8221;center&#8221; ornament_color=&#8221;#00a3d1&#8243; animation=&#8221;fade-in&#8221;]I NOSTRI SERVIZI[\/mk_ornamental_title][vc_row_inner is_fullwidth_content=&#8221;false&#8221; column_padding=&#8221;3&#8243;][vc_column_inner width=&#8221;1\/3&#8243; css=&#8221;.vc_custom_1499718461120{margin-bottom: 20px !important;}&#8221;][vc_single_image image=&#8221;1800&#8243; img_size=&#8221;full&#8221; onclick=&#8221;custom_link&#8221; link=&#8221;https:\/\/www.azurtraduction.com\/it\/traduzione\/&#8221;][\/vc_column_inner][vc_column_inner width=&#8221;1\/3&#8243; css=&#8221;.vc_custom_1499718466644{margin-bottom: 20px !important;}&#8221;][vc_single_image image=&#8221;1790&#8243; img_size=&#8221;full&#8221; onclick=&#8221;custom_link&#8221; link=&#8221;https:\/\/www.azurtraduction.com\/it\/interpretariato\/&#8221;][\/vc_column_inner][vc_column_inner width=&#8221;1\/3&#8243;][vc_single_image image=&#8221;1795&#8243; img_size=&#8221;full&#8221; onclick=&#8221;custom_link&#8221; link=&#8221;https:\/\/www.azurtraduction.com\/it\/formazione-linguistica\/&#8221;][\/vc_column_inner][\/vc_row_inner][\/vc_column][\/vc_row][vc_row css=&#8221;.vc_custom_1512236328530{margin-top: 50px !important;margin-bottom: 30px !important;}&#8221; id=&#8221;inostriempegni&#8221;][vc_column][mk_ornamental_title font_family=&#8221;none&#8221; font_size=&#8221;20&#8243; font_weight=&#8221;bold&#8221; font_style=&#8221;normal&#8221; txt_transform=&#8221;capitalize&#8221; ornament_style=&#8221;norman-short-single&#8221; nss_align=&#8221;center&#8221; ornament_color=&#8221;#00a3d1&#8243; animation=&#8221;fade-in&#8221;]I NOSTRI IMPEGNI[\/mk_ornamental_title][vc_column_text align=&#8221;center&#8221;]\n<h4 style=\"text-align: center;\">L\u2019agenzia AZUR TRADUCTION ha sede a Nizza, nei pressi del centro citt\u00e0. Offre servizi linguistici alle imprese e ai privati.<\/h4>\n<p style=\"text-align: center;\">Le nostre competenze spaziano in numerosi settori d\u2019attivit\u00e0. La nostra rete di collaboratori, situati dappertutto nel mondo, ci permette di tradurre le maggiori lingue europee (francese, greco, inglese, italiano, portoghese, spagnolo, svedese, tedesco\u2026) e anche alcune lingue pi\u00f9 \u2018esotiche\u2019 (arabo, cinese, giapponese, russo\u2026).<\/p>\n[\/vc_column_text][\/vc_column][\/vc_row][vc_row css=&#8221;.vc_custom_1498484523960{margin-bottom: 60px !important;}&#8221;][vc_column width=&#8221;1\/3&#8243;][mk_ornamental_title font_family=&#8221;none&#8221; font_size=&#8221;20&#8243; font_weight=&#8221;bold&#8221; font_style=&#8221;normal&#8221; txt_transform=&#8221;uppercase&#8221; ornament_style=&#8221;lemo-single&#8221; nss_align=&#8221;right&#8221; ornament_color=&#8221;#00a3d1&#8243; margin_top=&#8221;10&#8243; margin_bottom=&#8221;10&#8243; animation=&#8221;fade-in&#8221;]Verifica[\/mk_ornamental_title][vc_column_text align=&#8221;right&#8221; animation=&#8221;top-to-bottom&#8221; el_class=&#8221;p2&#8243;]\n<div style=\"float: right;\">Tutte le traduzioni sono controllate da un responsabile di progetto prima della consegna.<\/div>\n[\/vc_column_text][vc_empty_space height=&#8221;20px&#8221;][mk_ornamental_title font_family=&#8221;none&#8221; font_size=&#8221;20&#8243; font_weight=&#8221;bold&#8221; font_style=&#8221;normal&#8221; txt_transform=&#8221;uppercase&#8221; ornament_style=&#8221;lemo-single&#8221; nss_align=&#8221;right&#8221; ornament_color=&#8221;#00a3d1&#8243; margin_top=&#8221;10&#8243; margin_bottom=&#8221;10&#8243; animation=&#8221;fade-in&#8221;]Responsabile di progetto dedicato[\/mk_ornamental_title][vc_column_text align=&#8221;right&#8221; animation=&#8221;top-to-bottom&#8221; el_class=&#8221;p2&#8243;]\n<div style=\"float: right;\">Per ogni richiesta viene designato un responsabile di progetto. Questa persona sar\u00e0 l\u2019intermediario esclusivo con il cliente.<\/div>\n[\/vc_column_text][vc_empty_space height=&#8221;20px&#8221;][mk_ornamental_title font_family=&#8221;none&#8221; font_size=&#8221;20&#8243; font_weight=&#8221;bold&#8221; font_style=&#8221;normal&#8221; txt_transform=&#8221;uppercase&#8221; ornament_style=&#8221;lemo-single&#8221; nss_align=&#8221;right&#8221; ornament_color=&#8221;#00a3d1&#8243; margin_top=&#8221;10&#8243; margin_bottom=&#8221;10&#8243; animation=&#8221;fade-in&#8221;]Rispetto delle scadenze[\/mk_ornamental_title][vc_column_text align=&#8221;right&#8221; animation=&#8221;top-to-bottom&#8221; el_class=&#8221;p2&#8243;]\n<div style=\"float: right;\">AZUR TRADUCTION si impegna a rispettare le scadenze indicate nel preventivo rilasciato.<br \/>\nIn quanto professionisti, noi di AZUR TRADUCTION comprendiamo l\u2019urgenza di certi documenti e possiamo, in determinate condizioni, lavorare anche con scadenze ravvicinate.<\/div>\n[\/vc_column_text][\/vc_column][vc_column width=&#8221;1\/3&#8243; css=&#8221;.vc_custom_1495008774365{margin-top: 50px !important;}&#8221;][mk_image src=&#8221;https:\/\/www.azurtraduction.com\/wp-content\/uploads\/2017\/05\/nos-valeurs.png&#8221; image_size=&#8221;full&#8221; align=&#8221;center&#8221; margin_bottom=&#8221;50&#8243;][\/vc_column][vc_column width=&#8221;1\/3&#8243;][mk_ornamental_title font_family=&#8221;none&#8221; font_size=&#8221;20&#8243; font_weight=&#8221;bold&#8221; font_style=&#8221;normal&#8221; txt_transform=&#8221;uppercase&#8221; ornament_style=&#8221;lemo-single&#8221; ornament_color=&#8221;#00a3d1&#8243; margin_top=&#8221;10&#8243; margin_bottom=&#8221;10&#8243; animation=&#8221;fade-in&#8221;]Riservatezza[\/mk_ornamental_title][vc_column_text animation=&#8221;top-to-bottom&#8221;]\n<div style=\"float: left;\">AZUR TRADUCTION garantisce la pi\u00f9 assoluta riservatezza per i documenti che le vengono affidati.<\/div>\n[\/vc_column_text][vc_empty_space height=&#8221;20px&#8221;][mk_ornamental_title font_family=&#8221;none&#8221; font_size=&#8221;20&#8243; font_weight=&#8221;bold&#8221; font_style=&#8221;normal&#8221; txt_transform=&#8221;uppercase&#8221; ornament_style=&#8221;lemo-single&#8221; ornament_color=&#8221;#00a3d1&#8243; margin_top=&#8221;10&#8243; margin_bottom=&#8221;10&#8243; animation=&#8221;fade-in&#8221;]Rispetto della terminologia[\/mk_ornamental_title][vc_column_text animation=&#8221;top-to-bottom&#8221;]\n<div style=\"float: left;\">Se la vostra azienda ha una propria terminologia ed \u00e8 in grado di fornire il glossario corrispondente, noi ci impegniamo a rispettarlo.<\/div>\n[\/vc_column_text][vc_empty_space height=&#8221;20px&#8221;][mk_ornamental_title font_family=&#8221;none&#8221; font_size=&#8221;20&#8243; font_weight=&#8221;bold&#8221; font_style=&#8221;normal&#8221; txt_transform=&#8221;uppercase&#8221; ornament_style=&#8221;lemo-single&#8221; ornament_color=&#8221;#00a3d1&#8243; margin_top=&#8221;10&#8243; margin_bottom=&#8221;10&#8243; animation=&#8221;fade-in&#8221;]Selezione dei professionisti[\/mk_ornamental_title][vc_column_text animation=&#8221;top-to-bottom&#8221;]\n<div style=\"float: left;\">Tutti i nostri professionisti lavorano esclusivamente verso la propria lingua materna. Sono professionisti con titoli di studio specifici che padroneggiano il settore dei testi da tradurre. Anche gli interpreti sono rigorosamente selezionati in funzione della loro padronanza delle varie lingue (lingue A, B, C) e del settore di specializzazione.<\/div>\n[\/vc_column_text][\/vc_column][\/vc_row][vc_row fullwidth=&#8221;true&#8221; fullwidth_content=&#8221;false&#8221; css=&#8221;.vc_custom_1516772400765{padding-top: 100px !important;background-image: url(https:\/\/www.azurtraduction.com\/wp-content\/uploads\/2017\/05\/testimonials-background-azu-traduction.jpg?id=1062) !important;background-position: center !important;background-repeat: no-repeat !important;background-size: cover !important;}&#8221;][vc_column][mk_ornamental_title font_family=&#8221;none&#8221; font_size=&#8221;20&#8243; font_weight=&#8221;bold&#8221; font_style=&#8221;normal&#8221; txt_transform=&#8221;capitalize&#8221; ornament_style=&#8221;norman-short-single&#8221; nss_align=&#8221;center&#8221; ornament_color=&#8221;#00a3d1&#8243; animation=&#8221;fade-in&#8221;]TESTIMONIANZE DEL CLIENTE[\/mk_ornamental_title][mk_testimonials text_color=&#8221;#444444&#8243; author_color=&#8221;#11c8f4&#8243; skill_color=&#8221;#444444&#8243; font_weight=&#8221;400&#8243; font_style=&#8221;normal&#8221;][\/vc_column][\/vc_row][vc_row fullwidth=&#8221;true&#8221; css=&#8221;.vc_custom_1516772611553{padding-top: 60px !important;padding-bottom: 100px !important;background-image: url(https:\/\/www.azurtraduction.com\/wp-content\/uploads\/2017\/05\/nice-baie-illustration.jpg?id=1304) !important;}&#8221;][vc_column width=&#8221;1\/3&#8243;][mk_chart percent=&#8221;87&#8243; bar_color=&#8221;#11c8f4&#8243; content_type=&#8221;custom_text&#8221; custom_text=&#8221;268&#8243; custom_text_size=&#8221;20&#8243; desc=&#8221;CLIENTI&#8221; desc_text_size=&#8221;20&#8243; desc_color=&#8221;#ffffff&#8221;][\/vc_column][vc_column width=&#8221;1\/3&#8243;][mk_chart percent=&#8221;68&#8243; bar_color=&#8221;#11c8f4&#8243; content_type=&#8221;custom_text&#8221; custom_text=&#8221;1875&#8243; custom_text_size=&#8221;20&#8243; desc=&#8221;PROGETTI&#8221; desc_text_size=&#8221;20&#8243; desc_color=&#8221;#ffffff&#8221;][\/vc_column][vc_column width=&#8221;1\/3&#8243;][mk_chart percent=&#8221;88&#8243; bar_color=&#8221;#11c8f4&#8243; content_type=&#8221;custom_text&#8221; custom_text=&#8221;37592&#8243; custom_text_size=&#8221;20&#8243; desc=&#8221;E-MAIL&#8221; desc_text_size=&#8221;20&#8243; desc_color=&#8221;#ffffff&#8221;][\/vc_column][\/vc_row][vc_row id=&#8221;contatto&#8221; css=&#8221;.vc_custom_1512236341765{padding-top: 60px !important;}&#8221;][vc_column][mk_ornamental_title font_family=&#8221;none&#8221; font_size=&#8221;20&#8243; font_weight=&#8221;bold&#8221; font_style=&#8221;normal&#8221; txt_transform=&#8221;capitalize&#8221; ornament_style=&#8221;norman-short-single&#8221; nss_align=&#8221;center&#8221; ornament_color=&#8221;#00a3d1&#8243; margin_bottom=&#8221;40&#8243; animation=&#8221;fade-in&#8221;]CONTATTO[\/mk_ornamental_title]\n<div class=\"wpcf7 no-js\" id=\"wpcf7-f937-o1\" lang=\"en-US\" dir=\"ltr\">\n<div class=\"screen-reader-response\"><p role=\"status\" aria-live=\"polite\" aria-atomic=\"true\"><\/p> <ul><\/ul><\/div>\n<form action=\"\/it\/wp-json\/wp\/v2\/pages\/840#wpcf7-f937-o1\" method=\"post\" class=\"wpcf7-form init\" aria-label=\"Contact form\" novalidate=\"novalidate\" data-status=\"init\">\n<div style=\"display: none;\">\n<input type=\"hidden\" name=\"_wpcf7\" value=\"937\" \/>\n<input type=\"hidden\" name=\"_wpcf7_version\" value=\"5.8.6\" \/>\n<input type=\"hidden\" name=\"_wpcf7_locale\" value=\"en_US\" \/>\n<input type=\"hidden\" name=\"_wpcf7_unit_tag\" value=\"wpcf7-f937-o1\" \/>\n<input type=\"hidden\" name=\"_wpcf7_container_post\" value=\"0\" \/>\n<input type=\"hidden\" name=\"_wpcf7_posted_data_hash\" value=\"\" \/>\n<input type=\"hidden\" name=\"_wpcf7_recaptcha_response\" value=\"\" \/>\n<\/div>\n<p><span class=\"wpcf7-form-control-wrap\" data-name=\"your-name\"><input size=\"40\" class=\"wpcf7-form-control wpcf7-text wpcf7-validates-as-required\" id=\"name\" aria-required=\"true\" aria-invalid=\"false\" placeholder=\"Cognome*\" value=\"\" type=\"text\" name=\"your-name\" \/><\/span>\n<\/p>\n<p><span class=\"wpcf7-form-control-wrap\" data-name=\"forename\"><input size=\"40\" class=\"wpcf7-form-control wpcf7-text wpcf7-validates-as-required\" id=\"forename\" aria-required=\"true\" aria-invalid=\"false\" placeholder=\"Nome*\" value=\"\" type=\"text\" name=\"forename\" \/><\/span>\n<\/p>\n<p><span class=\"wpcf7-form-control-wrap\" data-name=\"company\"><input size=\"40\" class=\"wpcf7-form-control wpcf7-text\" id=\"company\" aria-invalid=\"false\" placeholder=\"Societ\u00e0\" value=\"\" type=\"text\" name=\"company\" \/><\/span>\n<\/p>\n<p><span class=\"wpcf7-form-control-wrap\" data-name=\"address\"><input size=\"40\" class=\"wpcf7-form-control wpcf7-text\" id=\"address\" aria-invalid=\"false\" placeholder=\"Indirizzo\" value=\"\" type=\"text\" name=\"address\" \/><\/span>\n<\/p>\n<p><span class=\"wpcf7-form-control-wrap\" data-name=\"country\"><input size=\"40\" class=\"wpcf7-form-control wpcf7-text\" id=\"country\" aria-invalid=\"false\" placeholder=\"Citt\u00e0\" value=\"\" type=\"text\" name=\"country\" \/><\/span>\n<\/p>\n<p><span class=\"wpcf7-form-control-wrap\" data-name=\"tel\"><input size=\"40\" class=\"wpcf7-form-control wpcf7-text wpcf7-validates-as-required\" id=\"tel\" aria-required=\"true\" aria-invalid=\"false\" placeholder=\"Telefono*\" value=\"\" type=\"text\" name=\"tel\" \/><\/span>\n<\/p>\n<p><span class=\"wpcf7-form-control-wrap\" data-name=\"your-email\"><input size=\"40\" class=\"wpcf7-form-control wpcf7-email wpcf7-validates-as-required wpcf7-text wpcf7-validates-as-email\" id=\"email\" aria-required=\"true\" aria-invalid=\"false\" placeholder=\"E-mail*\" value=\"\" type=\"email\" name=\"your-email\" \/><\/span>\n<\/p>\n<p>TIPO DI RICHIESTA:* <span class=\"wpcf7-form-control-wrap\" data-name=\"services\"><span class=\"wpcf7-form-control wpcf7-checkbox\"><span class=\"wpcf7-list-item first\"><span class=\"wpcf7-list-item-label\">Traduzione<\/span><input type=\"checkbox\" name=\"services[]\" value=\"Traduzione\" \/><\/span><span class=\"wpcf7-list-item\"><span class=\"wpcf7-list-item-label\">Interpretariato<\/span><input type=\"checkbox\" name=\"services[]\" value=\"Interpretariato\" \/><\/span><span class=\"wpcf7-list-item last\"><span class=\"wpcf7-list-item-label\">Formazione linguistica<\/span><input type=\"checkbox\" name=\"services[]\" value=\"Formazione linguistica\" \/><\/span><\/span><\/span>\n<\/p>\n<p><span class=\"wpcf7-form-control-wrap\" data-name=\"your-message\"><textarea cols=\"40\" rows=\"10\" class=\"wpcf7-form-control wpcf7-textarea wpcf7-validates-as-required\" id=\"message\" aria-required=\"true\" aria-invalid=\"false\" placeholder=\"Messaggio*\" name=\"your-message\"><\/textarea><\/span>\n<\/p>\n\n<p><input class=\"wpcf7-form-control wpcf7-submit has-spinner send_message\" id=\"send\" type=\"submit\" value=\"INVIO\" \/>\n<\/p><div class=\"wpcf7-response-output\" aria-hidden=\"true\"><\/div>\n<\/form>\n<\/div>\n[\/vc_column][\/vc_row][vc_row fullwidth=&#8221;true&#8221; fullwidth_content=&#8221;false&#8221; css=&#8221;.vc_custom_1497032542618{padding-top: 40px !important;background-color: #f2f2f2 !important;}&#8221;][vc_column][mk_ornamental_title font_family=&#8221;none&#8221; font_size=&#8221;20&#8243; font_weight=&#8221;bold&#8221; font_style=&#8221;normal&#8221; txt_transform=&#8221;capitalize&#8221; ornament_style=&#8221;norman-short-single&#8221; nss_align=&#8221;center&#8221; ornament_color=&#8221;#00a3d1&#8243; animation=&#8221;fade-in&#8221;]I NOSTRI PARTNER[\/mk_ornamental_title][mk_clients style=&#8221;column&#8221; column=&#8221;5&#8243; gutter_space=&#8221;2&#8243; title=&#8221;OUR PARTNERS&#8221; count=&#8221;5&#8243; height=&#8221;170&#8243; target=&#8221;_blank&#8221; margin_bottom=&#8221;30&#8243;][\/vc_column][\/vc_row][vc_row fullwidth=&#8221;true&#8221; fullwidth_content=&#8221;false&#8221; css=&#8221;.vc_custom_1584971636431{padding-top: 120px !important;padding-bottom: 80px !important;background-image: url(https:\/\/www.azurtraduction.com\/wp-content\/uploads\/2020\/03\/ms2_0629-bas-de-page-gris.jpg?id=1704) !important;}&#8221; id=&#8221;aboutus&#8221;][vc_column][vc_row_inner][vc_column_inner][vc_cta h2=&#8221;LEGGI LA NOSTRA BROCHURE:&#8221; txt_align=&#8221;center&#8221; shape=&#8221;square&#8221; color=&#8221;blue&#8221; add_button=&#8221;bottom&#8221; btn_title=&#8221;DOWNLOAD&#8221; btn_style=&#8221;classic&#8221; btn_shape=&#8221;square&#8221; btn_color=&#8221;turquoise&#8221; btn_align=&#8221;left&#8221; btn_i_icon_fontawesome=&#8221;fa fa-download&#8221; add_icon=&#8221;left&#8221; i_icon_fontawesome=&#8221;fa fa-files-o&#8221; i_color=&#8221;custom&#8221; i_size=&#8221;xl&#8221; btn_add_icon=&#8221;true&#8221; i_custom_color=&#8221;#444444&#8243; btn_link=&#8221;url:https%3A%2F%2Fwww.azurtraduction.com%2Fwp-content%2Fuploads%2F2018%2Fazur-traduction-brochure.pdf||target:%20_blank|&#8221;][\/vc_cta][\/vc_column_inner][\/vc_row_inner][\/vc_column][\/vc_row]\n","protected":false},"excerpt":{"rendered":"<p>[vc_row visibility=&#8221;hidden-sm&#8221; css=&#8221;.vc_custom_1584972141254{margin-top: 50px !important;background-position: center !important;background-repeat: no-repeat !important;background-size: cover !important;}&#8221;][vc_column width=&#8221;1\/2&#8243;][vc_custom_heading text=&#8221;L\u2019agenzia di traduzioni a misura d\u2019uomo&#8221; font_container=&#8221;tag:h1|font_size:40px|text_align:left|color:%2311c8f4&#8243; google_fonts=&#8221;font_family:Roboto%3A100%2C100italic%2C300%2C300italic%2Cregular%2Citalic%2C500%2C500italic%2C700%2C700italic%2C900%2C900italic|font_style:700%20bold%20regular%3A700%3Anormal&#8221;][vc_column_text]L\u2019agenzia AZUR TRADUCTION ha sede a Nizza, nei pressi del centro citt\u00e0. Offre servizi linguistici alle imprese e ai privati. \u2028Le nostre competenze spaziano in numerosi settori d\u2019attivit\u00e0. La nostra rete di collaboratori, situati dappertutto nel [&hellip;]<\/p>\n","protected":false},"author":2,"featured_media":0,"parent":0,"menu_order":0,"comment_status":"closed","ping_status":"closed","template":"","meta":{"_monsterinsights_skip_tracking":false,"_monsterinsights_sitenote_active":false,"_monsterinsights_sitenote_note":"","_monsterinsights_sitenote_category":0,"footnotes":""},"yoast_head":"<!-- This site is optimized with the Yoast SEO plugin v21.9.1 - https:\/\/yoast.com\/wordpress\/plugins\/seo\/ -->\n<title>Azur Traduction - Traduttrice a Nizza - Agenzia di Traduzione<\/title>\n<meta name=\"description\" content=\"Agenzia di Traduzione a Nizza - Azur Traduction propone Traduzioni di Qualit\u00e0 e Tempistiche Rapide - Diversi ambiti di competenza - Preventivo gratuito\" \/>\n<meta name=\"robots\" content=\"index, follow, max-snippet:-1, max-image-preview:large, max-video-preview:-1\" \/>\n<link rel=\"canonical\" href=\"https:\/\/www.azurtraduction.com\/it\/\" \/>\n<meta property=\"og:locale\" content=\"it_IT\" \/>\n<meta property=\"og:type\" content=\"article\" \/>\n<meta property=\"og:title\" content=\"Azur Traduction - Traduttrice a Nizza - Agenzia di Traduzione\" \/>\n<meta property=\"og:description\" content=\"Agenzia di Traduzione a Nizza - Azur Traduction propone Traduzioni di Qualit\u00e0 e Tempistiche Rapide - Diversi ambiti di competenza - Preventivo gratuito\" \/>\n<meta property=\"og:url\" content=\"https:\/\/www.azurtraduction.com\/it\/\" \/>\n<meta property=\"og:site_name\" content=\"AZUR TRADUCTION, langues europ\u00e9ennes ou plus \u00ab exotiques \u00bb, domaines juridique, technique, immobilier, marketing, communication ou tourisme, interpr\u00e9tation ou cours de langues, votre satisfaction est notre r\u00e9compense.\" \/>\n<meta property=\"article:modified_time\" content=\"2022-11-18T14:41:51+00:00\" \/>\n<meta name=\"twitter:card\" content=\"summary_large_image\" \/>\n<meta name=\"twitter:label1\" content=\"Tempo di lettura stimato\" \/>\n\t<meta name=\"twitter:data1\" content=\"3 minuti\" \/>\n<script type=\"application\/ld+json\" class=\"yoast-schema-graph\">{\"@context\":\"https:\/\/schema.org\",\"@graph\":[{\"@type\":\"WebPage\",\"@id\":\"https:\/\/www.azurtraduction.com\/it\/\",\"url\":\"https:\/\/www.azurtraduction.com\/it\/\",\"name\":\"Azur Traduction - Traduttrice a Nizza - Agenzia di Traduzione\",\"isPartOf\":{\"@id\":\"https:\/\/www.azurtraduction.com\/#website\"},\"datePublished\":\"2017-05-11T09:34:45+00:00\",\"dateModified\":\"2022-11-18T14:41:51+00:00\",\"description\":\"Agenzia di Traduzione a Nizza - Azur Traduction propone Traduzioni di Qualit\u00e0 e Tempistiche Rapide - Diversi ambiti di competenza - Preventivo gratuito\",\"breadcrumb\":{\"@id\":\"https:\/\/www.azurtraduction.com\/it\/#breadcrumb\"},\"inLanguage\":\"it-IT\",\"potentialAction\":[{\"@type\":\"ReadAction\",\"target\":[\"https:\/\/www.azurtraduction.com\/it\/\"]}]},{\"@type\":\"BreadcrumbList\",\"@id\":\"https:\/\/www.azurtraduction.com\/it\/#breadcrumb\",\"itemListElement\":[{\"@type\":\"ListItem\",\"position\":1,\"name\":\"Home\",\"item\":\"https:\/\/www.azurtraduction.com\/it\/\"},{\"@type\":\"ListItem\",\"position\":2,\"name\":\"Home\"}]},{\"@type\":\"WebSite\",\"@id\":\"https:\/\/www.azurtraduction.com\/#website\",\"url\":\"https:\/\/www.azurtraduction.com\/\",\"name\":\"AZUR TRADUCTION, langues europ\u00e9ennes ou plus \u00ab exotiques \u00bb, domaines juridique, technique, immobilier, marketing, communication ou tourisme, interpr\u00e9tation ou cours de langues, votre satisfaction est notre r\u00e9compense.\",\"description\":\"AZUR TRADUCTION, langues europ\u00e9ennes ou plus \u00ab exotiques \u00bb, domaines juridique, technique, immobilier, marketing, communication ou tourisme, interpr\u00e9tation ou cours de langues, votre satisfaction est notre r\u00e9compense.\",\"potentialAction\":[{\"@type\":\"SearchAction\",\"target\":{\"@type\":\"EntryPoint\",\"urlTemplate\":\"https:\/\/www.azurtraduction.com\/?s={search_term_string}\"},\"query-input\":\"required name=search_term_string\"}],\"inLanguage\":\"it-IT\"}]}<\/script>\n<!-- \/ Yoast SEO plugin. -->","yoast_head_json":{"title":"Azur Traduction - Traduttrice a Nizza - Agenzia di Traduzione","description":"Agenzia di Traduzione a Nizza - Azur Traduction propone Traduzioni di Qualit\u00e0 e Tempistiche Rapide - Diversi ambiti di competenza - Preventivo gratuito","robots":{"index":"index","follow":"follow","max-snippet":"max-snippet:-1","max-image-preview":"max-image-preview:large","max-video-preview":"max-video-preview:-1"},"canonical":"https:\/\/www.azurtraduction.com\/it\/","og_locale":"it_IT","og_type":"article","og_title":"Azur Traduction - Traduttrice a Nizza - Agenzia di Traduzione","og_description":"Agenzia di Traduzione a Nizza - Azur Traduction propone Traduzioni di Qualit\u00e0 e Tempistiche Rapide - Diversi ambiti di competenza - Preventivo gratuito","og_url":"https:\/\/www.azurtraduction.com\/it\/","og_site_name":"AZUR TRADUCTION, langues europ\u00e9ennes ou plus \u00ab exotiques \u00bb, domaines juridique, technique, immobilier, marketing, communication ou tourisme, interpr\u00e9tation ou cours de langues, votre satisfaction est notre r\u00e9compense.","article_modified_time":"2022-11-18T14:41:51+00:00","twitter_card":"summary_large_image","twitter_misc":{"Tempo di lettura stimato":"3 minuti"},"schema":{"@context":"https:\/\/schema.org","@graph":[{"@type":"WebPage","@id":"https:\/\/www.azurtraduction.com\/it\/","url":"https:\/\/www.azurtraduction.com\/it\/","name":"Azur Traduction - Traduttrice a Nizza - Agenzia di Traduzione","isPartOf":{"@id":"https:\/\/www.azurtraduction.com\/#website"},"datePublished":"2017-05-11T09:34:45+00:00","dateModified":"2022-11-18T14:41:51+00:00","description":"Agenzia di Traduzione a Nizza - Azur Traduction propone Traduzioni di Qualit\u00e0 e Tempistiche Rapide - Diversi ambiti di competenza - Preventivo gratuito","breadcrumb":{"@id":"https:\/\/www.azurtraduction.com\/it\/#breadcrumb"},"inLanguage":"it-IT","potentialAction":[{"@type":"ReadAction","target":["https:\/\/www.azurtraduction.com\/it\/"]}]},{"@type":"BreadcrumbList","@id":"https:\/\/www.azurtraduction.com\/it\/#breadcrumb","itemListElement":[{"@type":"ListItem","position":1,"name":"Home","item":"https:\/\/www.azurtraduction.com\/it\/"},{"@type":"ListItem","position":2,"name":"Home"}]},{"@type":"WebSite","@id":"https:\/\/www.azurtraduction.com\/#website","url":"https:\/\/www.azurtraduction.com\/","name":"AZUR TRADUCTION, langues europ\u00e9ennes ou plus \u00ab exotiques \u00bb, domaines juridique, technique, immobilier, marketing, communication ou tourisme, interpr\u00e9tation ou cours de langues, votre satisfaction est notre r\u00e9compense.","description":"AZUR TRADUCTION, langues europ\u00e9ennes ou plus \u00ab exotiques \u00bb, domaines juridique, technique, immobilier, marketing, communication ou tourisme, interpr\u00e9tation ou cours de langues, votre satisfaction est notre r\u00e9compense.","potentialAction":[{"@type":"SearchAction","target":{"@type":"EntryPoint","urlTemplate":"https:\/\/www.azurtraduction.com\/?s={search_term_string}"},"query-input":"required name=search_term_string"}],"inLanguage":"it-IT"}]}},"_links":{"self":[{"href":"https:\/\/www.azurtraduction.com\/it\/wp-json\/wp\/v2\/pages\/840"}],"collection":[{"href":"https:\/\/www.azurtraduction.com\/it\/wp-json\/wp\/v2\/pages"}],"about":[{"href":"https:\/\/www.azurtraduction.com\/it\/wp-json\/wp\/v2\/types\/page"}],"author":[{"embeddable":true,"href":"https:\/\/www.azurtraduction.com\/it\/wp-json\/wp\/v2\/users\/2"}],"replies":[{"embeddable":true,"href":"https:\/\/www.azurtraduction.com\/it\/wp-json\/wp\/v2\/comments?post=840"}],"version-history":[{"count":26,"href":"https:\/\/www.azurtraduction.com\/it\/wp-json\/wp\/v2\/pages\/840\/revisions"}],"predecessor-version":[{"id":5765,"href":"https:\/\/www.azurtraduction.com\/it\/wp-json\/wp\/v2\/pages\/840\/revisions\/5765"}],"wp:attachment":[{"href":"https:\/\/www.azurtraduction.com\/it\/wp-json\/wp\/v2\/media?parent=840"}],"curies":[{"name":"wp","href":"https:\/\/api.w.org\/{rel}","templated":true}]}}