{"id":843,"date":"2017-07-25T13:32:19","date_gmt":"2017-07-25T13:32:19","guid":{"rendered":"http:\/\/www.azurtraduction.com\/translation\/"},"modified":"2020-03-23T13:50:12","modified_gmt":"2020-03-23T12:50:12","slug":"traduzione","status":"publish","type":"page","link":"https:\/\/www.azurtraduction.com\/it\/traduzione\/","title":{"rendered":"Traduzione"},"content":{"rendered":"[vc_row fullwidth=&#8221;true&#8221;][vc_column][mk_image src=&#8221;https:\/\/www.azurtraduction.com\/wp-content\/uploads\/2020\/02\/ms2_0612-traduction.jpg&#8221; image_size=&#8221;full&#8221; margin_bottom=&#8221;00&#8243;][\/vc_column][\/vc_row][vc_row css=&#8221;.vc_custom_1501157675443{padding-top: 50px !important;padding-bottom: 30px !important;}&#8221;][vc_column][mk_ornamental_title font_family=&#8221;none&#8221; font_size=&#8221;30&#8243; font_weight=&#8221;bold&#8221; font_style=&#8221;normal&#8221; txt_transform=&#8221;capitalize&#8221; ornament_style=&#8221;lemo-single&#8221; nss_align=&#8221;center&#8221; ornament_color=&#8221;#000000&#8243; animation=&#8221;fade-in&#8221;]TRADUZIONE[\/mk_ornamental_title][vc_column_text align=&#8221;center&#8221; animation=&#8221;top-to-bottom&#8221;]<span style=\"color: #11c8f4;\"><strong>Professionalit\u00e0: contiamo su una rete di traduttori di lingua madre e specializzati per poter trasferire con la massima fedelt\u00e0 il documento nella lingua di destinazione. Traduciamo per voi nelle principali lingue europee e in altre pi\u00f9 \u2018esotiche\u2019, in moltissimi settori.<\/strong><\/span>[\/vc_column_text][\/vc_column][\/vc_row][vc_row fullwidth=&#8221;true&#8221;][vc_column]<div class=\"cq-colorblock customized square \" data-titlesize=\"18px\" data-image=\"https:\/\/www.azurtraduction.com\/wp-content\/uploads\/2017\/07\/traduction-jurifique.jpg\" data-contentcolor=\"#000000\" data-textblockbg=\"customized\" data-custombgcolor=\"#e8e8e8\"><div class=\"cq-colorblock-imagecontainer\"><img decoding=\"async\" src=\"https:\/\/www.azurtraduction.com\/wp-content\/uploads\/2017\/07\/traduction-jurifique.jpg\" class=\"cq-coverslider-image\" alt=\"Traduction Juridique\"><\/a> <\/div><div class=\"cq-colorblock-textcontainer\"><div class=\"cq-colorblock-content\"><h4 class=\"cq-colorblock-title\">TRADUZIONE GIURIDICA<\/h4><div class=\"cq-colorblock-caption\">\n<p style=\"text-align: justify;\">Particolarmente delicata, perch\u00e9 precisa, la traduzione giuridica richiede l\u2019intervento di uno specialista in grado di tradurre contratti, statuti societari, atti giudiziari, sentenze, atti notarili e di stato civile, condizioni generali di vendita, accordi di riservatezza, procure e documenti amministrativi (carte d\u2019identit\u00e0, patenti di guida, passaporti).<\/p>\n<\/div><\/div><\/div><\/div><div class=\"cq-colorblock customized square \" data-titlesize=\"18px\" data-image=\"https:\/\/www.azurtraduction.com\/wp-content\/uploads\/2017\/07\/traduction-assermentee.jpg\" data-contentcolor=\"#000000\" data-textblockbg=\"customized\" data-custombgcolor=\"#e8e8e8\"><div class=\"cq-colorblock-textcontainer\"><div class=\"cq-colorblock-content\"><h4 class=\"cq-colorblock-title\">TRADUZIONE ASSEVERATA<\/h4><div class=\"cq-colorblock-caption\">\n<p style=\"text-align: justify;\">La traduzione asseverata porta il timbro e la firma di un perito-traduttore designato da un tribunale. \u00c8 la certificazione comprovante che la traduzione \u00e8 del tutto conforme al testo originale. Queste traduzioni ufficiali hanno validit\u00e0 per tribunali e amministrazioni, e possono servire per esempio ai privati per atti di stato civile, agli avvocati per il deposito di documenti in un fascicolo o anche ai notai in occasione delle successioni.<br \/>\nL\u2019asseverazione \u00e8 una procedura legale francese. Essendo i traduttori accreditati presso una Corte d\u2019appello francese, la combinazione linguistica della traduzione deve comprendere necessariamente la lingua francese. Le traduzioni asseverate sono sempre materialmente inviate al cliente via corriere.<\/p>\n<\/div><\/div><\/div><div class=\"cq-colorblock-imagecontainer\"><img decoding=\"async\" src=\"https:\/\/www.azurtraduction.com\/wp-content\/uploads\/2017\/07\/traduction-assermentee.jpg\" class=\"cq-coverslider-image\" alt=\"Traduction Assermentee\"><\/a> <\/div><\/div><div class=\"cq-colorblock customized square \" data-titlesize=\"18px\" data-image=\"https:\/\/www.azurtraduction.com\/wp-content\/uploads\/2017\/07\/legalisation.jpg\" data-contentcolor=\"#000000\" data-textblockbg=\"customized\" data-custombgcolor=\"#e8e8e8\"><div class=\"cq-colorblock-imagecontainer\"><img decoding=\"async\" src=\"https:\/\/www.azurtraduction.com\/wp-content\/uploads\/2017\/07\/legalisation.jpg\" class=\"cq-coverslider-image\" alt=\"Legalisation\"><\/a> <\/div><div class=\"cq-colorblock-textcontainer\"><div class=\"cq-colorblock-content\"><h4 class=\"cq-colorblock-title\">LEGALIZZAZIONE DELLE TRADUZIONI PER L\u2019ESTERO<\/h4><div class=\"cq-colorblock-caption\">\n<p style=\"text-align: justify;\">Le traduzioni realizzate in Francia ma da produrre all\u2019estero possono essere legalizzate presso la Camera di Commercio e Industria di Parigi, il Ministero degli Affari esteri oppure anche i Consolati. In questi casi si tratta di certificare ufficialmente l\u2019autenticit\u00e0 delle firme apposte su di esse.<\/p>\n<\/div><\/div><\/div><\/div><div class=\"cq-colorblock customized square \" data-titlesize=\"18px\" data-image=\"https:\/\/www.azurtraduction.com\/wp-content\/uploads\/2017\/07\/traduction-economique-et-financiere.jpg\" data-contentcolor=\"#000000\" data-textblockbg=\"customized\" data-custombgcolor=\"#e8e8e8\"><div class=\"cq-colorblock-textcontainer\"><div class=\"cq-colorblock-content\"><h4 class=\"cq-colorblock-title\">TRADUZIONE ECONOMICO-FINANZIARIA<\/h4><div class=\"cq-colorblock-caption\">\n<p style=\"text-align: justify;\">Bilanci, conti consolidati, presentazioni di strumenti finanziari, documenti contabili (fatture, preventivi\u2026), contratti di prestito, convenzioni d\u2019indennizzo, i documenti nel campo della finanza a volte possono essere critici. Consapevoli di questa sfida, i traduttori della nostra rete danno il massimo per fornire un lavoro di alta qualit\u00e0.<\/p>\n<\/div><\/div><\/div><div class=\"cq-colorblock-imagecontainer\"><img decoding=\"async\" src=\"https:\/\/www.azurtraduction.com\/wp-content\/uploads\/2017\/07\/traduction-economique-et-financiere.jpg\" class=\"cq-coverslider-image\" alt=\"Traduction Economique Et Financiere\"><\/a> <\/div><\/div><div class=\"cq-colorblock customized square \" data-titlesize=\"18px\" data-image=\"https:\/\/www.azurtraduction.com\/wp-content\/uploads\/2017\/07\/marketing-tourisme-communication.jpg\" data-contentcolor=\"#000000\" data-textblockbg=\"customized\" data-custombgcolor=\"#e8e8e8\"><div class=\"cq-colorblock-imagecontainer\"><img decoding=\"async\" src=\"https:\/\/www.azurtraduction.com\/wp-content\/uploads\/2017\/07\/marketing-tourisme-communication.jpg\" class=\"cq-coverslider-image\" alt=\"Marketing Tourisme Communication\"><\/a> <\/div><div class=\"cq-colorblock-textcontainer\"><div class=\"cq-colorblock-content\"><h4 class=\"cq-colorblock-title\">TRADUZIONE NEL SETTORE MARKETING \/ COMUNICAZIONE \/ TURISMO<\/h4><div class=\"cq-colorblock-caption\">\n<p style=\"text-align: justify;\">Per evitare i rischi di traduzione che possono rovinare una comunicazione spesso costosa, i nostri traduttori prendono in considerazione i riferimenti culturali propri di ogni paese, riuscendo a proporre un messaggio chiaro, per vari supporti: siti Internet, opuscoli, brochure, comunicati stampa, articoli, newsletter o biografie.<\/p>\n<\/div><\/div><\/div><\/div><div class=\"cq-colorblock customized square \" data-titlesize=\"18px\" data-image=\"https:\/\/www.azurtraduction.com\/wp-content\/uploads\/2017\/07\/traduction-immobilier.jpg\" data-contentcolor=\"#000000\" data-textblockbg=\"customized\" data-custombgcolor=\"#e8e8e8\"><div class=\"cq-colorblock-textcontainer\"><div class=\"cq-colorblock-content\"><h4 class=\"cq-colorblock-title\">TRADUZIONE NEL SETTORE IMMOBILIARE<\/h4><div class=\"cq-colorblock-caption\">\n<p style=\"text-align: justify;\">Per le traduzioni di verbali e convocazioni di assemblee, di promesse e compromessi di vendita, di contratti di locazione e di affitto, i nostri traduttori vi sapranno fornire documenti chiari e precisi, condicio sine qua non di ogni transazione a buon fine.<\/p>\n<\/div><\/div><\/div><div class=\"cq-colorblock-imagecontainer\"><img decoding=\"async\" src=\"https:\/\/www.azurtraduction.com\/wp-content\/uploads\/2017\/07\/traduction-immobilier.jpg\" class=\"cq-coverslider-image\" alt=\"Traduction Immobilier\"><\/a> <\/div><\/div><div class=\"cq-colorblock customized square \" data-titlesize=\"18px\" data-image=\"https:\/\/www.azurtraduction.com\/wp-content\/uploads\/2017\/07\/traduction-technique.jpg\" data-contentcolor=\"#000000\" data-textblockbg=\"customized\" data-custombgcolor=\"#e8e8e8\"><div class=\"cq-colorblock-imagecontainer\"><img decoding=\"async\" src=\"https:\/\/www.azurtraduction.com\/wp-content\/uploads\/2017\/07\/traduction-technique.jpg\" class=\"cq-coverslider-image\" alt=\"Traduction Technique\"><\/a> <\/div><div class=\"cq-colorblock-textcontainer\"><div class=\"cq-colorblock-content\"><h4 class=\"cq-colorblock-title\">TRADUZIONE TECNICA<\/h4><div class=\"cq-colorblock-caption\">\n<p style=\"text-align: justify;\">Che si tratti di manuali d\u2019uso, di applicazioni, di brevetti o di giochi video, noi garantiamo traduzioni rigorose realizzate da esperti abituati alle terminologie tecniche.<\/p>\n<\/div><\/div><\/div><\/div><div class=\"cq-colorblock customized square \" data-titlesize=\"18px\" data-image=\"https:\/\/www.azurtraduction.com\/wp-content\/uploads\/2017\/07\/traduction-medicale.jpg\" data-contentcolor=\"#000000\" data-textblockbg=\"customized\" data-custombgcolor=\"#e8e8e8\"><div class=\"cq-colorblock-textcontainer\"><div class=\"cq-colorblock-content\"><h4 class=\"cq-colorblock-title\">TRADUZIONE MEDICA<\/h4><div class=\"cq-colorblock-caption\">\n<p style=\"text-align: justify;\">Il nostro lavoro verte, naturalmente, sui certificati medici e i rendiconti di protocolli come pure sulle note illustrative dei medicinali.<\/p>\n<\/div><\/div><\/div><div class=\"cq-colorblock-imagecontainer\"><img decoding=\"async\" src=\"https:\/\/www.azurtraduction.com\/wp-content\/uploads\/2017\/07\/traduction-medicale.jpg\" class=\"cq-coverslider-image\" alt=\"Traduction Medicale\"><\/a> <\/div><\/div>[\/vc_column][\/vc_row][vc_row fullwidth=&#8221;true&#8221; column_padding=&#8221;4&#8243; css=&#8221;.vc_custom_1500990305228{padding-top: 50px !important;}&#8221; id=&#8221;services&#8221;][vc_column][mk_ornamental_title font_family=&#8221;none&#8221; font_size=&#8221;20&#8243; font_weight=&#8221;bold&#8221; font_style=&#8221;normal&#8221; txt_transform=&#8221;capitalize&#8221; ornament_style=&#8221;norman-short-single&#8221; nss_align=&#8221;center&#8221; ornament_color=&#8221;#00a3d1&#8243; animation=&#8221;fade-in&#8221;]ALTRI SERVIZI<br \/>\n[\/mk_ornamental_title][\/vc_column][\/vc_row][vc_row fullwidth=&#8221;true&#8221;][vc_column width=&#8221;1\/2&#8243;]<div class=\"cq-imageoverlay2-container  \" data-elementheight=\"\" data-overlaycolor=\"rgba(0,163,209,0.8)\"  data-image=\"1\" data-titlesize=\"\" data-contentsize=\"\" data-contentcolor=\"#ffffff\" data-overlaystyle=\"customized\" data-elementmargin=\"\"><a href=\"https:\/\/www.azurtraduction.com\/it\/interpretariato\/\" title=\"\" target=\"\" class=\"cq-imageoverlay2-link\"><div class=\"cq-imageoverlay2\"><img decoding=\"async\" src=\"https:\/\/www.azurtraduction.com\/wp-content\/uploads\/2017\/05\/interpretation-azur-traduction.jpg\" class=\"cq-imageoverlay2-img\" \/><div class=\"text-container\"><h3 class=\"cq-imageoverlay2-title\"><i class=\"cq-imageoverlay2-icon fa fa-compress\"><\/i> INTERPRETARIATO<\/h3><\/div><div class=\"cq-imageoverlay2-background\"><\/div><\/div><\/a><\/div>[\/vc_column][vc_column width=&#8221;1\/2&#8243;]<div class=\"cq-imageoverlay2-container  \" data-elementheight=\"\" data-overlaycolor=\"rgba(0,163,209,0.8)\"  data-image=\"1\" data-titlesize=\"\" data-contentsize=\"\" data-contentcolor=\"#ffffff\" data-overlaystyle=\"customized\" data-elementmargin=\"\"><a href=\"https:\/\/www.azurtraduction.com\/it\/formazione-linguistica\/\" title=\"\" target=\"\" class=\"cq-imageoverlay2-link\"><div class=\"cq-imageoverlay2\"><img decoding=\"async\" src=\"https:\/\/www.azurtraduction.com\/wp-content\/uploads\/2017\/05\/traduction-azur-traduction-thumb.jpg\" class=\"cq-imageoverlay2-img\" \/><div class=\"text-container\"><h3 class=\"cq-imageoverlay2-title\"><i class=\"cq-imageoverlay2-icon fa fa-american-sign-language-interpreting\"><\/i> FORMAZIONE LINGUISTICA<\/h3><\/div><div class=\"cq-imageoverlay2-background\"><\/div><\/div><\/a><\/div>[\/vc_column][\/vc_row][vc_row css=&#8221;.vc_custom_1497360409246{margin-top: 40px !important;margin-bottom: 50px !important;}&#8221;][vc_column width=&#8221;1\/4&#8243;][\/vc_column][vc_column width=&#8221;1\/2&#8243;][mk_button size=&#8221;large&#8221; letter_spacing=&#8221;2&#8243; icon=&#8221;mk-icon-info&#8221; url=&#8221;https:\/\/www.azurtraduction.com\/#contatto&#8221; align=&#8221;center&#8221; fullwidth=&#8221;true&#8221; bg_color=&#8221;#11c8f4&#8243;]PREVENTIVO \/ CONTATTO[\/mk_button][\/vc_column][vc_column width=&#8221;1\/4&#8243;][\/vc_column][\/vc_row]\n","protected":false},"excerpt":{"rendered":"<p>[vc_row fullwidth=&#8221;true&#8221;][vc_column][mk_image src=&#8221;https:\/\/www.azurtraduction.com\/wp-content\/uploads\/2020\/02\/ms2_0612-traduction.jpg&#8221; image_size=&#8221;full&#8221; margin_bottom=&#8221;00&#8243;][\/vc_column][\/vc_row][vc_row css=&#8221;.vc_custom_1501157675443{padding-top: 50px !important;padding-bottom: 30px !important;}&#8221;][vc_column][mk_ornamental_title font_family=&#8221;none&#8221; font_size=&#8221;30&#8243; font_weight=&#8221;bold&#8221; font_style=&#8221;normal&#8221; txt_transform=&#8221;capitalize&#8221; ornament_style=&#8221;lemo-single&#8221; nss_align=&#8221;center&#8221; ornament_color=&#8221;#000000&#8243; animation=&#8221;fade-in&#8221;]TRADUZIONE[\/mk_ornamental_title][vc_column_text align=&#8221;center&#8221; animation=&#8221;top-to-bottom&#8221;]Professionalit\u00e0: contiamo su una rete di traduttori di lingua madre e specializzati per poter trasferire con la massima fedelt\u00e0 il documento nella lingua di destinazione. Traduciamo per voi nelle principali lingue europee e in altre [&hellip;]<\/p>\n","protected":false},"author":2,"featured_media":0,"parent":0,"menu_order":0,"comment_status":"closed","ping_status":"closed","template":"","meta":{"_monsterinsights_skip_tracking":false,"_monsterinsights_sitenote_active":false,"_monsterinsights_sitenote_note":"","_monsterinsights_sitenote_category":0,"footnotes":""},"yoast_head":"<!-- This site is optimized with the Yoast SEO plugin v21.9.1 - https:\/\/yoast.com\/wordpress\/plugins\/seo\/ -->\n<title>Traduzione a Nizza - Traduttori giurati &amp; Specializzati<\/title>\n<meta name=\"description\" content=\"Traduzioni di qualit\u00e0 a Nizza - Tempistiche rapide - Traduttori Giurati - Diverse combinazioni linguistiche e Ambiti di competenza - Preventivo gratuito\" \/>\n<meta name=\"robots\" content=\"index, follow, max-snippet:-1, max-image-preview:large, max-video-preview:-1\" \/>\n<link rel=\"canonical\" href=\"https:\/\/www.azurtraduction.com\/it\/traduzione\/\" \/>\n<meta property=\"og:locale\" content=\"it_IT\" \/>\n<meta property=\"og:type\" content=\"article\" \/>\n<meta property=\"og:title\" content=\"Traduzione a Nizza - Traduttori giurati &amp; Specializzati\" \/>\n<meta property=\"og:description\" content=\"Traduzioni di qualit\u00e0 a Nizza - Tempistiche rapide - Traduttori Giurati - Diverse combinazioni linguistiche e Ambiti di competenza - Preventivo gratuito\" \/>\n<meta property=\"og:url\" content=\"https:\/\/www.azurtraduction.com\/it\/traduzione\/\" \/>\n<meta property=\"og:site_name\" content=\"AZUR TRADUCTION, langues europ\u00e9ennes ou plus \u00ab exotiques \u00bb, domaines juridique, technique, immobilier, marketing, communication ou tourisme, interpr\u00e9tation ou cours de langues, votre satisfaction est notre r\u00e9compense.\" \/>\n<meta property=\"article:modified_time\" content=\"2020-03-23T12:50:12+00:00\" \/>\n<meta name=\"twitter:card\" content=\"summary_large_image\" \/>\n<meta name=\"twitter:label1\" content=\"Tempo di lettura stimato\" \/>\n\t<meta name=\"twitter:data1\" content=\"4 minuti\" \/>\n<script type=\"application\/ld+json\" class=\"yoast-schema-graph\">{\"@context\":\"https:\/\/schema.org\",\"@graph\":[{\"@type\":\"WebPage\",\"@id\":\"https:\/\/www.azurtraduction.com\/it\/traduzione\/\",\"url\":\"https:\/\/www.azurtraduction.com\/it\/traduzione\/\",\"name\":\"Traduzione a Nizza - Traduttori giurati & Specializzati\",\"isPartOf\":{\"@id\":\"https:\/\/www.azurtraduction.com\/#website\"},\"datePublished\":\"2017-07-25T13:32:19+00:00\",\"dateModified\":\"2020-03-23T12:50:12+00:00\",\"description\":\"Traduzioni di qualit\u00e0 a Nizza - Tempistiche rapide - Traduttori Giurati - Diverse combinazioni linguistiche e Ambiti di competenza - Preventivo gratuito\",\"breadcrumb\":{\"@id\":\"https:\/\/www.azurtraduction.com\/it\/traduzione\/#breadcrumb\"},\"inLanguage\":\"it-IT\",\"potentialAction\":[{\"@type\":\"ReadAction\",\"target\":[\"https:\/\/www.azurtraduction.com\/it\/traduzione\/\"]}]},{\"@type\":\"BreadcrumbList\",\"@id\":\"https:\/\/www.azurtraduction.com\/it\/traduzione\/#breadcrumb\",\"itemListElement\":[{\"@type\":\"ListItem\",\"position\":1,\"name\":\"Home\",\"item\":\"https:\/\/www.azurtraduction.com\/it\/\"},{\"@type\":\"ListItem\",\"position\":2,\"name\":\"Traduzione\"}]},{\"@type\":\"WebSite\",\"@id\":\"https:\/\/www.azurtraduction.com\/#website\",\"url\":\"https:\/\/www.azurtraduction.com\/\",\"name\":\"AZUR TRADUCTION, langues europ\u00e9ennes ou plus \u00ab exotiques \u00bb, domaines juridique, technique, immobilier, marketing, communication ou tourisme, interpr\u00e9tation ou cours de langues, votre satisfaction est notre r\u00e9compense.\",\"description\":\"AZUR TRADUCTION, langues europ\u00e9ennes ou plus \u00ab exotiques \u00bb, domaines juridique, technique, immobilier, marketing, communication ou tourisme, interpr\u00e9tation ou cours de langues, votre satisfaction est notre r\u00e9compense.\",\"potentialAction\":[{\"@type\":\"SearchAction\",\"target\":{\"@type\":\"EntryPoint\",\"urlTemplate\":\"https:\/\/www.azurtraduction.com\/?s={search_term_string}\"},\"query-input\":\"required name=search_term_string\"}],\"inLanguage\":\"it-IT\"}]}<\/script>\n<!-- \/ Yoast SEO plugin. -->","yoast_head_json":{"title":"Traduzione a Nizza - Traduttori giurati & Specializzati","description":"Traduzioni di qualit\u00e0 a Nizza - Tempistiche rapide - Traduttori Giurati - Diverse combinazioni linguistiche e Ambiti di competenza - Preventivo gratuito","robots":{"index":"index","follow":"follow","max-snippet":"max-snippet:-1","max-image-preview":"max-image-preview:large","max-video-preview":"max-video-preview:-1"},"canonical":"https:\/\/www.azurtraduction.com\/it\/traduzione\/","og_locale":"it_IT","og_type":"article","og_title":"Traduzione a Nizza - Traduttori giurati & Specializzati","og_description":"Traduzioni di qualit\u00e0 a Nizza - Tempistiche rapide - Traduttori Giurati - Diverse combinazioni linguistiche e Ambiti di competenza - Preventivo gratuito","og_url":"https:\/\/www.azurtraduction.com\/it\/traduzione\/","og_site_name":"AZUR TRADUCTION, langues europ\u00e9ennes ou plus \u00ab exotiques \u00bb, domaines juridique, technique, immobilier, marketing, communication ou tourisme, interpr\u00e9tation ou cours de langues, votre satisfaction est notre r\u00e9compense.","article_modified_time":"2020-03-23T12:50:12+00:00","twitter_card":"summary_large_image","twitter_misc":{"Tempo di lettura stimato":"4 minuti"},"schema":{"@context":"https:\/\/schema.org","@graph":[{"@type":"WebPage","@id":"https:\/\/www.azurtraduction.com\/it\/traduzione\/","url":"https:\/\/www.azurtraduction.com\/it\/traduzione\/","name":"Traduzione a Nizza - Traduttori giurati & Specializzati","isPartOf":{"@id":"https:\/\/www.azurtraduction.com\/#website"},"datePublished":"2017-07-25T13:32:19+00:00","dateModified":"2020-03-23T12:50:12+00:00","description":"Traduzioni di qualit\u00e0 a Nizza - Tempistiche rapide - Traduttori Giurati - Diverse combinazioni linguistiche e Ambiti di competenza - Preventivo gratuito","breadcrumb":{"@id":"https:\/\/www.azurtraduction.com\/it\/traduzione\/#breadcrumb"},"inLanguage":"it-IT","potentialAction":[{"@type":"ReadAction","target":["https:\/\/www.azurtraduction.com\/it\/traduzione\/"]}]},{"@type":"BreadcrumbList","@id":"https:\/\/www.azurtraduction.com\/it\/traduzione\/#breadcrumb","itemListElement":[{"@type":"ListItem","position":1,"name":"Home","item":"https:\/\/www.azurtraduction.com\/it\/"},{"@type":"ListItem","position":2,"name":"Traduzione"}]},{"@type":"WebSite","@id":"https:\/\/www.azurtraduction.com\/#website","url":"https:\/\/www.azurtraduction.com\/","name":"AZUR TRADUCTION, langues europ\u00e9ennes ou plus \u00ab exotiques \u00bb, domaines juridique, technique, immobilier, marketing, communication ou tourisme, interpr\u00e9tation ou cours de langues, votre satisfaction est notre r\u00e9compense.","description":"AZUR TRADUCTION, langues europ\u00e9ennes ou plus \u00ab exotiques \u00bb, domaines juridique, technique, immobilier, marketing, communication ou tourisme, interpr\u00e9tation ou cours de langues, votre satisfaction est notre r\u00e9compense.","potentialAction":[{"@type":"SearchAction","target":{"@type":"EntryPoint","urlTemplate":"https:\/\/www.azurtraduction.com\/?s={search_term_string}"},"query-input":"required name=search_term_string"}],"inLanguage":"it-IT"}]}},"_links":{"self":[{"href":"https:\/\/www.azurtraduction.com\/it\/wp-json\/wp\/v2\/pages\/843"}],"collection":[{"href":"https:\/\/www.azurtraduction.com\/it\/wp-json\/wp\/v2\/pages"}],"about":[{"href":"https:\/\/www.azurtraduction.com\/it\/wp-json\/wp\/v2\/types\/page"}],"author":[{"embeddable":true,"href":"https:\/\/www.azurtraduction.com\/it\/wp-json\/wp\/v2\/users\/2"}],"replies":[{"embeddable":true,"href":"https:\/\/www.azurtraduction.com\/it\/wp-json\/wp\/v2\/comments?post=843"}],"version-history":[{"count":8,"href":"https:\/\/www.azurtraduction.com\/it\/wp-json\/wp\/v2\/pages\/843\/revisions"}],"predecessor-version":[{"id":1682,"href":"https:\/\/www.azurtraduction.com\/it\/wp-json\/wp\/v2\/pages\/843\/revisions\/1682"}],"wp:attachment":[{"href":"https:\/\/www.azurtraduction.com\/it\/wp-json\/wp\/v2\/media?parent=843"}],"curies":[{"name":"wp","href":"https:\/\/api.w.org\/{rel}","templated":true}]}}