{"id":846,"date":"2017-07-10T20:42:46","date_gmt":"2017-07-10T20:42:46","guid":{"rendered":"http:\/\/www.azurtraduction.com\/interpreting\/"},"modified":"2020-03-23T13:37:51","modified_gmt":"2020-03-23T12:37:51","slug":"interpretariato","status":"publish","type":"page","link":"https:\/\/www.azurtraduction.com\/it\/interpretariato\/","title":{"rendered":"Interpretariato"},"content":{"rendered":"[vc_row fullwidth=&#8221;true&#8221;][vc_column][mk_image src=&#8221;https:\/\/www.azurtraduction.com\/wp-content\/uploads\/2020\/02\/ms2_0469-interpretation-1.jpg&#8221; image_size=&#8221;full&#8221; align=&#8221;center&#8221; margin_bottom=&#8221;00&#8243;][\/vc_column][\/vc_row][vc_row css=&#8221;.vc_custom_1501157711608{padding-top: 50px !important;padding-bottom: 30px !important;}&#8221;][vc_column][mk_ornamental_title font_family=&#8221;none&#8221; font_size=&#8221;30&#8243; font_weight=&#8221;bold&#8221; font_style=&#8221;normal&#8221; txt_transform=&#8221;capitalize&#8221; ornament_style=&#8221;lemo-single&#8221; nss_align=&#8221;center&#8221; ornament_color=&#8221;#000000&#8243; animation=&#8221;fade-in&#8221;]INTERPRETARIATO[\/mk_ornamental_title][vc_column_text align=&#8221;center&#8221; animation=&#8221;top-to-bottom&#8221;]<strong>Noi di AZUR TRADUCTION proponiamo anche vari tipi di interpretariato e possiamo consigliarvi nella scelta, a seconda dei vostri bisogni.<\/strong><\/p>\n<p><em>Interprete: persona che trasferisce oralmente una lingua in un\u2019altra o che serve da intermediario, in una conversazione, tra persone che parlano lingue diverse. (Larousse)<\/em><strong><br \/>\n<\/strong>[\/vc_column_text][\/vc_column][\/vc_row][vc_row fullwidth=&#8221;true&#8221;][vc_column]<div class=\"cq-colorblock customized square \" data-titlesize=\"18px\" data-image=\"https:\/\/www.azurtraduction.com\/wp-content\/uploads\/2017\/07\/interpretation-conference.jpg\" data-contentcolor=\"#000000\" data-textblockbg=\"customized\" data-custombgcolor=\"#e8e8e8\"><div class=\"cq-colorblock-imagecontainer\"><img decoding=\"async\" src=\"https:\/\/www.azurtraduction.com\/wp-content\/uploads\/2017\/07\/interpretation-conference.jpg\" class=\"cq-coverslider-image\" alt=\"Interpretation Conference\"><\/a> <\/div><div class=\"cq-colorblock-textcontainer\"><div class=\"cq-colorblock-content\"><h4 class=\"cq-colorblock-title\">INTERPRETARIATO DI CONFERENZA \/ SIMULTANEO<\/h4><div class=\"cq-colorblock-caption\">\n<p style=\"text-align: justify;\">Interpretariato in cabina che si svolge nel momento stesso in cui la persona parla. L\u2019interpretariato simultaneo richiede un\u2019enorme padronanza delle due lingue e del settore specialistico. Come regola generale, gli interpreti si danno il cambio ogni 30 minuti. Quindi bisogna prevedere 2 persone per ogni combinazione linguistica.<\/p>\n<\/div><\/div><\/div><\/div><div class=\"cq-colorblock customized square \" data-titlesize=\"18px\" data-image=\"https:\/\/www.azurtraduction.com\/wp-content\/uploads\/2017\/07\/interpretation-consecutive.jpg\" data-contentcolor=\"#000000\" data-textblockbg=\"customized\" data-custombgcolor=\"#e8e8e8\"><div class=\"cq-colorblock-textcontainer\"><div class=\"cq-colorblock-content\"><h4 class=\"cq-colorblock-title\">INTERPRETARIATO CONSECUTIVO<\/h4><div class=\"cq-colorblock-caption\">\n<p style=\"text-align: justify;\">L\u2019interprete traduce subito dopo la persona che parla. La durata della conferenza \u00e8 dunque raddoppiata.<\/p>\n<\/div><\/div><\/div><div class=\"cq-colorblock-imagecontainer\"><img decoding=\"async\" src=\"https:\/\/www.azurtraduction.com\/wp-content\/uploads\/2017\/07\/interpretation-consecutive.jpg\" class=\"cq-coverslider-image\" alt=\"Interpretation Consecutive\"><\/a> <\/div><\/div><div class=\"cq-colorblock customized square \" data-titlesize=\"18px\" data-image=\"https:\/\/www.azurtraduction.com\/wp-content\/uploads\/2017\/07\/interpretation-de-liaison.jpg\" data-contentcolor=\"#000000\" data-textblockbg=\"customized\" data-custombgcolor=\"#e8e8e8\"><div class=\"cq-colorblock-imagecontainer\"><img decoding=\"async\" src=\"https:\/\/www.azurtraduction.com\/wp-content\/uploads\/2017\/07\/interpretation-de-liaison.jpg\" class=\"cq-coverslider-image\" alt=\"Interpretation de Liaison\"><\/a> <\/div><div class=\"cq-colorblock-textcontainer\"><div class=\"cq-colorblock-content\"><h4 class=\"cq-colorblock-title\">INTERPRETARIATO DI TRATTATIVA<\/h4><div class=\"cq-colorblock-caption\">\n<p style=\"text-align: justify;\">\u00c8 l\u2019interpretariato destinato ad aiutare due persone, o un gruppo ristretto, a comunicare. Si svolge nei due sensi.<\/p>\n<\/div><\/div><\/div><\/div><div class=\"cq-colorblock customized square \" data-titlesize=\"18px\" data-image=\"https:\/\/www.azurtraduction.com\/wp-content\/uploads\/2017\/07\/interpretation-chuchotee.jpg\" data-contentcolor=\"#000000\" data-textblockbg=\"customized\" data-custombgcolor=\"#e8e8e8\"><div class=\"cq-colorblock-textcontainer\"><div class=\"cq-colorblock-content\"><h4 class=\"cq-colorblock-title\">CHUCHOTAGE (INTERPRETARIATO SUSSURRATO)<\/h4><div class=\"cq-colorblock-caption\">\n<p style=\"text-align: justify;\">L\u2019interprete si pone alle spalle della persona per la quale interpreta e le sussurra la traduzione nell\u2019orecchio.<\/p>\n<\/div><\/div><\/div><div class=\"cq-colorblock-imagecontainer\"><img decoding=\"async\" src=\"https:\/\/www.azurtraduction.com\/wp-content\/uploads\/2017\/07\/interpretation-chuchotee.jpg\" class=\"cq-coverslider-image\" alt=\"Interpretation Chuchotee\"><\/a> <\/div><\/div><div class=\"cq-colorblock customized square \" data-titlesize=\"18px\" data-image=\"https:\/\/www.azurtraduction.com\/wp-content\/uploads\/2017\/07\/interpretation-assermentee.jpg\" data-contentcolor=\"#000000\" data-textblockbg=\"customized\" data-custombgcolor=\"#e8e8e8\"><div class=\"cq-colorblock-imagecontainer\"><img decoding=\"async\" src=\"https:\/\/www.azurtraduction.com\/wp-content\/uploads\/2017\/07\/interpretation-assermentee.jpg\" class=\"cq-coverslider-image\" alt=\"Interpretation Assermentee\"><\/a> <\/div><div class=\"cq-colorblock-textcontainer\"><div class=\"cq-colorblock-content\"><h4 class=\"cq-colorblock-title\">INTERPRETARIATO GIURATO<\/h4><div class=\"cq-colorblock-caption\">\n<p style=\"text-align: justify;\">Come i traduttori giurati, esistono gli interpreti giurati. Oltre ai tribunali, sono spesso i notai o gli avvocati che ricorrono ai loro servizi. Si tratta in questo caso di interpretariato di trattativa.<\/p>\n<\/div><\/div><\/div><\/div><div class=\"cq-colorblock customized square \" data-titlesize=\"18px\" data-image=\"https:\/\/www.azurtraduction.com\/wp-content\/uploads\/2017\/07\/location-de-materiel.jpg\" data-contentcolor=\"#000000\" data-textblockbg=\"customized\" data-custombgcolor=\"#e8e8e8\"><div class=\"cq-colorblock-textcontainer\"><div class=\"cq-colorblock-content\"><h4 class=\"cq-colorblock-title\">NOLO DEI MATERIALI<\/h4><div class=\"cq-colorblock-caption\">\n<p style=\"text-align: justify;\">Azur Traduction si incarica anche del nolo del materiale necessario alla prestazione d\u2019opera degli interpreti (cabina, amplificazione, microfoni, leggio e altri attrezzi).<\/p>\n<\/div><\/div><\/div><div class=\"cq-colorblock-imagecontainer\"><img decoding=\"async\" src=\"https:\/\/www.azurtraduction.com\/wp-content\/uploads\/2017\/07\/location-de-materiel.jpg\" class=\"cq-coverslider-image\" alt=\"Location de Materiel\"><\/a> <\/div><\/div>[\/vc_column][\/vc_row][vc_row css=&#8221;.vc_custom_1495022855960{padding-top: 50px !important;}&#8221; id=&#8221;services&#8221;][vc_column][mk_ornamental_title font_family=&#8221;none&#8221; font_size=&#8221;20&#8243; font_weight=&#8221;bold&#8221; font_style=&#8221;normal&#8221; txt_transform=&#8221;capitalize&#8221; ornament_style=&#8221;norman-short-single&#8221; nss_align=&#8221;center&#8221; ornament_color=&#8221;#00a3d1&#8243; animation=&#8221;fade-in&#8221;]ALTRI SERVIZI[\/mk_ornamental_title][\/vc_column][\/vc_row][vc_row fullwidth=&#8221;true&#8221;][vc_column width=&#8221;1\/2&#8243;]<div class=\"cq-imageoverlay2-container  \" data-elementheight=\"\" data-overlaycolor=\"rgba(0,163,209,0.8)\"  data-image=\"1\" data-titlesize=\"\" data-contentsize=\"\" data-contentcolor=\"#ffffff\" data-overlaystyle=\"customized\" data-elementmargin=\"\"><a href=\"https:\/\/www.azurtraduction.com\/it\/traduzione\/\" title=\"\" target=\"\" class=\"cq-imageoverlay2-link\"><div class=\"cq-imageoverlay2\"><img decoding=\"async\" src=\"https:\/\/www.azurtraduction.com\/wp-content\/uploads\/2017\/05\/traduction-azur-traduction.jpg\" class=\"cq-imageoverlay2-img\" \/><div class=\"text-container\"><h3 class=\"cq-imageoverlay2-title\"><i class=\"cq-imageoverlay2-icon fa fa-compress\"><\/i> TRADUZIONE<\/h3><\/div><div class=\"cq-imageoverlay2-background\"><\/div><\/div><\/a><\/div>[\/vc_column][vc_column width=&#8221;1\/2&#8243;]<div class=\"cq-imageoverlay2-container  \" data-elementheight=\"\" data-overlaycolor=\"rgba(0,163,209,0.8)\"  data-image=\"1\" data-titlesize=\"\" data-contentsize=\"\" data-contentcolor=\"#ffffff\" data-overlaystyle=\"customized\" data-elementmargin=\"\"><a href=\"https:\/\/www.azurtraduction.com\/it\/formazione-linguistica\/\" title=\"\" target=\"\" class=\"cq-imageoverlay2-link\"><div class=\"cq-imageoverlay2\"><img decoding=\"async\" src=\"https:\/\/www.azurtraduction.com\/wp-content\/uploads\/2017\/05\/traduction-azur-traduction-thumb.jpg\" class=\"cq-imageoverlay2-img\" \/><div class=\"text-container\"><h3 class=\"cq-imageoverlay2-title\"><i class=\"cq-imageoverlay2-icon fa fa-american-sign-language-interpreting\"><\/i> FORMAZIONE LINGUISTICA<\/h3><\/div><div class=\"cq-imageoverlay2-background\"><\/div><\/div><\/a><\/div>[\/vc_column][\/vc_row][vc_row css=&#8221;.vc_custom_1497360409246{margin-top: 40px !important;margin-bottom: 50px !important;}&#8221;][vc_column width=&#8221;1\/4&#8243;][\/vc_column][vc_column width=&#8221;1\/2&#8243;][mk_button size=&#8221;large&#8221; letter_spacing=&#8221;2&#8243; icon=&#8221;mk-icon-info&#8221; url=&#8221;https:\/\/www.azurtraduction.com\/#contatto&#8221; align=&#8221;center&#8221; fullwidth=&#8221;true&#8221; bg_color=&#8221;#11c8f4&#8243;]PREVENTIVO \/ CONTATTO[\/mk_button][\/vc_column][vc_column width=&#8221;1\/4&#8243;][\/vc_column][\/vc_row]\n","protected":false},"excerpt":{"rendered":"<p>[vc_row fullwidth=&#8221;true&#8221;][vc_column][mk_image src=&#8221;https:\/\/www.azurtraduction.com\/wp-content\/uploads\/2020\/02\/ms2_0469-interpretation-1.jpg&#8221; image_size=&#8221;full&#8221; align=&#8221;center&#8221; margin_bottom=&#8221;00&#8243;][\/vc_column][\/vc_row][vc_row css=&#8221;.vc_custom_1501157711608{padding-top: 50px !important;padding-bottom: 30px !important;}&#8221;][vc_column][mk_ornamental_title font_family=&#8221;none&#8221; font_size=&#8221;30&#8243; font_weight=&#8221;bold&#8221; font_style=&#8221;normal&#8221; txt_transform=&#8221;capitalize&#8221; ornament_style=&#8221;lemo-single&#8221; nss_align=&#8221;center&#8221; ornament_color=&#8221;#000000&#8243; animation=&#8221;fade-in&#8221;]INTERPRETARIATO[\/mk_ornamental_title][vc_column_text align=&#8221;center&#8221; animation=&#8221;top-to-bottom&#8221;]Noi di AZUR TRADUCTION proponiamo anche vari tipi di interpretariato e possiamo consigliarvi nella scelta, a seconda dei vostri bisogni. Interprete: persona che trasferisce oralmente una lingua in un\u2019altra o che serve da intermediario, [&hellip;]<\/p>\n","protected":false},"author":2,"featured_media":0,"parent":0,"menu_order":0,"comment_status":"closed","ping_status":"closed","template":"","meta":{"_monsterinsights_skip_tracking":false,"_monsterinsights_sitenote_active":false,"_monsterinsights_sitenote_note":"","_monsterinsights_sitenote_category":0,"footnotes":""},"yoast_head":"<!-- This site is optimized with the Yoast SEO plugin v21.9.1 - https:\/\/yoast.com\/wordpress\/plugins\/seo\/ -->\n<title>Interpretazione a Nizza - Interpreti Specializzati ed Esperti<\/title>\n<meta name=\"description\" content=\"Interpretazione a Nizza - Interpretazione Simultanea - Consecutiva - Di Conferenza - Di Trattativa - Sussurrata - Interpreti esperti - Preventivo gratuito\" \/>\n<meta name=\"robots\" content=\"index, follow, max-snippet:-1, max-image-preview:large, max-video-preview:-1\" \/>\n<link rel=\"canonical\" href=\"https:\/\/www.azurtraduction.com\/it\/interpretariato\/\" \/>\n<meta property=\"og:locale\" content=\"it_IT\" \/>\n<meta property=\"og:type\" content=\"article\" \/>\n<meta property=\"og:title\" content=\"Interpretazione a Nizza - Interpreti Specializzati ed Esperti\" \/>\n<meta property=\"og:description\" content=\"Interpretazione a Nizza - Interpretazione Simultanea - Consecutiva - Di Conferenza - Di Trattativa - Sussurrata - Interpreti esperti - Preventivo gratuito\" \/>\n<meta property=\"og:url\" content=\"https:\/\/www.azurtraduction.com\/it\/interpretariato\/\" \/>\n<meta property=\"og:site_name\" content=\"AZUR TRADUCTION, langues europ\u00e9ennes ou plus \u00ab exotiques \u00bb, domaines juridique, technique, immobilier, marketing, communication ou tourisme, interpr\u00e9tation ou cours de langues, votre satisfaction est notre r\u00e9compense.\" \/>\n<meta property=\"article:modified_time\" content=\"2020-03-23T12:37:51+00:00\" \/>\n<meta name=\"twitter:card\" content=\"summary_large_image\" \/>\n<meta name=\"twitter:label1\" content=\"Tempo di lettura stimato\" \/>\n\t<meta name=\"twitter:data1\" content=\"3 minuti\" \/>\n<script type=\"application\/ld+json\" class=\"yoast-schema-graph\">{\"@context\":\"https:\/\/schema.org\",\"@graph\":[{\"@type\":\"WebPage\",\"@id\":\"https:\/\/www.azurtraduction.com\/it\/interpretariato\/\",\"url\":\"https:\/\/www.azurtraduction.com\/it\/interpretariato\/\",\"name\":\"Interpretazione a Nizza - Interpreti Specializzati ed Esperti\",\"isPartOf\":{\"@id\":\"https:\/\/www.azurtraduction.com\/#website\"},\"datePublished\":\"2017-07-10T20:42:46+00:00\",\"dateModified\":\"2020-03-23T12:37:51+00:00\",\"description\":\"Interpretazione a Nizza - Interpretazione Simultanea - Consecutiva - Di Conferenza - Di Trattativa - Sussurrata - Interpreti esperti - Preventivo gratuito\",\"breadcrumb\":{\"@id\":\"https:\/\/www.azurtraduction.com\/it\/interpretariato\/#breadcrumb\"},\"inLanguage\":\"it-IT\",\"potentialAction\":[{\"@type\":\"ReadAction\",\"target\":[\"https:\/\/www.azurtraduction.com\/it\/interpretariato\/\"]}]},{\"@type\":\"BreadcrumbList\",\"@id\":\"https:\/\/www.azurtraduction.com\/it\/interpretariato\/#breadcrumb\",\"itemListElement\":[{\"@type\":\"ListItem\",\"position\":1,\"name\":\"Home\",\"item\":\"https:\/\/www.azurtraduction.com\/it\/\"},{\"@type\":\"ListItem\",\"position\":2,\"name\":\"Interpretariato\"}]},{\"@type\":\"WebSite\",\"@id\":\"https:\/\/www.azurtraduction.com\/#website\",\"url\":\"https:\/\/www.azurtraduction.com\/\",\"name\":\"AZUR TRADUCTION, langues europ\u00e9ennes ou plus \u00ab exotiques \u00bb, domaines juridique, technique, immobilier, marketing, communication ou tourisme, interpr\u00e9tation ou cours de langues, votre satisfaction est notre r\u00e9compense.\",\"description\":\"AZUR TRADUCTION, langues europ\u00e9ennes ou plus \u00ab exotiques \u00bb, domaines juridique, technique, immobilier, marketing, communication ou tourisme, interpr\u00e9tation ou cours de langues, votre satisfaction est notre r\u00e9compense.\",\"potentialAction\":[{\"@type\":\"SearchAction\",\"target\":{\"@type\":\"EntryPoint\",\"urlTemplate\":\"https:\/\/www.azurtraduction.com\/?s={search_term_string}\"},\"query-input\":\"required name=search_term_string\"}],\"inLanguage\":\"it-IT\"}]}<\/script>\n<!-- \/ Yoast SEO plugin. -->","yoast_head_json":{"title":"Interpretazione a Nizza - Interpreti Specializzati ed Esperti","description":"Interpretazione a Nizza - Interpretazione Simultanea - Consecutiva - Di Conferenza - Di Trattativa - Sussurrata - Interpreti esperti - Preventivo gratuito","robots":{"index":"index","follow":"follow","max-snippet":"max-snippet:-1","max-image-preview":"max-image-preview:large","max-video-preview":"max-video-preview:-1"},"canonical":"https:\/\/www.azurtraduction.com\/it\/interpretariato\/","og_locale":"it_IT","og_type":"article","og_title":"Interpretazione a Nizza - Interpreti Specializzati ed Esperti","og_description":"Interpretazione a Nizza - Interpretazione Simultanea - Consecutiva - Di Conferenza - Di Trattativa - Sussurrata - Interpreti esperti - Preventivo gratuito","og_url":"https:\/\/www.azurtraduction.com\/it\/interpretariato\/","og_site_name":"AZUR TRADUCTION, langues europ\u00e9ennes ou plus \u00ab exotiques \u00bb, domaines juridique, technique, immobilier, marketing, communication ou tourisme, interpr\u00e9tation ou cours de langues, votre satisfaction est notre r\u00e9compense.","article_modified_time":"2020-03-23T12:37:51+00:00","twitter_card":"summary_large_image","twitter_misc":{"Tempo di lettura stimato":"3 minuti"},"schema":{"@context":"https:\/\/schema.org","@graph":[{"@type":"WebPage","@id":"https:\/\/www.azurtraduction.com\/it\/interpretariato\/","url":"https:\/\/www.azurtraduction.com\/it\/interpretariato\/","name":"Interpretazione a Nizza - Interpreti Specializzati ed Esperti","isPartOf":{"@id":"https:\/\/www.azurtraduction.com\/#website"},"datePublished":"2017-07-10T20:42:46+00:00","dateModified":"2020-03-23T12:37:51+00:00","description":"Interpretazione a Nizza - Interpretazione Simultanea - Consecutiva - Di Conferenza - Di Trattativa - Sussurrata - Interpreti esperti - Preventivo gratuito","breadcrumb":{"@id":"https:\/\/www.azurtraduction.com\/it\/interpretariato\/#breadcrumb"},"inLanguage":"it-IT","potentialAction":[{"@type":"ReadAction","target":["https:\/\/www.azurtraduction.com\/it\/interpretariato\/"]}]},{"@type":"BreadcrumbList","@id":"https:\/\/www.azurtraduction.com\/it\/interpretariato\/#breadcrumb","itemListElement":[{"@type":"ListItem","position":1,"name":"Home","item":"https:\/\/www.azurtraduction.com\/it\/"},{"@type":"ListItem","position":2,"name":"Interpretariato"}]},{"@type":"WebSite","@id":"https:\/\/www.azurtraduction.com\/#website","url":"https:\/\/www.azurtraduction.com\/","name":"AZUR TRADUCTION, langues europ\u00e9ennes ou plus \u00ab exotiques \u00bb, domaines juridique, technique, immobilier, marketing, communication ou tourisme, interpr\u00e9tation ou cours de langues, votre satisfaction est notre r\u00e9compense.","description":"AZUR TRADUCTION, langues europ\u00e9ennes ou plus \u00ab exotiques \u00bb, domaines juridique, technique, immobilier, marketing, communication ou tourisme, interpr\u00e9tation ou cours de langues, votre satisfaction est notre r\u00e9compense.","potentialAction":[{"@type":"SearchAction","target":{"@type":"EntryPoint","urlTemplate":"https:\/\/www.azurtraduction.com\/?s={search_term_string}"},"query-input":"required name=search_term_string"}],"inLanguage":"it-IT"}]}},"_links":{"self":[{"href":"https:\/\/www.azurtraduction.com\/it\/wp-json\/wp\/v2\/pages\/846"}],"collection":[{"href":"https:\/\/www.azurtraduction.com\/it\/wp-json\/wp\/v2\/pages"}],"about":[{"href":"https:\/\/www.azurtraduction.com\/it\/wp-json\/wp\/v2\/types\/page"}],"author":[{"embeddable":true,"href":"https:\/\/www.azurtraduction.com\/it\/wp-json\/wp\/v2\/users\/2"}],"replies":[{"embeddable":true,"href":"https:\/\/www.azurtraduction.com\/it\/wp-json\/wp\/v2\/comments?post=846"}],"version-history":[{"count":7,"href":"https:\/\/www.azurtraduction.com\/it\/wp-json\/wp\/v2\/pages\/846\/revisions"}],"predecessor-version":[{"id":1671,"href":"https:\/\/www.azurtraduction.com\/it\/wp-json\/wp\/v2\/pages\/846\/revisions\/1671"}],"wp:attachment":[{"href":"https:\/\/www.azurtraduction.com\/it\/wp-json\/wp\/v2\/media?parent=846"}],"curies":[{"name":"wp","href":"https:\/\/api.w.org\/{rel}","templated":true}]}}