{"id":852,"date":"2017-06-11T15:31:11","date_gmt":"2017-06-11T15:31:11","guid":{"rendered":"http:\/\/www.azurtraduction.com\/language-training\/"},"modified":"2020-03-23T13:46:06","modified_gmt":"2020-03-23T12:46:06","slug":"formazione-linguistica","status":"publish","type":"page","link":"https:\/\/www.azurtraduction.com\/it\/formazione-linguistica\/","title":{"rendered":"Formazione"},"content":{"rendered":"[vc_row fullwidth=&#8221;true&#8221;][vc_column][mk_image src=&#8221;https:\/\/www.azurtraduction.com\/wp-content\/uploads\/2020\/02\/ms2_0541-formation.jpg&#8221; image_size=&#8221;full&#8221; margin_bottom=&#8221;00&#8243;][\/vc_column][\/vc_row][vc_row css=&#8221;.vc_custom_1501157937872{padding-top: 50px !important;padding-bottom: 30px !important;}&#8221;][vc_column][mk_ornamental_title font_family=&#8221;none&#8221; font_size=&#8221;30&#8243; font_weight=&#8221;bold&#8221; font_style=&#8221;normal&#8221; txt_transform=&#8221;capitalize&#8221; ornament_style=&#8221;lemo-single&#8221; nss_align=&#8221;center&#8221; ornament_color=&#8221;#000000&#8243; animation=&#8221;fade-in&#8221;]FORMAZIONE LINGUISTICA[\/mk_ornamental_title][vc_column_text align=&#8221;center&#8221; animation=&#8221;top-to-bottom&#8221;]<strong><span style=\"color: #444;\">Azur Traduction propone anche percorsi di formazione personalizzati di aggiornamento per la lingua francese (ortografia, grammatica, coniugazione, stesura, stile) per privati e professionisti.<\/span><\/strong>[\/vc_column_text][vc_column_text]\n<table id=\"tablepress-4\" class=\"tablepress tablepress-id-4\">\n<thead>\n<tr class=\"row-1 odd\">\n\t<th class=\"column-1\">Titoli delle formazioni<\/th><th class=\"column-2\">Durata<\/th>\n<\/tr>\n<\/thead>\n<tbody class=\"row-hover\">\n<tr class=\"row-2 even\">\n\t<td class=\"column-1\"><center><strong>FRANCESE SCRITTO<\/strong><\/center><\/td><td class=\"column-2\"><\/td>\n<\/tr>\n<tr class=\"row-3 odd\">\n\t<td class=\"column-1\">Riconciliarsi con lo scritto \u2013 1\u00b0 livello: ortografia, grammatica, coniugazione e stesura.<\/td><td class=\"column-2\">2 giorni (14 ore)<\/td>\n<\/tr>\n<tr class=\"row-4 even\">\n\t<td class=\"column-1\">Riconciliarsi con lo scritto \u2013 2\u00b0 livello: ortografia, grammatica, coniugazione e stile.<\/td><td class=\"column-2\">2 giorni (14 ore)<\/td>\n<\/tr>\n<tr class=\"row-5 odd\">\n\t<td class=\"column-1\">Formazione ai testi scritti per uso professionale<\/td><td class=\"column-2\">2 giorni (14 ore)<\/td>\n<\/tr>\n<\/tbody>\n<\/table>\n<!-- #tablepress-4 from cache -->[\/vc_column_text][\/vc_column][\/vc_row][vc_row fullwidth=&#8221;true&#8221; column_padding=&#8221;4&#8243; css=&#8221;.vc_custom_1501068724250{margin-bottom: 50px !important;}&#8221; id=&#8221;services&#8221;][vc_column][mk_ornamental_title font_family=&#8221;none&#8221; font_size=&#8221;20&#8243; font_weight=&#8221;bold&#8221; font_style=&#8221;normal&#8221; txt_transform=&#8221;capitalize&#8221; ornament_style=&#8221;norman-short-single&#8221; nss_align=&#8221;center&#8221; ornament_color=&#8221;#00a3d1&#8243; animation=&#8221;fade-in&#8221;]ALTRI SERVIZI<br \/>\n[\/mk_ornamental_title][\/vc_column][\/vc_row][vc_row fullwidth=&#8221;true&#8221;][vc_column width=&#8221;1\/2&#8243;]<div class=\"cq-imageoverlay2-container  \" data-elementheight=\"\" data-overlaycolor=\"rgba(0,163,209,0.8)\"  data-image=\"1\" data-titlesize=\"\" data-contentsize=\"\" data-contentcolor=\"#ffffff\" data-overlaystyle=\"customized\" data-elementmargin=\"\"><a href=\"https:\/\/www.azurtraduction.com\/it\/traduzione\/\" title=\"\" target=\"\" class=\"cq-imageoverlay2-link\"><div class=\"cq-imageoverlay2\"><img decoding=\"async\" src=\"https:\/\/www.azurtraduction.com\/wp-content\/uploads\/2017\/05\/traduction-azur-traduction.jpg\" class=\"cq-imageoverlay2-img\" \/><div class=\"text-container\"><h3 class=\"cq-imageoverlay2-title\"><i class=\"cq-imageoverlay2-icon fa fa-compress\"><\/i> TRADUZIONE<\/h3><\/div><div class=\"cq-imageoverlay2-background\"><\/div><\/div><\/a><\/div>[\/vc_column][vc_column width=&#8221;1\/2&#8243;]<div class=\"cq-imageoverlay2-container  \" data-elementheight=\"\" data-overlaycolor=\"rgba(0,163,209,0.8)\"  data-image=\"1\" data-titlesize=\"\" data-contentsize=\"\" data-contentcolor=\"#ffffff\" data-overlaystyle=\"customized\" data-elementmargin=\"\"><a href=\"https:\/\/www.azurtraduction.com\/it\/interpretariato\/\" title=\"\" target=\"\" class=\"cq-imageoverlay2-link\"><div class=\"cq-imageoverlay2\"><img decoding=\"async\" src=\"https:\/\/www.azurtraduction.com\/wp-content\/uploads\/2017\/05\/interpretation-azur-traduction.jpg\" class=\"cq-imageoverlay2-img\" \/><div class=\"text-container\"><h3 class=\"cq-imageoverlay2-title\"><i class=\"cq-imageoverlay2-icon fa fa-american-sign-language-interpreting\"><\/i> INTERPRETARIATO<\/h3><\/div><div class=\"cq-imageoverlay2-background\"><\/div><\/div><\/a><\/div>[\/vc_column][\/vc_row][vc_row css=&#8221;.vc_custom_1497360409246{margin-top: 40px !important;margin-bottom: 50px !important;}&#8221;][vc_column width=&#8221;1\/4&#8243;][\/vc_column][vc_column width=&#8221;1\/2&#8243;][mk_button size=&#8221;large&#8221; letter_spacing=&#8221;2&#8243; icon=&#8221;mk-icon-info&#8221; url=&#8221;https:\/\/www.azurtraduction.com\/#contatto&#8221; align=&#8221;center&#8221; fullwidth=&#8221;true&#8221; bg_color=&#8221;#11c8f4&#8243;]PREVENTIVO \/ CONTATTO[\/mk_button][\/vc_column][vc_column width=&#8221;1\/4&#8243;][\/vc_column][\/vc_row]\n","protected":false},"excerpt":{"rendered":"<p>[vc_row fullwidth=&#8221;true&#8221;][vc_column][mk_image src=&#8221;https:\/\/www.azurtraduction.com\/wp-content\/uploads\/2020\/02\/ms2_0541-formation.jpg&#8221; image_size=&#8221;full&#8221; margin_bottom=&#8221;00&#8243;][\/vc_column][\/vc_row][vc_row css=&#8221;.vc_custom_1501157937872{padding-top: 50px !important;padding-bottom: 30px !important;}&#8221;][vc_column][mk_ornamental_title font_family=&#8221;none&#8221; font_size=&#8221;30&#8243; font_weight=&#8221;bold&#8221; font_style=&#8221;normal&#8221; txt_transform=&#8221;capitalize&#8221; ornament_style=&#8221;lemo-single&#8221; nss_align=&#8221;center&#8221; ornament_color=&#8221;#000000&#8243; animation=&#8221;fade-in&#8221;]FORMAZIONE LINGUISTICA[\/mk_ornamental_title][vc_column_text align=&#8221;center&#8221; animation=&#8221;top-to-bottom&#8221;]Azur Traduction propone anche percorsi di formazione personalizzati di aggiornamento per la lingua francese (ortografia, grammatica, coniugazione, stesura, stile) per privati e professionisti.[\/vc_column_text][vc_column_text][\/vc_column_text][\/vc_column][\/vc_row][vc_row fullwidth=&#8221;true&#8221; column_padding=&#8221;4&#8243; css=&#8221;.vc_custom_1501068724250{margin-bottom: 50px !important;}&#8221; id=&#8221;services&#8221;][vc_column][mk_ornamental_title font_family=&#8221;none&#8221; font_size=&#8221;20&#8243; font_weight=&#8221;bold&#8221; font_style=&#8221;normal&#8221; txt_transform=&#8221;capitalize&#8221; [&hellip;]<\/p>\n","protected":false},"author":2,"featured_media":0,"parent":0,"menu_order":0,"comment_status":"closed","ping_status":"closed","template":"","meta":{"_monsterinsights_skip_tracking":false,"_monsterinsights_sitenote_active":false,"_monsterinsights_sitenote_note":"","_monsterinsights_sitenote_category":0,"footnotes":""},"yoast_head":"<!-- This site is optimized with the Yoast SEO plugin v21.9.1 - https:\/\/yoast.com\/wordpress\/plugins\/seo\/ -->\n<title>Formazioni di aggiornamento in francese - Su misura<\/title>\n<meta name=\"description\" content=\"Formazioni di aggiornamento e perfezionamento in francese - Programmi su misura - Grammatica - Ortografia - Coniugazione - Stesura e stile\" \/>\n<meta name=\"robots\" content=\"index, follow, max-snippet:-1, max-image-preview:large, max-video-preview:-1\" \/>\n<link rel=\"canonical\" href=\"https:\/\/www.azurtraduction.com\/it\/formazione-linguistica\/\" \/>\n<meta property=\"og:locale\" content=\"it_IT\" \/>\n<meta property=\"og:type\" content=\"article\" \/>\n<meta property=\"og:title\" content=\"Formazioni di aggiornamento in francese - Su misura\" \/>\n<meta property=\"og:description\" content=\"Formazioni di aggiornamento e perfezionamento in francese - Programmi su misura - Grammatica - Ortografia - Coniugazione - Stesura e stile\" \/>\n<meta property=\"og:url\" content=\"https:\/\/www.azurtraduction.com\/it\/formazione-linguistica\/\" \/>\n<meta property=\"og:site_name\" content=\"AZUR TRADUCTION, langues europ\u00e9ennes ou plus \u00ab exotiques \u00bb, domaines juridique, technique, immobilier, marketing, communication ou tourisme, interpr\u00e9tation ou cours de langues, votre satisfaction est notre r\u00e9compense.\" \/>\n<meta property=\"article:modified_time\" content=\"2020-03-23T12:46:06+00:00\" \/>\n<meta name=\"twitter:card\" content=\"summary_large_image\" \/>\n<meta name=\"twitter:label1\" content=\"Tempo di lettura stimato\" \/>\n\t<meta name=\"twitter:data1\" content=\"2 minuti\" \/>\n<script type=\"application\/ld+json\" class=\"yoast-schema-graph\">{\"@context\":\"https:\/\/schema.org\",\"@graph\":[{\"@type\":\"WebPage\",\"@id\":\"https:\/\/www.azurtraduction.com\/it\/formazione-linguistica\/\",\"url\":\"https:\/\/www.azurtraduction.com\/it\/formazione-linguistica\/\",\"name\":\"Formazioni di aggiornamento in francese - Su misura\",\"isPartOf\":{\"@id\":\"https:\/\/www.azurtraduction.com\/#website\"},\"datePublished\":\"2017-06-11T15:31:11+00:00\",\"dateModified\":\"2020-03-23T12:46:06+00:00\",\"description\":\"Formazioni di aggiornamento e perfezionamento in francese - Programmi su misura - Grammatica - Ortografia - Coniugazione - Stesura e stile\",\"breadcrumb\":{\"@id\":\"https:\/\/www.azurtraduction.com\/it\/formazione-linguistica\/#breadcrumb\"},\"inLanguage\":\"it-IT\",\"potentialAction\":[{\"@type\":\"ReadAction\",\"target\":[\"https:\/\/www.azurtraduction.com\/it\/formazione-linguistica\/\"]}]},{\"@type\":\"BreadcrumbList\",\"@id\":\"https:\/\/www.azurtraduction.com\/it\/formazione-linguistica\/#breadcrumb\",\"itemListElement\":[{\"@type\":\"ListItem\",\"position\":1,\"name\":\"Home\",\"item\":\"https:\/\/www.azurtraduction.com\/it\/\"},{\"@type\":\"ListItem\",\"position\":2,\"name\":\"Formazione\"}]},{\"@type\":\"WebSite\",\"@id\":\"https:\/\/www.azurtraduction.com\/#website\",\"url\":\"https:\/\/www.azurtraduction.com\/\",\"name\":\"AZUR TRADUCTION, langues europ\u00e9ennes ou plus \u00ab exotiques \u00bb, domaines juridique, technique, immobilier, marketing, communication ou tourisme, interpr\u00e9tation ou cours de langues, votre satisfaction est notre r\u00e9compense.\",\"description\":\"AZUR TRADUCTION, langues europ\u00e9ennes ou plus \u00ab exotiques \u00bb, domaines juridique, technique, immobilier, marketing, communication ou tourisme, interpr\u00e9tation ou cours de langues, votre satisfaction est notre r\u00e9compense.\",\"potentialAction\":[{\"@type\":\"SearchAction\",\"target\":{\"@type\":\"EntryPoint\",\"urlTemplate\":\"https:\/\/www.azurtraduction.com\/?s={search_term_string}\"},\"query-input\":\"required name=search_term_string\"}],\"inLanguage\":\"it-IT\"}]}<\/script>\n<!-- \/ Yoast SEO plugin. -->","yoast_head_json":{"title":"Formazioni di aggiornamento in francese - Su misura","description":"Formazioni di aggiornamento e perfezionamento in francese - Programmi su misura - Grammatica - Ortografia - Coniugazione - Stesura e stile","robots":{"index":"index","follow":"follow","max-snippet":"max-snippet:-1","max-image-preview":"max-image-preview:large","max-video-preview":"max-video-preview:-1"},"canonical":"https:\/\/www.azurtraduction.com\/it\/formazione-linguistica\/","og_locale":"it_IT","og_type":"article","og_title":"Formazioni di aggiornamento in francese - Su misura","og_description":"Formazioni di aggiornamento e perfezionamento in francese - Programmi su misura - Grammatica - Ortografia - Coniugazione - Stesura e stile","og_url":"https:\/\/www.azurtraduction.com\/it\/formazione-linguistica\/","og_site_name":"AZUR TRADUCTION, langues europ\u00e9ennes ou plus \u00ab exotiques \u00bb, domaines juridique, technique, immobilier, marketing, communication ou tourisme, interpr\u00e9tation ou cours de langues, votre satisfaction est notre r\u00e9compense.","article_modified_time":"2020-03-23T12:46:06+00:00","twitter_card":"summary_large_image","twitter_misc":{"Tempo di lettura stimato":"2 minuti"},"schema":{"@context":"https:\/\/schema.org","@graph":[{"@type":"WebPage","@id":"https:\/\/www.azurtraduction.com\/it\/formazione-linguistica\/","url":"https:\/\/www.azurtraduction.com\/it\/formazione-linguistica\/","name":"Formazioni di aggiornamento in francese - Su misura","isPartOf":{"@id":"https:\/\/www.azurtraduction.com\/#website"},"datePublished":"2017-06-11T15:31:11+00:00","dateModified":"2020-03-23T12:46:06+00:00","description":"Formazioni di aggiornamento e perfezionamento in francese - Programmi su misura - Grammatica - Ortografia - Coniugazione - Stesura e stile","breadcrumb":{"@id":"https:\/\/www.azurtraduction.com\/it\/formazione-linguistica\/#breadcrumb"},"inLanguage":"it-IT","potentialAction":[{"@type":"ReadAction","target":["https:\/\/www.azurtraduction.com\/it\/formazione-linguistica\/"]}]},{"@type":"BreadcrumbList","@id":"https:\/\/www.azurtraduction.com\/it\/formazione-linguistica\/#breadcrumb","itemListElement":[{"@type":"ListItem","position":1,"name":"Home","item":"https:\/\/www.azurtraduction.com\/it\/"},{"@type":"ListItem","position":2,"name":"Formazione"}]},{"@type":"WebSite","@id":"https:\/\/www.azurtraduction.com\/#website","url":"https:\/\/www.azurtraduction.com\/","name":"AZUR TRADUCTION, langues europ\u00e9ennes ou plus \u00ab exotiques \u00bb, domaines juridique, technique, immobilier, marketing, communication ou tourisme, interpr\u00e9tation ou cours de langues, votre satisfaction est notre r\u00e9compense.","description":"AZUR TRADUCTION, langues europ\u00e9ennes ou plus \u00ab exotiques \u00bb, domaines juridique, technique, immobilier, marketing, communication ou tourisme, interpr\u00e9tation ou cours de langues, votre satisfaction est notre r\u00e9compense.","potentialAction":[{"@type":"SearchAction","target":{"@type":"EntryPoint","urlTemplate":"https:\/\/www.azurtraduction.com\/?s={search_term_string}"},"query-input":"required name=search_term_string"}],"inLanguage":"it-IT"}]}},"_links":{"self":[{"href":"https:\/\/www.azurtraduction.com\/it\/wp-json\/wp\/v2\/pages\/852"}],"collection":[{"href":"https:\/\/www.azurtraduction.com\/it\/wp-json\/wp\/v2\/pages"}],"about":[{"href":"https:\/\/www.azurtraduction.com\/it\/wp-json\/wp\/v2\/types\/page"}],"author":[{"embeddable":true,"href":"https:\/\/www.azurtraduction.com\/it\/wp-json\/wp\/v2\/users\/2"}],"replies":[{"embeddable":true,"href":"https:\/\/www.azurtraduction.com\/it\/wp-json\/wp\/v2\/comments?post=852"}],"version-history":[{"count":7,"href":"https:\/\/www.azurtraduction.com\/it\/wp-json\/wp\/v2\/pages\/852\/revisions"}],"predecessor-version":[{"id":1676,"href":"https:\/\/www.azurtraduction.com\/it\/wp-json\/wp\/v2\/pages\/852\/revisions\/1676"}],"wp:attachment":[{"href":"https:\/\/www.azurtraduction.com\/it\/wp-json\/wp\/v2\/media?parent=852"}],"curies":[{"name":"wp","href":"https:\/\/api.w.org\/{rel}","templated":true}]}}