{"id":922,"date":"2017-06-11T15:31:11","date_gmt":"2017-06-11T15:31:11","guid":{"rendered":"http:\/\/www.azurtraduction.com\/language-training\/"},"modified":"2020-03-23T13:46:58","modified_gmt":"2020-03-23T12:46:58","slug":"%d0%be%d0%b1%d1%83%d1%87%d0%b5%d0%bd%d0%b8%d0%b5-%d1%8f%d0%b7%d1%8b%d0%ba%d0%b0%d0%bc","status":"publish","type":"page","link":"https:\/\/www.azurtraduction.com\/ru\/%d0%be%d0%b1%d1%83%d1%87%d0%b5%d0%bd%d0%b8%d0%b5-%d1%8f%d0%b7%d1%8b%d0%ba%d0%b0%d0%bc\/","title":{"rendered":"\u041e\u0431\u0443\u0447\u0435\u043d\u0438\u0435"},"content":{"rendered":"[vc_row fullwidth=&#187;true&#187;][vc_column][mk_image src=&#187;https:\/\/www.azurtraduction.com\/wp-content\/uploads\/2020\/02\/ms2_0541-formation.jpg&#187; image_size=&#187;full&#187; margin_bottom=&#187;00&#8243;][\/vc_column][\/vc_row][vc_row css=&#187;.vc_custom_1501157937872{padding-top: 50px !important;padding-bottom: 30px !important;}&#187;][vc_column][mk_ornamental_title font_family=&#187;none&#187; font_size=&#187;30&#8243; font_weight=&#187;bold&#187; font_style=&#187;normal&#187; txt_transform=&#187;capitalize&#187; ornament_style=&#187;lemo-single&#187; nss_align=&#187;center&#187; ornament_color=&#187;#000000&#8243; animation=&#187;fade-in&#187;]\u041e\u0431\u0443\u0447\u0435\u043d\u0438\u0435[\/mk_ornamental_title][vc_column_text align=&#187;center&#187; animation=&#187;top-to-bottom&#187;]<strong><span style=\"color: #444;\">\u0410\u0433\u0435\u043d\u0442\u0441\u0442\u0432\u043e Azur Traduction \u0442\u0430\u043a\u0436\u0435 \u043f\u0440\u0435\u0434\u043b\u0430\u0433\u0430\u0435\u0442 \u0438\u043d\u0434\u0438\u0432\u0438\u0434\u0443\u0430\u043b\u044c\u043d\u044b\u0435 \u043a\u0443\u0440\u0441\u044b \u043f\u043e \u0443\u043b\u0443\u0447\u0448\u0435\u043d\u0438\u044e \u0437\u043d\u0430\u043d\u0438\u044f \u0444\u0440\u0430\u043d\u0446\u0443\u0437\u0441\u043a\u043e\u0433\u043e \u044f\u0437\u044b\u043a\u0430 (\u043f\u0440\u0430\u0432\u043e\u043f\u0438\u0441\u0430\u043d\u0438\u0435, \u0433\u0440\u0430\u043c\u043c\u0430\u0442\u0438\u043a\u0430, \u0441\u043f\u0440\u044f\u0436\u0435\u043d\u0438\u0435, \u043f\u0438\u0441\u044c\u043c\u043e, \u0441\u0442\u0438\u043b\u044c) \u0434\u043b\u044f \u0447\u0430\u0441\u0442\u043d\u044b\u0445 \u043b\u0438\u0446 \u0438 \u0443\u0437\u043a\u0438\u0445 \u0441\u043f\u0435\u0446\u0438\u0430\u043b\u0438\u0441\u0442\u043e\u0432.<\/span><\/strong>[\/vc_column_text][vc_column_text]\n<table id=\"tablepress-5\" class=\"tablepress tablepress-id-5\">\n<thead>\n<tr class=\"row-1 odd\">\n\t<th class=\"column-1\">\u041d\u0430\u0437\u0432\u0430\u043d\u0438\u0435 \u043a\u0443\u0440\u0441\u0430<\/th><th class=\"column-2\">\u0414\u043b\u0438\u0442\u0435\u043b\u044c\u043d\u043e\u0441\u0442\u044c<\/th>\n<\/tr>\n<\/thead>\n<tbody class=\"row-hover\">\n<tr class=\"row-2 even\">\n\t<td class=\"column-1\"><center><strong>\u0424\u0420\u0410\u041d\u0426\u0423\u0417\u0421\u041a\u0418\u0419 \u041f\u0418\u0421\u042c\u041c\u0415\u041d\u041d\u042b\u0419 \u042f\u0417\u042b\u041a<\/strong><\/center><\/td><td class=\"column-2\"><\/td>\n<\/tr>\n<tr class=\"row-3 odd\">\n\t<td class=\"column-1\">\u0414\u0440\u0443\u0436\u0438\u043c \u0441 \u043f\u0438\u0441\u044c\u043c\u043e\u043c - \u0423\u0440\u043e\u0432\u0435\u043d\u044c 1: \u043e\u0440\u0444\u043e\u0433\u0440\u0430\u0444\u0438\u044f, \u0433\u0440\u0430\u043c\u043c\u0430\u0442\u0438\u043a\u0430, \u0441\u043f\u0440\u044f\u0436\u0435\u043d\u0438\u0435 \u0438 \u0440\u0435\u0434\u0430\u043a\u0442\u0438\u0440\u043e\u0432\u0430\u043d\u0438\u0435.<\/td><td class=\"column-2\">2 \u0434\u043d\u044f (14 \u0447\u0430\u0441\u043e\u0432)<\/td>\n<\/tr>\n<tr class=\"row-4 even\">\n\t<td class=\"column-1\">\u0414\u0440\u0443\u0436\u0438\u043c \u0441 \u043f\u0438\u0441\u044c\u043c\u043e\u043c - \u0423\u0440\u043e\u0432\u0435\u043d\u044c 2: \u043e\u0440\u0444\u043e\u0433\u0440\u0430\u0444\u0438\u044f, \u0433\u0440\u0430\u043c\u043c\u0430\u0442\u0438\u043a\u0430, \u0441\u043f\u0440\u044f\u0436\u0435\u043d\u0438\u0435 \u0438 \u0440\u0430\u0431\u043e\u0442\u0430 \u043d\u0430\u0434 \u0441\u0442\u0438\u043b\u0435\u043c.<\/td><td class=\"column-2\">2 \u0434\u043d\u044f (14 \u0447\u0430\u0441\u043e\u0432)<\/td>\n<\/tr>\n<tr class=\"row-5 odd\">\n\t<td class=\"column-1\">\u041f\u0438\u0441\u044c\u043c\u0435\u043d\u043d\u044b\u0439 \u0441\u0442\u0438\u043b\u044c \u0434\u043b\u044f \u0440\u0430\u0437\u043d\u044b\u0445 \u043f\u0440\u043e\u0444\u0435\u0441\u0441\u0438\u0439<\/td><td class=\"column-2\">2 \u0434\u043d\u044f (14 \u0447\u0430\u0441\u043e\u0432)<\/td>\n<\/tr>\n<\/tbody>\n<\/table>\n<!-- #tablepress-5 from cache -->[\/vc_column_text][\/vc_column][\/vc_row][vc_row fullwidth=&#187;true&#187; column_padding=&#187;4&#8243; css=&#187;.vc_custom_1501068724250{margin-bottom: 50px !important;}&#187; id=&#187;services&#187;][vc_column][mk_ornamental_title font_family=&#187;none&#187; font_size=&#187;20&#8243; font_weight=&#187;bold&#187; font_style=&#187;normal&#187; txt_transform=&#187;capitalize&#187; ornament_style=&#187;norman-short-single&#187; nss_align=&#187;center&#187; ornament_color=&#187;#00a3d1&#8243; animation=&#187;fade-in&#187;]\u0414\u0420\u0423\u0413\u0418\u0415 \u0423\u0421\u041b\u0423\u0413\u0418[\/mk_ornamental_title][\/vc_column][\/vc_row][vc_row fullwidth=&#187;true&#187;][vc_column width=&#187;1\/2&#8243;]<div class=\"cq-imageoverlay2-container  \" data-elementheight=\"\" data-overlaycolor=\"rgba(0,163,209,0.8)\"  data-image=\"1\" data-titlesize=\"\" data-contentsize=\"\" data-contentcolor=\"#ffffff\" data-overlaystyle=\"customized\" data-elementmargin=\"\"><a href=\"https:\/\/www.azurtraduction.com\/ru\/%d0%bf%d0%b8%d1%81%d1%8c%d0%bc%d0%b5%d0%bd%d0%bd%d1%8b%d0%b9-%d0%bf%d0%b5%d1%80%d0%b5%d0%b2%d0%be%d0%b4\/\" title=\"\" target=\"\" class=\"cq-imageoverlay2-link\"><div class=\"cq-imageoverlay2\"><img decoding=\"async\" src=\"https:\/\/www.azurtraduction.com\/wp-content\/uploads\/2017\/05\/traduction-azur-traduction.jpg\" class=\"cq-imageoverlay2-img\" \/><div class=\"text-container\"><h3 class=\"cq-imageoverlay2-title\">\u041f\u0418\u0421\u042c\u041c\u0415\u041d\u041d\u042b\u0419 \u041f\u0415\u0420\u0415\u0412\u041e\u0414<\/h3><\/div><div class=\"cq-imageoverlay2-background\"><\/div><\/div><\/a><\/div>[\/vc_column][vc_column width=&#187;1\/2&#8243;]<div class=\"cq-imageoverlay2-container  \" data-elementheight=\"\" data-overlaycolor=\"rgba(0,163,209,0.8)\"  data-image=\"1\" data-titlesize=\"\" data-contentsize=\"\" data-contentcolor=\"#ffffff\" data-overlaystyle=\"customized\" data-elementmargin=\"\"><a href=\"https:\/\/www.azurtraduction.com\/ru\/%d1%83%d1%81%d1%82%d0%bd%d1%8b%d0%b9-%d0%bf%d0%b5%d1%80%d0%b5%d0%b2%d0%be%d0%b4\/\" title=\"\" target=\"\" class=\"cq-imageoverlay2-link\"><div class=\"cq-imageoverlay2\"><img decoding=\"async\" src=\"https:\/\/www.azurtraduction.com\/wp-content\/uploads\/2017\/07\/interpretation-azur-traduction.jpg\" class=\"cq-imageoverlay2-img\" \/><div class=\"text-container\"><h3 class=\"cq-imageoverlay2-title\">\u0423\u0421\u0422\u041d\u042b\u0419 \u041f\u0415\u0420\u0415\u0412\u041e\u0414<\/h3><\/div><div class=\"cq-imageoverlay2-background\"><\/div><\/div><\/a><\/div>[\/vc_column][\/vc_row][vc_row css=&#187;.vc_custom_1497360409246{margin-top: 40px !important;margin-bottom: 50px !important;}&#187;][vc_column width=&#187;1\/4&#8243;][\/vc_column][vc_column width=&#187;1\/2&#8243;][mk_button size=&#187;large&#187; letter_spacing=&#187;2&#8243; icon=&#187;mk-icon-info&#187; url=&#187;https:\/\/www.azurtraduction.com\/ru\/#\u041a\u041e\u041d\u0422\u0410\u041a\u0422\u042b&#187; align=&#187;center&#187; fullwidth=&#187;true&#187; bg_color=&#187;#11c8f4&#8243;]\u0417\u0410\u041f\u0420\u041e\u0421 \u041d\u0410 \u0420\u0410\u0421\u0426\u0415\u041d\u041a\u0418 \/ \u041a\u041e\u041d\u0422\u0410\u041a\u0422\u042b[\/mk_button][\/vc_column][vc_column width=&#187;1\/4&#8243;][\/vc_column][\/vc_row]\n","protected":false},"excerpt":{"rendered":"<p>[vc_row fullwidth=&#187;true&#187;][vc_column][mk_image src=&#187;https:\/\/www.azurtraduction.com\/wp-content\/uploads\/2020\/02\/ms2_0541-formation.jpg&#187; image_size=&#187;full&#187; margin_bottom=&#187;00&#8243;][\/vc_column][\/vc_row][vc_row css=&#187;.vc_custom_1501157937872{padding-top: 50px !important;padding-bottom: 30px !important;}&#187;][vc_column][mk_ornamental_title font_family=&#187;none&#187; font_size=&#187;30&#8243; font_weight=&#187;bold&#187; font_style=&#187;normal&#187; txt_transform=&#187;capitalize&#187; ornament_style=&#187;lemo-single&#187; nss_align=&#187;center&#187; ornament_color=&#187;#000000&#8243; animation=&#187;fade-in&#187;]\u041e\u0431\u0443\u0447\u0435\u043d\u0438\u0435[\/mk_ornamental_title][vc_column_text align=&#187;center&#187; animation=&#187;top-to-bottom&#187;]\u0410\u0433\u0435\u043d\u0442\u0441\u0442\u0432\u043e Azur Traduction \u0442\u0430\u043a\u0436\u0435 \u043f\u0440\u0435\u0434\u043b\u0430\u0433\u0430\u0435\u0442 \u0438\u043d\u0434\u0438\u0432\u0438\u0434\u0443\u0430\u043b\u044c\u043d\u044b\u0435 \u043a\u0443\u0440\u0441\u044b \u043f\u043e \u0443\u043b\u0443\u0447\u0448\u0435\u043d\u0438\u044e \u0437\u043d\u0430\u043d\u0438\u044f \u0444\u0440\u0430\u043d\u0446\u0443\u0437\u0441\u043a\u043e\u0433\u043e \u044f\u0437\u044b\u043a\u0430 (\u043f\u0440\u0430\u0432\u043e\u043f\u0438\u0441\u0430\u043d\u0438\u0435, \u0433\u0440\u0430\u043c\u043c\u0430\u0442\u0438\u043a\u0430, \u0441\u043f\u0440\u044f\u0436\u0435\u043d\u0438\u0435, \u043f\u0438\u0441\u044c\u043c\u043e, \u0441\u0442\u0438\u043b\u044c) \u0434\u043b\u044f \u0447\u0430\u0441\u0442\u043d\u044b\u0445 \u043b\u0438\u0446 \u0438 \u0443\u0437\u043a\u0438\u0445 \u0441\u043f\u0435\u0446\u0438\u0430\u043b\u0438\u0441\u0442\u043e\u0432.[\/vc_column_text][vc_column_text][\/vc_column_text][\/vc_column][\/vc_row][vc_row fullwidth=&#187;true&#187; column_padding=&#187;4&#8243; css=&#187;.vc_custom_1501068724250{margin-bottom: 50px !important;}&#187; id=&#187;services&#187;][vc_column][mk_ornamental_title font_family=&#187;none&#187; font_size=&#187;20&#8243; font_weight=&#187;bold&#187; font_style=&#187;normal&#187; txt_transform=&#187;capitalize&#187; ornament_style=&#187;norman-short-single&#187; [&hellip;]<\/p>\n","protected":false},"author":2,"featured_media":0,"parent":0,"menu_order":0,"comment_status":"closed","ping_status":"closed","template":"","meta":{"_monsterinsights_skip_tracking":false,"_monsterinsights_sitenote_active":false,"_monsterinsights_sitenote_note":"","_monsterinsights_sitenote_category":0,"footnotes":""},"yoast_head":"<!-- This site is optimized with the Yoast SEO plugin v21.9.1 - https:\/\/yoast.com\/wordpress\/plugins\/seo\/ -->\n<title>\u0421\u043e\u0432\u0435\u0440\u0448\u0435\u043d\u0441\u0442\u0432\u043e\u0432\u0430\u043d\u0438\u0435 \u0444\u0440\u0430\u043d\u0446\u0443\u0437\u0441\u043a\u043e\u0433\u043e \u044f\u0437\u044b\u043a\u0430 - \u0418\u043d\u0434\u0438\u0432\u0438\u0434\u0443\u0430\u043b\u044c\u043d\u044b\u0439 \u043f\u043e\u0434\u0445\u043e\u0434<\/title>\n<meta name=\"description\" content=\"\u041a\u0443\u0440\u0441\u044b \u043f\u043e \u0441\u043e\u0432\u0435\u0440\u0448\u0435\u043d\u0441\u0442\u0432\u043e\u0432\u0430\u043d\u0438\u044e \u0444\u0440\u0430\u043d\u0446\u0443\u0437\u0441\u043a\u043e\u0433\u043e \u044f\u0437\u044b\u043a\u0430 - \u0418\u043d\u0434\u0438\u0432\u0438\u0434\u0443\u0430\u043b\u044c\u043d\u044b\u0435 \u043f\u0440\u043e\u0433\u0440\u0430\u043c\u043c\u044b - \u0413\u0440\u0430\u043c\u043c\u0430\u0442\u0438\u043a\u0430 - \u041f\u0440\u0430\u0432\u043e\u043f\u0438\u0441\u0430\u043d\u0438\u0435 - \u0421\u043f\u0440\u044f\u0436\u0435\u043d\u0438\u0435 - \u0418\u0437\u043b\u043e\u0436\u0435\u043d\u0438\u0435 \u0438 \u0441\u0442\u0438\u043b\u044c\" \/>\n<meta name=\"robots\" content=\"index, follow, max-snippet:-1, max-image-preview:large, max-video-preview:-1\" \/>\n<link rel=\"canonical\" href=\"https:\/\/www.azurtraduction.com\/ru\/\u043e\u0431\u0443\u0447\u0435\u043d\u0438\u0435-\u044f\u0437\u044b\u043a\u0430\u043c\/\" \/>\n<meta property=\"og:locale\" content=\"ru_RU\" \/>\n<meta property=\"og:type\" content=\"article\" \/>\n<meta property=\"og:title\" content=\"\u0421\u043e\u0432\u0435\u0440\u0448\u0435\u043d\u0441\u0442\u0432\u043e\u0432\u0430\u043d\u0438\u0435 \u0444\u0440\u0430\u043d\u0446\u0443\u0437\u0441\u043a\u043e\u0433\u043e \u044f\u0437\u044b\u043a\u0430 - \u0418\u043d\u0434\u0438\u0432\u0438\u0434\u0443\u0430\u043b\u044c\u043d\u044b\u0439 \u043f\u043e\u0434\u0445\u043e\u0434\" \/>\n<meta property=\"og:description\" content=\"\u041a\u0443\u0440\u0441\u044b \u043f\u043e \u0441\u043e\u0432\u0435\u0440\u0448\u0435\u043d\u0441\u0442\u0432\u043e\u0432\u0430\u043d\u0438\u044e \u0444\u0440\u0430\u043d\u0446\u0443\u0437\u0441\u043a\u043e\u0433\u043e \u044f\u0437\u044b\u043a\u0430 - \u0418\u043d\u0434\u0438\u0432\u0438\u0434\u0443\u0430\u043b\u044c\u043d\u044b\u0435 \u043f\u0440\u043e\u0433\u0440\u0430\u043c\u043c\u044b - \u0413\u0440\u0430\u043c\u043c\u0430\u0442\u0438\u043a\u0430 - \u041f\u0440\u0430\u0432\u043e\u043f\u0438\u0441\u0430\u043d\u0438\u0435 - \u0421\u043f\u0440\u044f\u0436\u0435\u043d\u0438\u0435 - \u0418\u0437\u043b\u043e\u0436\u0435\u043d\u0438\u0435 \u0438 \u0441\u0442\u0438\u043b\u044c\" \/>\n<meta property=\"og:url\" content=\"https:\/\/www.azurtraduction.com\/ru\/\u043e\u0431\u0443\u0447\u0435\u043d\u0438\u0435-\u044f\u0437\u044b\u043a\u0430\u043c\/\" \/>\n<meta property=\"og:site_name\" content=\"AZUR TRADUCTION, langues europ\u00e9ennes ou plus \u00ab exotiques \u00bb, domaines juridique, technique, immobilier, marketing, communication ou tourisme, interpr\u00e9tation ou cours de langues, votre satisfaction est notre r\u00e9compense.\" \/>\n<meta property=\"article:modified_time\" content=\"2020-03-23T12:46:58+00:00\" \/>\n<meta name=\"twitter:card\" content=\"summary_large_image\" \/>\n<meta name=\"twitter:label1\" content=\"\u041f\u0440\u0438\u043c\u0435\u0440\u043d\u043e\u0435 \u0432\u0440\u0435\u043c\u044f \u0434\u043b\u044f \u0447\u0442\u0435\u043d\u0438\u044f\" \/>\n\t<meta name=\"twitter:data1\" content=\"2 \u043c\u0438\u043d\u0443\u0442\u044b\" \/>\n<script type=\"application\/ld+json\" class=\"yoast-schema-graph\">{\"@context\":\"https:\/\/schema.org\",\"@graph\":[{\"@type\":\"WebPage\",\"@id\":\"https:\/\/www.azurtraduction.com\/ru\/%d0%be%d0%b1%d1%83%d1%87%d0%b5%d0%bd%d0%b8%d0%b5-%d1%8f%d0%b7%d1%8b%d0%ba%d0%b0%d0%bc\/\",\"url\":\"https:\/\/www.azurtraduction.com\/ru\/%d0%be%d0%b1%d1%83%d1%87%d0%b5%d0%bd%d0%b8%d0%b5-%d1%8f%d0%b7%d1%8b%d0%ba%d0%b0%d0%bc\/\",\"name\":\"\u0421\u043e\u0432\u0435\u0440\u0448\u0435\u043d\u0441\u0442\u0432\u043e\u0432\u0430\u043d\u0438\u0435 \u0444\u0440\u0430\u043d\u0446\u0443\u0437\u0441\u043a\u043e\u0433\u043e \u044f\u0437\u044b\u043a\u0430 - \u0418\u043d\u0434\u0438\u0432\u0438\u0434\u0443\u0430\u043b\u044c\u043d\u044b\u0439 \u043f\u043e\u0434\u0445\u043e\u0434\",\"isPartOf\":{\"@id\":\"https:\/\/www.azurtraduction.com\/#website\"},\"datePublished\":\"2017-06-11T15:31:11+00:00\",\"dateModified\":\"2020-03-23T12:46:58+00:00\",\"description\":\"\u041a\u0443\u0440\u0441\u044b \u043f\u043e \u0441\u043e\u0432\u0435\u0440\u0448\u0435\u043d\u0441\u0442\u0432\u043e\u0432\u0430\u043d\u0438\u044e \u0444\u0440\u0430\u043d\u0446\u0443\u0437\u0441\u043a\u043e\u0433\u043e \u044f\u0437\u044b\u043a\u0430 - \u0418\u043d\u0434\u0438\u0432\u0438\u0434\u0443\u0430\u043b\u044c\u043d\u044b\u0435 \u043f\u0440\u043e\u0433\u0440\u0430\u043c\u043c\u044b - \u0413\u0440\u0430\u043c\u043c\u0430\u0442\u0438\u043a\u0430 - \u041f\u0440\u0430\u0432\u043e\u043f\u0438\u0441\u0430\u043d\u0438\u0435 - \u0421\u043f\u0440\u044f\u0436\u0435\u043d\u0438\u0435 - \u0418\u0437\u043b\u043e\u0436\u0435\u043d\u0438\u0435 \u0438 \u0441\u0442\u0438\u043b\u044c\",\"breadcrumb\":{\"@id\":\"https:\/\/www.azurtraduction.com\/ru\/%d0%be%d0%b1%d1%83%d1%87%d0%b5%d0%bd%d0%b8%d0%b5-%d1%8f%d0%b7%d1%8b%d0%ba%d0%b0%d0%bc\/#breadcrumb\"},\"inLanguage\":\"ru-RU\",\"potentialAction\":[{\"@type\":\"ReadAction\",\"target\":[\"https:\/\/www.azurtraduction.com\/ru\/%d0%be%d0%b1%d1%83%d1%87%d0%b5%d0%bd%d0%b8%d0%b5-%d1%8f%d0%b7%d1%8b%d0%ba%d0%b0%d0%bc\/\"]}]},{\"@type\":\"BreadcrumbList\",\"@id\":\"https:\/\/www.azurtraduction.com\/ru\/%d0%be%d0%b1%d1%83%d1%87%d0%b5%d0%bd%d0%b8%d0%b5-%d1%8f%d0%b7%d1%8b%d0%ba%d0%b0%d0%bc\/#breadcrumb\",\"itemListElement\":[{\"@type\":\"ListItem\",\"position\":1,\"name\":\"Home\",\"item\":\"https:\/\/www.azurtraduction.com\/ru\/\"},{\"@type\":\"ListItem\",\"position\":2,\"name\":\"\u041e\u0431\u0443\u0447\u0435\u043d\u0438\u0435\"}]},{\"@type\":\"WebSite\",\"@id\":\"https:\/\/www.azurtraduction.com\/#website\",\"url\":\"https:\/\/www.azurtraduction.com\/\",\"name\":\"AZUR TRADUCTION, langues europ\u00e9ennes ou plus \u00ab exotiques \u00bb, domaines juridique, technique, immobilier, marketing, communication ou tourisme, interpr\u00e9tation ou cours de langues, votre satisfaction est notre r\u00e9compense.\",\"description\":\"AZUR TRADUCTION, langues europ\u00e9ennes ou plus \u00ab exotiques \u00bb, domaines juridique, technique, immobilier, marketing, communication ou tourisme, interpr\u00e9tation ou cours de langues, votre satisfaction est notre r\u00e9compense.\",\"potentialAction\":[{\"@type\":\"SearchAction\",\"target\":{\"@type\":\"EntryPoint\",\"urlTemplate\":\"https:\/\/www.azurtraduction.com\/?s={search_term_string}\"},\"query-input\":\"required name=search_term_string\"}],\"inLanguage\":\"ru-RU\"}]}<\/script>\n<!-- \/ Yoast SEO plugin. -->","yoast_head_json":{"title":"\u0421\u043e\u0432\u0435\u0440\u0448\u0435\u043d\u0441\u0442\u0432\u043e\u0432\u0430\u043d\u0438\u0435 \u0444\u0440\u0430\u043d\u0446\u0443\u0437\u0441\u043a\u043e\u0433\u043e \u044f\u0437\u044b\u043a\u0430 - \u0418\u043d\u0434\u0438\u0432\u0438\u0434\u0443\u0430\u043b\u044c\u043d\u044b\u0439 \u043f\u043e\u0434\u0445\u043e\u0434","description":"\u041a\u0443\u0440\u0441\u044b \u043f\u043e \u0441\u043e\u0432\u0435\u0440\u0448\u0435\u043d\u0441\u0442\u0432\u043e\u0432\u0430\u043d\u0438\u044e \u0444\u0440\u0430\u043d\u0446\u0443\u0437\u0441\u043a\u043e\u0433\u043e \u044f\u0437\u044b\u043a\u0430 - \u0418\u043d\u0434\u0438\u0432\u0438\u0434\u0443\u0430\u043b\u044c\u043d\u044b\u0435 \u043f\u0440\u043e\u0433\u0440\u0430\u043c\u043c\u044b - \u0413\u0440\u0430\u043c\u043c\u0430\u0442\u0438\u043a\u0430 - \u041f\u0440\u0430\u0432\u043e\u043f\u0438\u0441\u0430\u043d\u0438\u0435 - \u0421\u043f\u0440\u044f\u0436\u0435\u043d\u0438\u0435 - \u0418\u0437\u043b\u043e\u0436\u0435\u043d\u0438\u0435 \u0438 \u0441\u0442\u0438\u043b\u044c","robots":{"index":"index","follow":"follow","max-snippet":"max-snippet:-1","max-image-preview":"max-image-preview:large","max-video-preview":"max-video-preview:-1"},"canonical":"https:\/\/www.azurtraduction.com\/ru\/\u043e\u0431\u0443\u0447\u0435\u043d\u0438\u0435-\u044f\u0437\u044b\u043a\u0430\u043c\/","og_locale":"ru_RU","og_type":"article","og_title":"\u0421\u043e\u0432\u0435\u0440\u0448\u0435\u043d\u0441\u0442\u0432\u043e\u0432\u0430\u043d\u0438\u0435 \u0444\u0440\u0430\u043d\u0446\u0443\u0437\u0441\u043a\u043e\u0433\u043e \u044f\u0437\u044b\u043a\u0430 - \u0418\u043d\u0434\u0438\u0432\u0438\u0434\u0443\u0430\u043b\u044c\u043d\u044b\u0439 \u043f\u043e\u0434\u0445\u043e\u0434","og_description":"\u041a\u0443\u0440\u0441\u044b \u043f\u043e \u0441\u043e\u0432\u0435\u0440\u0448\u0435\u043d\u0441\u0442\u0432\u043e\u0432\u0430\u043d\u0438\u044e \u0444\u0440\u0430\u043d\u0446\u0443\u0437\u0441\u043a\u043e\u0433\u043e \u044f\u0437\u044b\u043a\u0430 - \u0418\u043d\u0434\u0438\u0432\u0438\u0434\u0443\u0430\u043b\u044c\u043d\u044b\u0435 \u043f\u0440\u043e\u0433\u0440\u0430\u043c\u043c\u044b - \u0413\u0440\u0430\u043c\u043c\u0430\u0442\u0438\u043a\u0430 - \u041f\u0440\u0430\u0432\u043e\u043f\u0438\u0441\u0430\u043d\u0438\u0435 - \u0421\u043f\u0440\u044f\u0436\u0435\u043d\u0438\u0435 - \u0418\u0437\u043b\u043e\u0436\u0435\u043d\u0438\u0435 \u0438 \u0441\u0442\u0438\u043b\u044c","og_url":"https:\/\/www.azurtraduction.com\/ru\/\u043e\u0431\u0443\u0447\u0435\u043d\u0438\u0435-\u044f\u0437\u044b\u043a\u0430\u043c\/","og_site_name":"AZUR TRADUCTION, langues europ\u00e9ennes ou plus \u00ab exotiques \u00bb, domaines juridique, technique, immobilier, marketing, communication ou tourisme, interpr\u00e9tation ou cours de langues, votre satisfaction est notre r\u00e9compense.","article_modified_time":"2020-03-23T12:46:58+00:00","twitter_card":"summary_large_image","twitter_misc":{"\u041f\u0440\u0438\u043c\u0435\u0440\u043d\u043e\u0435 \u0432\u0440\u0435\u043c\u044f \u0434\u043b\u044f \u0447\u0442\u0435\u043d\u0438\u044f":"2 \u043c\u0438\u043d\u0443\u0442\u044b"},"schema":{"@context":"https:\/\/schema.org","@graph":[{"@type":"WebPage","@id":"https:\/\/www.azurtraduction.com\/ru\/%d0%be%d0%b1%d1%83%d1%87%d0%b5%d0%bd%d0%b8%d0%b5-%d1%8f%d0%b7%d1%8b%d0%ba%d0%b0%d0%bc\/","url":"https:\/\/www.azurtraduction.com\/ru\/%d0%be%d0%b1%d1%83%d1%87%d0%b5%d0%bd%d0%b8%d0%b5-%d1%8f%d0%b7%d1%8b%d0%ba%d0%b0%d0%bc\/","name":"\u0421\u043e\u0432\u0435\u0440\u0448\u0435\u043d\u0441\u0442\u0432\u043e\u0432\u0430\u043d\u0438\u0435 \u0444\u0440\u0430\u043d\u0446\u0443\u0437\u0441\u043a\u043e\u0433\u043e \u044f\u0437\u044b\u043a\u0430 - \u0418\u043d\u0434\u0438\u0432\u0438\u0434\u0443\u0430\u043b\u044c\u043d\u044b\u0439 \u043f\u043e\u0434\u0445\u043e\u0434","isPartOf":{"@id":"https:\/\/www.azurtraduction.com\/#website"},"datePublished":"2017-06-11T15:31:11+00:00","dateModified":"2020-03-23T12:46:58+00:00","description":"\u041a\u0443\u0440\u0441\u044b \u043f\u043e \u0441\u043e\u0432\u0435\u0440\u0448\u0435\u043d\u0441\u0442\u0432\u043e\u0432\u0430\u043d\u0438\u044e \u0444\u0440\u0430\u043d\u0446\u0443\u0437\u0441\u043a\u043e\u0433\u043e \u044f\u0437\u044b\u043a\u0430 - \u0418\u043d\u0434\u0438\u0432\u0438\u0434\u0443\u0430\u043b\u044c\u043d\u044b\u0435 \u043f\u0440\u043e\u0433\u0440\u0430\u043c\u043c\u044b - \u0413\u0440\u0430\u043c\u043c\u0430\u0442\u0438\u043a\u0430 - \u041f\u0440\u0430\u0432\u043e\u043f\u0438\u0441\u0430\u043d\u0438\u0435 - \u0421\u043f\u0440\u044f\u0436\u0435\u043d\u0438\u0435 - \u0418\u0437\u043b\u043e\u0436\u0435\u043d\u0438\u0435 \u0438 \u0441\u0442\u0438\u043b\u044c","breadcrumb":{"@id":"https:\/\/www.azurtraduction.com\/ru\/%d0%be%d0%b1%d1%83%d1%87%d0%b5%d0%bd%d0%b8%d0%b5-%d1%8f%d0%b7%d1%8b%d0%ba%d0%b0%d0%bc\/#breadcrumb"},"inLanguage":"ru-RU","potentialAction":[{"@type":"ReadAction","target":["https:\/\/www.azurtraduction.com\/ru\/%d0%be%d0%b1%d1%83%d1%87%d0%b5%d0%bd%d0%b8%d0%b5-%d1%8f%d0%b7%d1%8b%d0%ba%d0%b0%d0%bc\/"]}]},{"@type":"BreadcrumbList","@id":"https:\/\/www.azurtraduction.com\/ru\/%d0%be%d0%b1%d1%83%d1%87%d0%b5%d0%bd%d0%b8%d0%b5-%d1%8f%d0%b7%d1%8b%d0%ba%d0%b0%d0%bc\/#breadcrumb","itemListElement":[{"@type":"ListItem","position":1,"name":"Home","item":"https:\/\/www.azurtraduction.com\/ru\/"},{"@type":"ListItem","position":2,"name":"\u041e\u0431\u0443\u0447\u0435\u043d\u0438\u0435"}]},{"@type":"WebSite","@id":"https:\/\/www.azurtraduction.com\/#website","url":"https:\/\/www.azurtraduction.com\/","name":"AZUR TRADUCTION, langues europ\u00e9ennes ou plus \u00ab exotiques \u00bb, domaines juridique, technique, immobilier, marketing, communication ou tourisme, interpr\u00e9tation ou cours de langues, votre satisfaction est notre r\u00e9compense.","description":"AZUR TRADUCTION, langues europ\u00e9ennes ou plus \u00ab exotiques \u00bb, domaines juridique, technique, immobilier, marketing, communication ou tourisme, interpr\u00e9tation ou cours de langues, votre satisfaction est notre r\u00e9compense.","potentialAction":[{"@type":"SearchAction","target":{"@type":"EntryPoint","urlTemplate":"https:\/\/www.azurtraduction.com\/?s={search_term_string}"},"query-input":"required name=search_term_string"}],"inLanguage":"ru-RU"}]}},"_links":{"self":[{"href":"https:\/\/www.azurtraduction.com\/ru\/wp-json\/wp\/v2\/pages\/922"}],"collection":[{"href":"https:\/\/www.azurtraduction.com\/ru\/wp-json\/wp\/v2\/pages"}],"about":[{"href":"https:\/\/www.azurtraduction.com\/ru\/wp-json\/wp\/v2\/types\/page"}],"author":[{"embeddable":true,"href":"https:\/\/www.azurtraduction.com\/ru\/wp-json\/wp\/v2\/users\/2"}],"replies":[{"embeddable":true,"href":"https:\/\/www.azurtraduction.com\/ru\/wp-json\/wp\/v2\/comments?post=922"}],"version-history":[{"count":9,"href":"https:\/\/www.azurtraduction.com\/ru\/wp-json\/wp\/v2\/pages\/922\/revisions"}],"predecessor-version":[{"id":1678,"href":"https:\/\/www.azurtraduction.com\/ru\/wp-json\/wp\/v2\/pages\/922\/revisions\/1678"}],"wp:attachment":[{"href":"https:\/\/www.azurtraduction.com\/ru\/wp-json\/wp\/v2\/media?parent=922"}],"curies":[{"name":"wp","href":"https:\/\/api.w.org\/{rel}","templated":true}]}}